{"id":4944309,"date":"2023-01-15T15:34:21","date_gmt":"2023-01-15T13:34:21","guid":{"rendered":"https:\/\/dev.visitparnu.com\/vaatamisvaarsused\/"},"modified":"2023-10-18T14:08:30","modified_gmt":"2023-10-18T12:08:30","slug":"%d0%b4%d0%be%d1%81%d1%82%d0%be%d0%bf%d1%80%d0%b8%d0%bc%d0%b5%d1%87%d0%b0%d1%82%d0%b5%d0%bb%d1%8c%d0%bd%d0%be%d1%81%d1%82%d0%b8","status":"publish","type":"page","link":"https:\/\/dev.visitparnu.com\/ru\/%D0%B4%D0%BE%D1%81%D1%82%D0%BE%D0%BF%D1%80%D0%B8%D0%BC%D0%B5%D1%87%D0%B0%D1%82%D0%B5%D0%BB%D1%8C%D0%BD%D0%BE%D1%81%D1%82%D0%B8\/","title":{"rendered":"\u0414\u043e\u0441\u0442\u043e\u043f\u0440\u0438\u043c\u0435\u0447\u0430\u0442\u0435\u043b\u044c\u043d\u043e\u0441\u0442\u0438"},"content":{"rendered":"\t\t<div data-elementor-type=\"wp-page\" data-elementor-id=\"4944309\" class=\"elementor elementor-4944309 elementor-4944300\" data-elementor-post-type=\"page\">\n\t\t\t\t<div class=\"elementor-element elementor-element-f56a3ec e-con-full e-flex e-con e-parent\" data-id=\"f56a3ec\" data-element_type=\"container\">\n\t\t\t\t<div class=\"elementor-element elementor-element-9f0f550 elementor-widget elementor-widget-shortcode\" data-id=\"9f0f550\" data-element_type=\"widget\" data-widget_type=\"shortcode.default\">\n\t\t\t\t\t\t\t<div class=\"elementor-shortcode\"><div class=\"page-content-list shortcode-instance\" data-vp-cookie-conf=\"{&quot;post_id_set&quot;:{&quot;name&quot;:&quot;vp_fav_set&quot;,&quot;separator&quot;:&quot;|&quot;,&quot;ttl&quot;:315360000},&quot;hash&quot;:{&quot;name&quot;:&quot;vp_fav_hash&quot;,&quot;ttl&quot;:315360000}}\" data-vp-object-type=\"remote_object_ve\" data-scid=\"92df660042\"><div class=\"obj-grid-header-wrapper\"><div class=\"obj-filter\" data-filter-param-set='{\"sectionId\":36,\"categorySet\":[],\"filter\":[],\"object_type\":\"remote_object_ve\",\"hide-filter\":false,\"hide-total\":false,\"hide-footer\":false,\"section\":\"sights\",\"category\":\"\",\"event_range\":\"\",\"posts_per_page\":12,\"option\":\"\",\"accessory\":\"\",\"page\":1}'><a aria-label=\"Open filter\" href=\"#\" class=\"open-filters-button global-btn\"><i class=\"fa-light fa-filter-list\"><\/i>Open filter<\/a><\/div><div class=\"filter-modal\"><div class=\"close-modal\"><img decoding=\"async\" alt=\"filter close\" src=\"https:\/\/dev.visitparnu.com\/wp-content\/themes\/VisitParnu2023\/assets\/filter-close.svg\" \/><\/div><div class=\"filter-modal-content\"><h2>Filter<\/h2><a href=\"#\" class=\"close-filters-button global-btn\"> Apply filters<\/a><a class=\"remove-all-filters\" href=\"#\">Filter<\/a><div class=\"modal-column\"><div class=\"filter-group\" data-filter-section=\"type\"><h3><\/h3><div class=\"filter-item\" data-filter-key=\"yldine_kultuurjaajalugu_elavmuusika\"><\/div><div class=\"filter-item\" data-filter-key=\"yldine_kultuurjaajalugu_arhitektuurjaajalugu\"><\/div><div class=\"filter-item\" data-filter-key=\"yldine_kultuurjaajalugu_muuseum\"><\/div><div class=\"filter-item\" data-filter-key=\"yldine_kultuurjaajalugu_kunstikasitooopitoad\"><\/div><div class=\"filter-item\" data-filter-key=\"yldine_kultuurjaajalugu_atraktsioonidjategevused\"><\/div><div class=\"filter-item\" data-filter-key=\"yldine_kultuurjaajalugu_kohalikpood\"><\/div><div class=\"filter-item\" data-filter-key=\"yldine_kategooria_kultuur\"><\/div><\/div><\/div><\/div><\/div><div class=\"active-filters\"><a href=\"#\" class=\"remove-filters\">Filter<\/a><\/div><\/div><div class=\"grid-total-info\">In total: <div>315<\/div><\/div><div class=\"obj-grid\" data-rowcnt=\"4\" data-rowcntmbl=\"1\" data-object-count-per-load=\"12\" data-all-loaded=\"0\"><a href=\"https:\/\/dev.visitparnu.com\/objekt\/lottemaa-theme-park-the-largest-family-theme-park-in-estonia\/\" class=\"obj-grid-item\" data-iteration=\"1\" data-post_id=\"5068562\" data-post_type=\"remote_object_ve\"><div class=\"add-to-fav\"><\/div><div class=\"obj-grid-item-img-container image-wrap\"><div class=\"img-black-overlay\"><\/div><\/div><div class=\"obj-grid-item-container\"><h2>Lottemaa Theme Park - the largest family theme park in Estonia!<\/h2><div class=\"meta-info\"><\/div><\/div><\/a><a href=\"https:\/\/dev.visitparnu.com\/objekt\/kunstnikule-kulla-tiina-ojaste-kodune-maaligalerii-3\/\" class=\"obj-grid-item\" data-iteration=\"2\" data-post_id=\"5068914\" data-post_type=\"remote_object_ve\"><div class=\"add-to-fav\"><\/div><div class=\"obj-grid-item-img-container image-wrap\"><div class=\"img-black-overlay\"><\/div><\/div><div class=\"obj-grid-item-container\"><h2>Kunstnikule k\u00fclla! Tiina Ojaste kodune maaligalerii<\/h2><div class=\"meta-info\"><\/div><\/div><\/a><a href=\"https:\/\/dev.visitparnu.com\/objekt\/looduse-loodu-joonistamise-opituba-tiina-ojaste-kodugaleriis-2\/\" class=\"obj-grid-item\" data-iteration=\"3\" data-post_id=\"5068919\" data-post_type=\"remote_object_ve\"><div class=\"add-to-fav\"><\/div><div class=\"obj-grid-item-img-container image-wrap\"><div class=\"img-black-overlay\"><\/div><\/div><div class=\"obj-grid-item-container\"><h2>Looduse loodu - joonistamise \u00f5pituba Tiina Ojaste kodugaleriis<\/h2><div class=\"meta-info\"><\/div><\/div><\/a><a href=\"https:\/\/dev.visitparnu.com\/objekt\/the-farm-museum-of-c-r-jakobson-at-kurgja\/\" class=\"obj-grid-item\" data-iteration=\"4\" data-post_id=\"5068196\" data-post_type=\"remote_object_ve\"><div class=\"add-to-fav\"><\/div><div class=\"obj-grid-item-img-container image-wrap\"><div class=\"img-black-overlay\"><\/div><\/div><div class=\"obj-grid-item-container\"><h2>The Farm Museum of C. R. Jakobson at Kurgja<\/h2><div class=\"meta-info\"><\/div><\/div><\/a><a href=\"https:\/\/dev.visitparnu.com\/objekt\/cocoloco-karaoke-bar\/\" class=\"obj-grid-item\" data-iteration=\"5\" data-post_id=\"5068597\" data-post_type=\"remote_object_ve\"><div class=\"add-to-fav\"><\/div><div class=\"obj-grid-item-img-container image-wrap\"><div class=\"img-black-overlay\"><\/div><\/div><div class=\"obj-grid-item-container\"><h2>CocoLoco karaoke bar<\/h2><div class=\"meta-info\"><\/div><\/div><\/a><a href=\"https:\/\/dev.visitparnu.com\/objekt\/installaarium-tiina-ojaste-installatsioonide-ouegalerii-2\/\" class=\"obj-grid-item\" data-iteration=\"6\" data-post_id=\"5068909\" data-post_type=\"remote_object_ve\"><div class=\"add-to-fav\"><\/div><div class=\"obj-grid-item-img-container image-wrap\"><div class=\"img-black-overlay\"><\/div><\/div><div class=\"obj-grid-item-container\"><h2>INSTALLAARIUM -Tiina Ojaste installatsioonide \u00f5uegalerii<\/h2><div class=\"meta-info\"><\/div><\/div><\/a><a href=\"https:\/\/dev.visitparnu.com\/objekt\/tiina-ojaste-kivi-installatsioonide-ouegalerii-ja-lohukivi-loomise-tootuba-2\/\" class=\"obj-grid-item\" data-iteration=\"7\" data-post_id=\"5068924\" data-post_type=\"remote_object_ve\"><div class=\"add-to-fav\"><\/div><div class=\"obj-grid-item-img-container image-wrap\"><div class=\"img-black-overlay\"><\/div><\/div><div class=\"obj-grid-item-container\"><h2>Tiina Ojaste kivi-installatsioonide \u00f5uegalerii ja lohukivi loomise t\u00f6\u00f6tuba<\/h2><div class=\"meta-info\"><\/div><\/div><\/a><a href=\"https:\/\/dev.visitparnu.com\/objekt\/parnu-centre\/\" class=\"obj-grid-item\" data-iteration=\"8\" data-post_id=\"5068317\" data-post_type=\"remote_object_ve\"><div class=\"add-to-fav\"><\/div><div class=\"obj-grid-item-img-container image-wrap\"><div class=\"img-black-overlay\"><\/div><\/div><div class=\"obj-grid-item-container\"><h2>P\u00e4rnu Centre<\/h2><div class=\"meta-info\"><\/div><\/div><\/a><a href=\"https:\/\/dev.visitparnu.com\/objekt\/guided-tour-of-the-parnu-county-in-the-direction-of-riga\/\" class=\"obj-grid-item\" data-iteration=\"9\" data-post_id=\"5068487\" data-post_type=\"remote_object_ve\"><div class=\"add-to-fav\"><\/div><div class=\"obj-grid-item-img-container image-wrap\"><div class=\"img-black-overlay\"><\/div><\/div><div class=\"obj-grid-item-container\"><h2>Guided tour of the P\u00e4rnu County in the direction of Riga<\/h2><div class=\"meta-info\"><\/div><\/div><\/a><a href=\"https:\/\/dev.visitparnu.com\/objekt\/kihnu-jonn-alias-enn-uuetoa-memorial\/\" class=\"obj-grid-item\" data-iteration=\"10\" data-post_id=\"5068537\" data-post_type=\"remote_object_ve\"><div class=\"add-to-fav\"><\/div><div class=\"obj-grid-item-img-container image-wrap\"><div class=\"img-black-overlay\"><\/div><\/div><div class=\"obj-grid-item-container\"><h2>Kihnu J\u00f5nn alias Enn Uuetoa memorial<\/h2><div class=\"meta-info\"><\/div><\/div><\/a><a href=\"https:\/\/dev.visitparnu.com\/objekt\/lohu-shop-on-the-island-of-kihnu\/\" class=\"obj-grid-item\" data-iteration=\"11\" data-post_id=\"5068542\" data-post_type=\"remote_object_ve\"><div class=\"add-to-fav\"><\/div><div class=\"obj-grid-item-img-container image-wrap\"><div class=\"img-black-overlay\"><\/div><\/div><div class=\"obj-grid-item-container\"><h2>Lohu shop on the island of Kihnu<\/h2><div class=\"meta-info\"><\/div><\/div><\/a><a href=\"https:\/\/dev.visitparnu.com\/objekt\/tori-st-georges-lutheran-church\/\" class=\"obj-grid-item\" data-iteration=\"12\" data-post_id=\"5068337\" data-post_type=\"remote_object_ve\"><div class=\"add-to-fav\"><\/div><div class=\"obj-grid-item-img-container image-wrap\"><div class=\"img-black-overlay\"><\/div><\/div><div class=\"obj-grid-item-container\"><h2>Tori St George\u2019s Lutheran Church<\/h2><div class=\"meta-info\"><\/div><\/div><\/a><img decoding=\"async\" alt=\"loading\" class=\"obj-grid-loading\" src=\"https:\/\/dev.visitparnu.com\/wp-content\/themes\/VisitParnu2023\/assets\/loading.gif\" \/><\/div><div class=\"obj-grid-footer\"><div class=\"\"><\/div><a href=\"#\" class=\"global-btn load-more-button\">Show more (<div>303<\/div>)<\/a><\/div><\/div><\/div>\n\t\t\t\t\t\t<\/div>\n\t\t\t\t<\/div>\n\t\t\t\t<\/div>\n\t\t","protected":false},"excerpt":{"rendered":"","protected":false},"author":1,"featured_media":4985768,"parent":0,"menu_order":0,"comment_status":"closed","ping_status":"closed","template":"","meta":{"_acf_changed":false,"footnotes":""},"class_list":["post-4944309","page","type-page","status-publish","has-post-thumbnail","hentry"],"acf":[],"yoast_head":"<!-- This site is optimized with the Yoast SEO plugin v26.5 - https:\/\/yoast.com\/wordpress\/plugins\/seo\/ -->\n<title>\u0414\u043e\u0441\u0442\u043e\u043f\u0440\u0438\u043c\u0435\u0447\u0430\u0442\u0435\u043b\u044c\u043d\u043e\u0441\u0442\u0438 - Visit P\u00e4rnu<\/title>\n<meta name=\"robots\" content=\"noindex, follow, max-snippet:-1, max-image-preview:large, max-video-preview:-1\" \/>\n<meta property=\"og:locale\" content=\"ru_RU\" \/>\n<meta property=\"og:type\" content=\"article\" \/>\n<meta property=\"og:title\" content=\"\u0414\u043e\u0441\u0442\u043e\u043f\u0440\u0438\u043c\u0435\u0447\u0430\u0442\u0435\u043b\u044c\u043d\u043e\u0441\u0442\u0438 - Visit P\u00e4rnu\" \/>\n<meta property=\"og:url\" content=\"https:\/\/dev.visitparnu.com\/ru\/%D0%B4%D0%BE%D1%81%D1%82%D0%BE%D0%BF%D1%80%D0%B8%D0%BC%D0%B5%D1%87%D0%B0%D1%82%D0%B5%D0%BB%D1%8C%D0%BD%D0%BE%D1%81%D1%82%D0%B8\/\" \/>\n<meta property=\"og:site_name\" content=\"Visit P\u00e4rnu\" \/>\n<meta property=\"article:publisher\" content=\"https:\/\/www.facebook.com\/visitparnuEE\/\" \/>\n<meta property=\"article:modified_time\" content=\"2023-10-18T12:08:30+00:00\" \/>\n<meta property=\"og:image\" content=\"https:\/\/dev.visitparnu.com\/wp-content\/uploads\/2023\/10\/Parnu_vaatamisvaarsused.jpg\" \/>\n\t<meta property=\"og:image:width\" content=\"2047\" \/>\n\t<meta property=\"og:image:height\" content=\"1364\" \/>\n\t<meta property=\"og:image:type\" content=\"image\/jpeg\" \/>\n<meta name=\"twitter:card\" content=\"summary_large_image\" \/>\n<meta name=\"twitter:label1\" content=\"\u041f\u0440\u0438\u043c\u0435\u0440\u043d\u043e\u0435 \u0432\u0440\u0435\u043c\u044f \u0434\u043b\u044f \u0447\u0442\u0435\u043d\u0438\u044f\" \/>\n\t<meta name=\"twitter:data1\" content=\"1 \u043c\u0438\u043d\u0443\u0442\u0430\" \/>\n<script type=\"application\/ld+json\" class=\"yoast-schema-graph\">{\"@context\":\"https:\/\/schema.org\",\"@graph\":[{\"@type\":\"WebPage\",\"@id\":\"https:\/\/dev.visitparnu.com\/ru\/%D0%B4%D0%BE%D1%81%D1%82%D0%BE%D0%BF%D1%80%D0%B8%D0%BC%D0%B5%D1%87%D0%B0%D1%82%D0%B5%D0%BB%D1%8C%D0%BD%D0%BE%D1%81%D1%82%D0%B8\/\",\"url\":\"https:\/\/dev.visitparnu.com\/ru\/%D0%B4%D0%BE%D1%81%D1%82%D0%BE%D0%BF%D1%80%D0%B8%D0%BC%D0%B5%D1%87%D0%B0%D1%82%D0%B5%D0%BB%D1%8C%D0%BD%D0%BE%D1%81%D1%82%D0%B8\/\",\"name\":\"\u0414\u043e\u0441\u0442\u043e\u043f\u0440\u0438\u043c\u0435\u0447\u0430\u0442\u0435\u043b\u044c\u043d\u043e\u0441\u0442\u0438 - Visit P\u00e4rnu\",\"isPartOf\":{\"@id\":\"https:\/\/dev.visitparnu.com\/ru\/#website\"},\"primaryImageOfPage\":{\"@id\":\"https:\/\/dev.visitparnu.com\/ru\/%D0%B4%D0%BE%D1%81%D1%82%D0%BE%D0%BF%D1%80%D0%B8%D0%BC%D0%B5%D1%87%D0%B0%D1%82%D0%B5%D0%BB%D1%8C%D0%BD%D0%BE%D1%81%D1%82%D0%B8\/#primaryimage\"},\"image\":{\"@id\":\"https:\/\/dev.visitparnu.com\/ru\/%D0%B4%D0%BE%D1%81%D1%82%D0%BE%D0%BF%D1%80%D0%B8%D0%BC%D0%B5%D1%87%D0%B0%D1%82%D0%B5%D0%BB%D1%8C%D0%BD%D0%BE%D1%81%D1%82%D0%B8\/#primaryimage\"},\"thumbnailUrl\":\"https:\/\/dev.visitparnu.com\/wp-content\/uploads\/2023\/10\/Parnu_vaatamisvaarsused.jpg\",\"datePublished\":\"2023-01-15T13:34:21+00:00\",\"dateModified\":\"2023-10-18T12:08:30+00:00\",\"breadcrumb\":{\"@id\":\"https:\/\/dev.visitparnu.com\/ru\/%D0%B4%D0%BE%D1%81%D1%82%D0%BE%D0%BF%D1%80%D0%B8%D0%BC%D0%B5%D1%87%D0%B0%D1%82%D0%B5%D0%BB%D1%8C%D0%BD%D0%BE%D1%81%D1%82%D0%B8\/#breadcrumb\"},\"inLanguage\":\"ru-RU\",\"potentialAction\":[{\"@type\":\"ReadAction\",\"target\":[\"https:\/\/dev.visitparnu.com\/ru\/%D0%B4%D0%BE%D1%81%D1%82%D0%BE%D0%BF%D1%80%D0%B8%D0%BC%D0%B5%D1%87%D0%B0%D1%82%D0%B5%D0%BB%D1%8C%D0%BD%D0%BE%D1%81%D1%82%D0%B8\/\"]}]},{\"@type\":\"ImageObject\",\"inLanguage\":\"ru-RU\",\"@id\":\"https:\/\/dev.visitparnu.com\/ru\/%D0%B4%D0%BE%D1%81%D1%82%D0%BE%D0%BF%D1%80%D0%B8%D0%BC%D0%B5%D1%87%D0%B0%D1%82%D0%B5%D0%BB%D1%8C%D0%BD%D0%BE%D1%81%D1%82%D0%B8\/#primaryimage\",\"url\":\"https:\/\/dev.visitparnu.com\/wp-content\/uploads\/2023\/10\/Parnu_vaatamisvaarsused.jpg\",\"contentUrl\":\"https:\/\/dev.visitparnu.com\/wp-content\/uploads\/2023\/10\/Parnu_vaatamisvaarsused.jpg\",\"width\":2047,\"height\":1364},{\"@type\":\"BreadcrumbList\",\"@id\":\"https:\/\/dev.visitparnu.com\/ru\/%D0%B4%D0%BE%D1%81%D1%82%D0%BE%D0%BF%D1%80%D0%B8%D0%BC%D0%B5%D1%87%D0%B0%D1%82%D0%B5%D0%BB%D1%8C%D0%BD%D0%BE%D1%81%D1%82%D0%B8\/#breadcrumb\",\"itemListElement\":[{\"@type\":\"ListItem\",\"position\":1,\"name\":\"\",\"item\":\"https:\/\/dev.visitparnu.com\/ru\/avaleht\/\"},{\"@type\":\"ListItem\",\"position\":2,\"name\":\"\u0414\u043e\u0441\u0442\u043e\u043f\u0440\u0438\u043c\u0435\u0447\u0430\u0442\u0435\u043b\u044c\u043d\u043e\u0441\u0442\u0438\"}]},{\"@type\":\"WebSite\",\"@id\":\"https:\/\/dev.visitparnu.com\/ru\/#website\",\"url\":\"https:\/\/dev.visitparnu.com\/ru\/\",\"name\":\"Visit P\u00e4rnu\",\"description\":\"\",\"publisher\":{\"@id\":\"https:\/\/dev.visitparnu.com\/ru\/#organization\"},\"potentialAction\":[{\"@type\":\"SearchAction\",\"target\":{\"@type\":\"EntryPoint\",\"urlTemplate\":\"https:\/\/dev.visitparnu.com\/ru\/?s={search_term_string}\"},\"query-input\":{\"@type\":\"PropertyValueSpecification\",\"valueRequired\":true,\"valueName\":\"search_term_string\"}}],\"inLanguage\":\"ru-RU\"},{\"@type\":\"Organization\",\"@id\":\"https:\/\/dev.visitparnu.com\/ru\/#organization\",\"name\":\"Visit P\u00e4rnu\",\"url\":\"https:\/\/dev.visitparnu.com\/ru\/\",\"logo\":{\"@type\":\"ImageObject\",\"inLanguage\":\"ru-RU\",\"@id\":\"https:\/\/dev.visitparnu.com\/ru\/#\/schema\/logo\/image\/\",\"url\":\"https:\/\/dev.visitparnu.com\/wp-content\/uploads\/2022\/11\/VP_logo.svg\",\"contentUrl\":\"https:\/\/dev.visitparnu.com\/wp-content\/uploads\/2022\/11\/VP_logo.svg\",\"width\":305,\"height\":33,\"caption\":\"Visit P\u00e4rnu\"},\"image\":{\"@id\":\"https:\/\/dev.visitparnu.com\/ru\/#\/schema\/logo\/image\/\"},\"sameAs\":[\"https:\/\/www.facebook.com\/visitparnuEE\/\",\"https:\/\/www.youtube.com\/user\/visitparnuestonia\/\",\"https:\/\/www.instagram.com\/visitparnu\/\"]}]}<\/script>\n<!-- \/ Yoast SEO plugin. -->","yoast_head_json":{"title":"\u0414\u043e\u0441\u0442\u043e\u043f\u0440\u0438\u043c\u0435\u0447\u0430\u0442\u0435\u043b\u044c\u043d\u043e\u0441\u0442\u0438 - Visit P\u00e4rnu","robots":{"index":"noindex","follow":"follow","max-snippet":"max-snippet:-1","max-image-preview":"max-image-preview:large","max-video-preview":"max-video-preview:-1"},"og_locale":"ru_RU","og_type":"article","og_title":"\u0414\u043e\u0441\u0442\u043e\u043f\u0440\u0438\u043c\u0435\u0447\u0430\u0442\u0435\u043b\u044c\u043d\u043e\u0441\u0442\u0438 - Visit P\u00e4rnu","og_url":"https:\/\/dev.visitparnu.com\/ru\/%D0%B4%D0%BE%D1%81%D1%82%D0%BE%D0%BF%D1%80%D0%B8%D0%BC%D0%B5%D1%87%D0%B0%D1%82%D0%B5%D0%BB%D1%8C%D0%BD%D0%BE%D1%81%D1%82%D0%B8\/","og_site_name":"Visit P\u00e4rnu","article_publisher":"https:\/\/www.facebook.com\/visitparnuEE\/","article_modified_time":"2023-10-18T12:08:30+00:00","og_image":[{"width":2047,"height":1364,"url":"https:\/\/dev.visitparnu.com\/wp-content\/uploads\/2023\/10\/Parnu_vaatamisvaarsused.jpg","type":"image\/jpeg"}],"twitter_card":"summary_large_image","twitter_misc":{"\u041f\u0440\u0438\u043c\u0435\u0440\u043d\u043e\u0435 \u0432\u0440\u0435\u043c\u044f \u0434\u043b\u044f \u0447\u0442\u0435\u043d\u0438\u044f":"1 \u043c\u0438\u043d\u0443\u0442\u0430"},"schema":{"@context":"https:\/\/schema.org","@graph":[{"@type":"WebPage","@id":"https:\/\/dev.visitparnu.com\/ru\/%D0%B4%D0%BE%D1%81%D1%82%D0%BE%D0%BF%D1%80%D0%B8%D0%BC%D0%B5%D1%87%D0%B0%D1%82%D0%B5%D0%BB%D1%8C%D0%BD%D0%BE%D1%81%D1%82%D0%B8\/","url":"https:\/\/dev.visitparnu.com\/ru\/%D0%B4%D0%BE%D1%81%D1%82%D0%BE%D0%BF%D1%80%D0%B8%D0%BC%D0%B5%D1%87%D0%B0%D1%82%D0%B5%D0%BB%D1%8C%D0%BD%D0%BE%D1%81%D1%82%D0%B8\/","name":"\u0414\u043e\u0441\u0442\u043e\u043f\u0440\u0438\u043c\u0435\u0447\u0430\u0442\u0435\u043b\u044c\u043d\u043e\u0441\u0442\u0438 - Visit P\u00e4rnu","isPartOf":{"@id":"https:\/\/dev.visitparnu.com\/ru\/#website"},"primaryImageOfPage":{"@id":"https:\/\/dev.visitparnu.com\/ru\/%D0%B4%D0%BE%D1%81%D1%82%D0%BE%D0%BF%D1%80%D0%B8%D0%BC%D0%B5%D1%87%D0%B0%D1%82%D0%B5%D0%BB%D1%8C%D0%BD%D0%BE%D1%81%D1%82%D0%B8\/#primaryimage"},"image":{"@id":"https:\/\/dev.visitparnu.com\/ru\/%D0%B4%D0%BE%D1%81%D1%82%D0%BE%D0%BF%D1%80%D0%B8%D0%BC%D0%B5%D1%87%D0%B0%D1%82%D0%B5%D0%BB%D1%8C%D0%BD%D0%BE%D1%81%D1%82%D0%B8\/#primaryimage"},"thumbnailUrl":"https:\/\/dev.visitparnu.com\/wp-content\/uploads\/2023\/10\/Parnu_vaatamisvaarsused.jpg","datePublished":"2023-01-15T13:34:21+00:00","dateModified":"2023-10-18T12:08:30+00:00","breadcrumb":{"@id":"https:\/\/dev.visitparnu.com\/ru\/%D0%B4%D0%BE%D1%81%D1%82%D0%BE%D0%BF%D1%80%D0%B8%D0%BC%D0%B5%D1%87%D0%B0%D1%82%D0%B5%D0%BB%D1%8C%D0%BD%D0%BE%D1%81%D1%82%D0%B8\/#breadcrumb"},"inLanguage":"ru-RU","potentialAction":[{"@type":"ReadAction","target":["https:\/\/dev.visitparnu.com\/ru\/%D0%B4%D0%BE%D1%81%D1%82%D0%BE%D0%BF%D1%80%D0%B8%D0%BC%D0%B5%D1%87%D0%B0%D1%82%D0%B5%D0%BB%D1%8C%D0%BD%D0%BE%D1%81%D1%82%D0%B8\/"]}]},{"@type":"ImageObject","inLanguage":"ru-RU","@id":"https:\/\/dev.visitparnu.com\/ru\/%D0%B4%D0%BE%D1%81%D1%82%D0%BE%D0%BF%D1%80%D0%B8%D0%BC%D0%B5%D1%87%D0%B0%D1%82%D0%B5%D0%BB%D1%8C%D0%BD%D0%BE%D1%81%D1%82%D0%B8\/#primaryimage","url":"https:\/\/dev.visitparnu.com\/wp-content\/uploads\/2023\/10\/Parnu_vaatamisvaarsused.jpg","contentUrl":"https:\/\/dev.visitparnu.com\/wp-content\/uploads\/2023\/10\/Parnu_vaatamisvaarsused.jpg","width":2047,"height":1364},{"@type":"BreadcrumbList","@id":"https:\/\/dev.visitparnu.com\/ru\/%D0%B4%D0%BE%D1%81%D1%82%D0%BE%D0%BF%D1%80%D0%B8%D0%BC%D0%B5%D1%87%D0%B0%D1%82%D0%B5%D0%BB%D1%8C%D0%BD%D0%BE%D1%81%D1%82%D0%B8\/#breadcrumb","itemListElement":[{"@type":"ListItem","position":1,"name":"","item":"https:\/\/dev.visitparnu.com\/ru\/avaleht\/"},{"@type":"ListItem","position":2,"name":"\u0414\u043e\u0441\u0442\u043e\u043f\u0440\u0438\u043c\u0435\u0447\u0430\u0442\u0435\u043b\u044c\u043d\u043e\u0441\u0442\u0438"}]},{"@type":"WebSite","@id":"https:\/\/dev.visitparnu.com\/ru\/#website","url":"https:\/\/dev.visitparnu.com\/ru\/","name":"Visit P\u00e4rnu","description":"","publisher":{"@id":"https:\/\/dev.visitparnu.com\/ru\/#organization"},"potentialAction":[{"@type":"SearchAction","target":{"@type":"EntryPoint","urlTemplate":"https:\/\/dev.visitparnu.com\/ru\/?s={search_term_string}"},"query-input":{"@type":"PropertyValueSpecification","valueRequired":true,"valueName":"search_term_string"}}],"inLanguage":"ru-RU"},{"@type":"Organization","@id":"https:\/\/dev.visitparnu.com\/ru\/#organization","name":"Visit P\u00e4rnu","url":"https:\/\/dev.visitparnu.com\/ru\/","logo":{"@type":"ImageObject","inLanguage":"ru-RU","@id":"https:\/\/dev.visitparnu.com\/ru\/#\/schema\/logo\/image\/","url":"https:\/\/dev.visitparnu.com\/wp-content\/uploads\/2022\/11\/VP_logo.svg","contentUrl":"https:\/\/dev.visitparnu.com\/wp-content\/uploads\/2022\/11\/VP_logo.svg","width":305,"height":33,"caption":"Visit P\u00e4rnu"},"image":{"@id":"https:\/\/dev.visitparnu.com\/ru\/#\/schema\/logo\/image\/"},"sameAs":["https:\/\/www.facebook.com\/visitparnuEE\/","https:\/\/www.youtube.com\/user\/visitparnuestonia\/","https:\/\/www.instagram.com\/visitparnu\/"]}]}},"_links":{"self":[{"href":"https:\/\/dev.visitparnu.com\/ru\/wp-json\/wp\/v2\/pages\/4944309","targetHints":{"allow":["GET"]}}],"collection":[{"href":"https:\/\/dev.visitparnu.com\/ru\/wp-json\/wp\/v2\/pages"}],"about":[{"href":"https:\/\/dev.visitparnu.com\/ru\/wp-json\/wp\/v2\/types\/page"}],"author":[{"embeddable":true,"href":"https:\/\/dev.visitparnu.com\/ru\/wp-json\/wp\/v2\/users\/1"}],"replies":[{"embeddable":true,"href":"https:\/\/dev.visitparnu.com\/ru\/wp-json\/wp\/v2\/comments?post=4944309"}],"version-history":[{"count":1,"href":"https:\/\/dev.visitparnu.com\/ru\/wp-json\/wp\/v2\/pages\/4944309\/revisions"}],"predecessor-version":[{"id":4944313,"href":"https:\/\/dev.visitparnu.com\/ru\/wp-json\/wp\/v2\/pages\/4944309\/revisions\/4944313"}],"wp:featuredmedia":[{"embeddable":true,"href":"https:\/\/dev.visitparnu.com\/ru\/wp-json\/wp\/v2\/media\/4985768"}],"wp:attachment":[{"href":"https:\/\/dev.visitparnu.com\/ru\/wp-json\/wp\/v2\/media?parent=4944309"}],"curies":[{"name":"wp","href":"https:\/\/api.w.org\/{rel}","templated":true}]}}