{"id":4937190,"date":"2018-07-30T18:04:40","date_gmt":"2018-07-30T16:04:40","guid":{"rendered":"https:\/\/dev.visitparnu.com\/sobytiy\/"},"modified":"2023-01-25T16:30:58","modified_gmt":"2023-01-25T14:30:58","slug":"sobytiy","status":"publish","type":"page","link":"https:\/\/dev.visitparnu.com\/ru\/sobytiy\/","title":{"rendered":"\u0421\u043e\u0431\u044b\u0442\u0438\u0439"},"content":{"rendered":"\t\t<div data-elementor-type=\"wp-post\" data-elementor-id=\"4937190\" class=\"elementor elementor-4937190 elementor-4936628\" data-elementor-post-type=\"page\">\n\t\t\t\t<div class=\"elementor-element elementor-element-689afd3 e-flex e-con-boxed e-con e-parent\" data-id=\"689afd3\" data-element_type=\"container\">\n\t\t\t\t\t<div class=\"e-con-inner\">\n\t\t\t\t<div class=\"elementor-element elementor-element-468903c elementor-widget elementor-widget-shortcode\" data-id=\"468903c\" data-element_type=\"widget\" data-widget_type=\"shortcode.default\">\n\t\t\t\t\t\t\t<div class=\"elementor-shortcode\"><div class=\"page-content-list shortcode-instance\" data-vp-cookie-conf=\"{&quot;post_id_set&quot;:{&quot;name&quot;:&quot;vp_fav_set&quot;,&quot;separator&quot;:&quot;|&quot;,&quot;ttl&quot;:315360000},&quot;hash&quot;:{&quot;name&quot;:&quot;vp_fav_hash&quot;,&quot;ttl&quot;:315360000}}\" data-vp-object-type=\"remote_object_ve\" data-scid=\"97165feea7\"><div class=\"obj-grid-header-wrapper\"><div class=\"obj-filter\" data-filter-param-set='{\"sectionId\":0,\"categorySet\":[],\"filter\":[],\"object_type\":\"remote_object_ve\",\"hide-filter\":false,\"hide-total\":false,\"hide-footer\":false,\"section\":\"events\",\"category\":\"\",\"event_range\":\"\",\"posts_per_page\":12,\"option\":\"\",\"accessory\":\"\",\"page\":1}'><a aria-label=\"Open filter\" href=\"#\" class=\"open-filters-button global-btn\"><i class=\"fa-light fa-filter-list\"><\/i>Open filter<\/a><\/div><div class=\"filter-modal\"><div class=\"close-modal\"><img decoding=\"async\" alt=\"filter close\" src=\"https:\/\/dev.visitparnu.com\/wp-content\/themes\/VisitParnu2023\/assets\/filter-close.svg\" \/><\/div><div class=\"filter-modal-content\"><h2>Filter<\/h2><a href=\"#\" class=\"close-filters-button global-btn\"> Apply filters<\/a><a class=\"remove-all-filters\" href=\"#\">Filter<\/a><div class=\"modal-column\"><div class=\"filter-group\" data-filter-section=\"type\"><h3><\/h3><div class=\"filter-item\" data-filter-key=\"yldine_kategooria_uritus\"><\/div><\/div><\/div><\/div><\/div><div class=\"active-filters\"><a href=\"#\" class=\"remove-filters\">Filter<\/a><\/div><\/div><div class=\"grid-total-info\">In total: <div>14<\/div><\/div><div class=\"obj-grid\" data-rowcnt=\"4\" data-rowcntmbl=\"1\" data-object-count-per-load=\"12\" data-all-loaded=\"0\"><a href=\"https:\/\/dev.visitparnu.com\/objekt\/striidikooli-kevadjooks-2\/\" class=\"obj-grid-item\" data-iteration=\"1\" data-post_id=\"5070136\" data-post_type=\"remote_object_ve\"><div class=\"add-to-fav\"><\/div><div class=\"obj-grid-item-img-container image-wrap\"><div class=\"img-black-overlay\"><\/div><\/div><div class=\"obj-grid-item-container\"><h2>Striidikooli kevadjooks<\/h2><div class=\"meta-info\"><\/div><\/div><\/a><a href=\"https:\/\/dev.visitparnu.com\/objekt\/takupaev-tori-hobusekasvanduses-2\/\" class=\"obj-grid-item\" data-iteration=\"2\" data-post_id=\"5070156\" data-post_type=\"remote_object_ve\"><div class=\"add-to-fav\"><\/div><div class=\"obj-grid-item-img-container image-wrap\"><div class=\"img-black-overlay\"><\/div><\/div><div class=\"obj-grid-item-container\"><h2>T\u00e4kup\u00e4ev Tori Hobusekasvanduses<\/h2><div class=\"meta-info\"><\/div><\/div><\/a><a href=\"https:\/\/dev.visitparnu.com\/objekt\/xi-kihnu-raimeretk-2\/\" class=\"obj-grid-item\" data-iteration=\"3\" data-post_id=\"5070166\" data-post_type=\"remote_object_ve\"><div class=\"add-to-fav\"><\/div><div class=\"obj-grid-item-img-container image-wrap\"><div class=\"img-black-overlay\"><\/div><\/div><div class=\"obj-grid-item-container\"><h2>XI KIHNU R\u00c4IMERETK<\/h2><div class=\"meta-info\"><\/div><\/div><\/a><a href=\"https:\/\/dev.visitparnu.com\/objekt\/parnu-plant-fair\/\" class=\"obj-grid-item\" data-iteration=\"4\" data-post_id=\"5070131\" data-post_type=\"remote_object_ve\"><div class=\"add-to-fav\"><\/div><div class=\"obj-grid-item-img-container image-wrap\"><div class=\"img-black-overlay\"><\/div><\/div><div class=\"obj-grid-item-container\"><h2>P\u00e4rnu Plant Fair<\/h2><div class=\"meta-info\"><\/div><\/div><\/a><a href=\"https:\/\/dev.visitparnu.com\/objekt\/chi-parnu-international-equestrian-sports-festival\/\" class=\"obj-grid-item\" data-iteration=\"5\" data-post_id=\"5070117\" data-post_type=\"remote_object_ve\"><div class=\"add-to-fav\"><\/div><div class=\"obj-grid-item-img-container image-wrap\"><div class=\"img-black-overlay\"><\/div><\/div><div class=\"obj-grid-item-container\"><h2>CHI P\u00e4rnu - International Equestrian Sports Festival<\/h2><div class=\"meta-info\"><\/div><\/div><\/a><a href=\"https:\/\/dev.visitparnu.com\/objekt\/nordic-kite-fest-2\/\" class=\"obj-grid-item\" data-iteration=\"6\" data-post_id=\"5070146\" data-post_type=\"remote_object_ve\"><div class=\"add-to-fav\"><\/div><div class=\"obj-grid-item-img-container image-wrap\"><div class=\"img-black-overlay\"><\/div><\/div><div class=\"obj-grid-item-container\"><h2>Nordic Kite Fest<\/h2><div class=\"meta-info\"><\/div><\/div><\/a><a href=\"https:\/\/dev.visitparnu.com\/objekt\/good-food-festival-grillfest\/\" class=\"obj-grid-item\" data-iteration=\"7\" data-post_id=\"5070098\" data-post_type=\"remote_object_ve\"><div class=\"add-to-fav\"><\/div><div class=\"obj-grid-item-img-container image-wrap\"><div class=\"img-black-overlay\"><\/div><\/div><div class=\"obj-grid-item-container\"><h2>Good Food Festival \u2013 Grillfest<\/h2><div class=\"meta-info\"><\/div><\/div><\/a><a href=\"https:\/\/dev.visitparnu.com\/objekt\/parnu-summer-cup-2\/\" class=\"obj-grid-item\" data-iteration=\"8\" data-post_id=\"5070176\" data-post_type=\"remote_object_ve\"><div class=\"add-to-fav\"><\/div><div class=\"obj-grid-item-img-container image-wrap\"><div class=\"img-black-overlay\"><\/div><\/div><div class=\"obj-grid-item-container\"><h2>P\u00e4rnu Summer Cup<\/h2><div class=\"meta-info\"><\/div><\/div><\/a><a href=\"https:\/\/dev.visitparnu.com\/objekt\/aeglase-hetke-esimese-mee-vurritamise-paev-2\/\" class=\"obj-grid-item\" data-iteration=\"9\" data-post_id=\"5070121\" data-post_type=\"remote_object_ve\"><div class=\"add-to-fav\"><\/div><div class=\"obj-grid-item-img-container image-wrap\"><div class=\"img-black-overlay\"><\/div><\/div><div class=\"obj-grid-item-container\"><h2>Aeglase hetke esimese mee vurritamise p\u00e4ev<\/h2><div class=\"meta-info\"><\/div><\/div><\/a><a href=\"https:\/\/dev.visitparnu.com\/objekt\/parnu-hanseatic-days\/\" class=\"obj-grid-item\" data-iteration=\"10\" data-post_id=\"5070103\" data-post_type=\"remote_object_ve\"><div class=\"add-to-fav\"><\/div><div class=\"obj-grid-item-img-container image-wrap\"><div class=\"img-black-overlay\"><\/div><\/div><div class=\"obj-grid-item-container\"><h2>P\u00e4rnu Hanseatic Days<\/h2><div class=\"meta-info\"><\/div><\/div><\/a><a href=\"https:\/\/dev.visitparnu.com\/objekt\/parnu-music-festival-jarvi-academy\/\" class=\"obj-grid-item\" data-iteration=\"11\" data-post_id=\"5070108\" data-post_type=\"remote_object_ve\"><div class=\"add-to-fav\"><\/div><div class=\"obj-grid-item-img-container image-wrap\"><div class=\"img-black-overlay\"><\/div><\/div><div class=\"obj-grid-item-container\"><h2>P\u00e4rnu Music Festival & J\u00e4rvi Academy<\/h2><div class=\"meta-info\"><\/div><\/div><\/a><a href=\"https:\/\/dev.visitparnu.com\/objekt\/merekula-oyster-party\/\" class=\"obj-grid-item\" data-iteration=\"12\" data-post_id=\"5070126\" data-post_type=\"remote_object_ve\"><div class=\"add-to-fav\"><\/div><div class=\"obj-grid-item-img-container image-wrap\"><div class=\"img-black-overlay\"><\/div><\/div><div class=\"obj-grid-item-container\"><h2>Merek\u00fcla Oyster Party<\/h2><div class=\"meta-info\"><\/div><\/div><\/a><img decoding=\"async\" alt=\"loading\" class=\"obj-grid-loading\" src=\"https:\/\/dev.visitparnu.com\/wp-content\/themes\/VisitParnu2023\/assets\/loading.gif\" \/><\/div><div class=\"obj-grid-footer\"><div class=\"\"><\/div><a href=\"#\" class=\"global-btn load-more-button\">Show more (<div>2<\/div>)<\/a><\/div><\/div><\/div>\n\t\t\t\t\t\t<\/div>\n\t\t\t\t\t<\/div>\n\t\t\t\t<\/div>\n\t\t\t\t<\/div>\n\t\t","protected":false},"excerpt":{"rendered":"<p>S\u00fcndmused T\u00e4nased s\u00fcndmused N\u00e4dala s\u00fcndmused Kuu s\u00fcndmused T\u00e4hts\u00fcndmused 2022 Ekskursioonid S\u00fcndmused P\u00e4rnus toimub aastas sadu erinevaid s\u00fcndmuseid. Suuremad festivalid ja \u00fcritused toimuvad tavap\u00e4raselt suvel, kuid mitmed \u00e4gedad s\u00fcndmused leiavad aset ka v\u00e4ljaspool suveperioodi. Paljude suur\u00fcrituste toimumise koht on P\u00e4rnu Vallik\u00e4\u00e4r, P\u00e4rnu Kontserdimaja, Endla teater ja P\u00e4rnu rand. Visit P\u00e4rnu koondab kokku k\u00f5ik olulise, mis P\u00e4rnu [&hellip;]<\/p>\n","protected":false},"author":1,"featured_media":4944638,"parent":0,"menu_order":0,"comment_status":"closed","ping_status":"closed","template":"","meta":{"_acf_changed":false,"footnotes":""},"class_list":["post-4937190","page","type-page","status-publish","has-post-thumbnail","hentry"],"acf":[],"yoast_head":"<!-- This site is optimized with the Yoast SEO plugin v26.5 - https:\/\/yoast.com\/wordpress\/plugins\/seo\/ -->\n<title>\u0421\u043e\u0431\u044b\u0442\u0438\u0439 - Visit P\u00e4rnu<\/title>\n<meta name=\"robots\" content=\"noindex, follow, max-snippet:-1, max-image-preview:large, max-video-preview:-1\" \/>\n<meta property=\"og:locale\" content=\"ru_RU\" \/>\n<meta property=\"og:type\" content=\"article\" \/>\n<meta property=\"og:title\" content=\"\u0421\u043e\u0431\u044b\u0442\u0438\u0439 - Visit P\u00e4rnu\" \/>\n<meta property=\"og:description\" content=\"S\u00fcndmused T\u00e4nased s\u00fcndmused N\u00e4dala s\u00fcndmused Kuu s\u00fcndmused T\u00e4hts\u00fcndmused 2022 Ekskursioonid S\u00fcndmused P\u00e4rnus toimub aastas sadu erinevaid s\u00fcndmuseid. Suuremad festivalid ja \u00fcritused toimuvad tavap\u00e4raselt suvel, kuid mitmed \u00e4gedad s\u00fcndmused leiavad aset ka v\u00e4ljaspool suveperioodi. Paljude suur\u00fcrituste toimumise koht on P\u00e4rnu Vallik\u00e4\u00e4r, P\u00e4rnu Kontserdimaja, Endla teater ja P\u00e4rnu rand. Visit P\u00e4rnu koondab kokku k\u00f5ik olulise, mis P\u00e4rnu [&hellip;]\" \/>\n<meta property=\"og:url\" content=\"https:\/\/dev.visitparnu.com\/ru\/sobytiy\/\" \/>\n<meta property=\"og:site_name\" content=\"Visit P\u00e4rnu\" \/>\n<meta property=\"article:publisher\" content=\"https:\/\/www.facebook.com\/visitparnuEE\/\" \/>\n<meta property=\"article:modified_time\" content=\"2023-01-25T14:30:58+00:00\" \/>\n<meta property=\"og:image\" content=\"https:\/\/dev.visitparnu.com\/wp-content\/uploads\/2023\/01\/Parnu-uritused.jpg\" \/>\n\t<meta property=\"og:image:width\" content=\"1732\" \/>\n\t<meta property=\"og:image:height\" content=\"1154\" \/>\n\t<meta property=\"og:image:type\" content=\"image\/jpeg\" \/>\n<meta name=\"twitter:card\" content=\"summary_large_image\" \/>\n<meta name=\"twitter:label1\" content=\"\u041f\u0440\u0438\u043c\u0435\u0440\u043d\u043e\u0435 \u0432\u0440\u0435\u043c\u044f \u0434\u043b\u044f \u0447\u0442\u0435\u043d\u0438\u044f\" \/>\n\t<meta name=\"twitter:data1\" content=\"1 \u043c\u0438\u043d\u0443\u0442\u0430\" \/>\n<script type=\"application\/ld+json\" class=\"yoast-schema-graph\">{\"@context\":\"https:\/\/schema.org\",\"@graph\":[{\"@type\":\"WebPage\",\"@id\":\"https:\/\/dev.visitparnu.com\/ru\/sobytiy\/\",\"url\":\"https:\/\/dev.visitparnu.com\/ru\/sobytiy\/\",\"name\":\"\u0421\u043e\u0431\u044b\u0442\u0438\u0439 - Visit P\u00e4rnu\",\"isPartOf\":{\"@id\":\"https:\/\/dev.visitparnu.com\/ru\/#website\"},\"primaryImageOfPage\":{\"@id\":\"https:\/\/dev.visitparnu.com\/ru\/sobytiy\/#primaryimage\"},\"image\":{\"@id\":\"https:\/\/dev.visitparnu.com\/ru\/sobytiy\/#primaryimage\"},\"thumbnailUrl\":\"https:\/\/dev.visitparnu.com\/wp-content\/uploads\/2023\/01\/Parnu-uritused.jpg\",\"datePublished\":\"2018-07-30T16:04:40+00:00\",\"dateModified\":\"2023-01-25T14:30:58+00:00\",\"breadcrumb\":{\"@id\":\"https:\/\/dev.visitparnu.com\/ru\/sobytiy\/#breadcrumb\"},\"inLanguage\":\"ru-RU\",\"potentialAction\":[{\"@type\":\"ReadAction\",\"target\":[\"https:\/\/dev.visitparnu.com\/ru\/sobytiy\/\"]}]},{\"@type\":\"ImageObject\",\"inLanguage\":\"ru-RU\",\"@id\":\"https:\/\/dev.visitparnu.com\/ru\/sobytiy\/#primaryimage\",\"url\":\"https:\/\/dev.visitparnu.com\/wp-content\/uploads\/2023\/01\/Parnu-uritused.jpg\",\"contentUrl\":\"https:\/\/dev.visitparnu.com\/wp-content\/uploads\/2023\/01\/Parnu-uritused.jpg\",\"width\":1732,\"height\":1154},{\"@type\":\"BreadcrumbList\",\"@id\":\"https:\/\/dev.visitparnu.com\/ru\/sobytiy\/#breadcrumb\",\"itemListElement\":[{\"@type\":\"ListItem\",\"position\":1,\"name\":\"\",\"item\":\"https:\/\/dev.visitparnu.com\/ru\/avaleht\/\"},{\"@type\":\"ListItem\",\"position\":2,\"name\":\"\u0421\u043e\u0431\u044b\u0442\u0438\u0439\"}]},{\"@type\":\"WebSite\",\"@id\":\"https:\/\/dev.visitparnu.com\/ru\/#website\",\"url\":\"https:\/\/dev.visitparnu.com\/ru\/\",\"name\":\"Visit P\u00e4rnu\",\"description\":\"\",\"publisher\":{\"@id\":\"https:\/\/dev.visitparnu.com\/ru\/#organization\"},\"potentialAction\":[{\"@type\":\"SearchAction\",\"target\":{\"@type\":\"EntryPoint\",\"urlTemplate\":\"https:\/\/dev.visitparnu.com\/ru\/?s={search_term_string}\"},\"query-input\":{\"@type\":\"PropertyValueSpecification\",\"valueRequired\":true,\"valueName\":\"search_term_string\"}}],\"inLanguage\":\"ru-RU\"},{\"@type\":\"Organization\",\"@id\":\"https:\/\/dev.visitparnu.com\/ru\/#organization\",\"name\":\"Visit P\u00e4rnu\",\"url\":\"https:\/\/dev.visitparnu.com\/ru\/\",\"logo\":{\"@type\":\"ImageObject\",\"inLanguage\":\"ru-RU\",\"@id\":\"https:\/\/dev.visitparnu.com\/ru\/#\/schema\/logo\/image\/\",\"url\":\"https:\/\/dev.visitparnu.com\/wp-content\/uploads\/2022\/11\/VP_logo.svg\",\"contentUrl\":\"https:\/\/dev.visitparnu.com\/wp-content\/uploads\/2022\/11\/VP_logo.svg\",\"width\":305,\"height\":33,\"caption\":\"Visit P\u00e4rnu\"},\"image\":{\"@id\":\"https:\/\/dev.visitparnu.com\/ru\/#\/schema\/logo\/image\/\"},\"sameAs\":[\"https:\/\/www.facebook.com\/visitparnuEE\/\",\"https:\/\/www.youtube.com\/user\/visitparnuestonia\/\",\"https:\/\/www.instagram.com\/visitparnu\/\"]}]}<\/script>\n<!-- \/ Yoast SEO plugin. -->","yoast_head_json":{"title":"\u0421\u043e\u0431\u044b\u0442\u0438\u0439 - Visit P\u00e4rnu","robots":{"index":"noindex","follow":"follow","max-snippet":"max-snippet:-1","max-image-preview":"max-image-preview:large","max-video-preview":"max-video-preview:-1"},"og_locale":"ru_RU","og_type":"article","og_title":"\u0421\u043e\u0431\u044b\u0442\u0438\u0439 - Visit P\u00e4rnu","og_description":"S\u00fcndmused T\u00e4nased s\u00fcndmused N\u00e4dala s\u00fcndmused Kuu s\u00fcndmused T\u00e4hts\u00fcndmused 2022 Ekskursioonid S\u00fcndmused P\u00e4rnus toimub aastas sadu erinevaid s\u00fcndmuseid. Suuremad festivalid ja \u00fcritused toimuvad tavap\u00e4raselt suvel, kuid mitmed \u00e4gedad s\u00fcndmused leiavad aset ka v\u00e4ljaspool suveperioodi. Paljude suur\u00fcrituste toimumise koht on P\u00e4rnu Vallik\u00e4\u00e4r, P\u00e4rnu Kontserdimaja, Endla teater ja P\u00e4rnu rand. Visit P\u00e4rnu koondab kokku k\u00f5ik olulise, mis P\u00e4rnu [&hellip;]","og_url":"https:\/\/dev.visitparnu.com\/ru\/sobytiy\/","og_site_name":"Visit P\u00e4rnu","article_publisher":"https:\/\/www.facebook.com\/visitparnuEE\/","article_modified_time":"2023-01-25T14:30:58+00:00","og_image":[{"width":1732,"height":1154,"url":"https:\/\/dev.visitparnu.com\/wp-content\/uploads\/2023\/01\/Parnu-uritused.jpg","type":"image\/jpeg"}],"twitter_card":"summary_large_image","twitter_misc":{"\u041f\u0440\u0438\u043c\u0435\u0440\u043d\u043e\u0435 \u0432\u0440\u0435\u043c\u044f \u0434\u043b\u044f \u0447\u0442\u0435\u043d\u0438\u044f":"1 \u043c\u0438\u043d\u0443\u0442\u0430"},"schema":{"@context":"https:\/\/schema.org","@graph":[{"@type":"WebPage","@id":"https:\/\/dev.visitparnu.com\/ru\/sobytiy\/","url":"https:\/\/dev.visitparnu.com\/ru\/sobytiy\/","name":"\u0421\u043e\u0431\u044b\u0442\u0438\u0439 - Visit P\u00e4rnu","isPartOf":{"@id":"https:\/\/dev.visitparnu.com\/ru\/#website"},"primaryImageOfPage":{"@id":"https:\/\/dev.visitparnu.com\/ru\/sobytiy\/#primaryimage"},"image":{"@id":"https:\/\/dev.visitparnu.com\/ru\/sobytiy\/#primaryimage"},"thumbnailUrl":"https:\/\/dev.visitparnu.com\/wp-content\/uploads\/2023\/01\/Parnu-uritused.jpg","datePublished":"2018-07-30T16:04:40+00:00","dateModified":"2023-01-25T14:30:58+00:00","breadcrumb":{"@id":"https:\/\/dev.visitparnu.com\/ru\/sobytiy\/#breadcrumb"},"inLanguage":"ru-RU","potentialAction":[{"@type":"ReadAction","target":["https:\/\/dev.visitparnu.com\/ru\/sobytiy\/"]}]},{"@type":"ImageObject","inLanguage":"ru-RU","@id":"https:\/\/dev.visitparnu.com\/ru\/sobytiy\/#primaryimage","url":"https:\/\/dev.visitparnu.com\/wp-content\/uploads\/2023\/01\/Parnu-uritused.jpg","contentUrl":"https:\/\/dev.visitparnu.com\/wp-content\/uploads\/2023\/01\/Parnu-uritused.jpg","width":1732,"height":1154},{"@type":"BreadcrumbList","@id":"https:\/\/dev.visitparnu.com\/ru\/sobytiy\/#breadcrumb","itemListElement":[{"@type":"ListItem","position":1,"name":"","item":"https:\/\/dev.visitparnu.com\/ru\/avaleht\/"},{"@type":"ListItem","position":2,"name":"\u0421\u043e\u0431\u044b\u0442\u0438\u0439"}]},{"@type":"WebSite","@id":"https:\/\/dev.visitparnu.com\/ru\/#website","url":"https:\/\/dev.visitparnu.com\/ru\/","name":"Visit P\u00e4rnu","description":"","publisher":{"@id":"https:\/\/dev.visitparnu.com\/ru\/#organization"},"potentialAction":[{"@type":"SearchAction","target":{"@type":"EntryPoint","urlTemplate":"https:\/\/dev.visitparnu.com\/ru\/?s={search_term_string}"},"query-input":{"@type":"PropertyValueSpecification","valueRequired":true,"valueName":"search_term_string"}}],"inLanguage":"ru-RU"},{"@type":"Organization","@id":"https:\/\/dev.visitparnu.com\/ru\/#organization","name":"Visit P\u00e4rnu","url":"https:\/\/dev.visitparnu.com\/ru\/","logo":{"@type":"ImageObject","inLanguage":"ru-RU","@id":"https:\/\/dev.visitparnu.com\/ru\/#\/schema\/logo\/image\/","url":"https:\/\/dev.visitparnu.com\/wp-content\/uploads\/2022\/11\/VP_logo.svg","contentUrl":"https:\/\/dev.visitparnu.com\/wp-content\/uploads\/2022\/11\/VP_logo.svg","width":305,"height":33,"caption":"Visit P\u00e4rnu"},"image":{"@id":"https:\/\/dev.visitparnu.com\/ru\/#\/schema\/logo\/image\/"},"sameAs":["https:\/\/www.facebook.com\/visitparnuEE\/","https:\/\/www.youtube.com\/user\/visitparnuestonia\/","https:\/\/www.instagram.com\/visitparnu\/"]}]}},"_links":{"self":[{"href":"https:\/\/dev.visitparnu.com\/ru\/wp-json\/wp\/v2\/pages\/4937190","targetHints":{"allow":["GET"]}}],"collection":[{"href":"https:\/\/dev.visitparnu.com\/ru\/wp-json\/wp\/v2\/pages"}],"about":[{"href":"https:\/\/dev.visitparnu.com\/ru\/wp-json\/wp\/v2\/types\/page"}],"author":[{"embeddable":true,"href":"https:\/\/dev.visitparnu.com\/ru\/wp-json\/wp\/v2\/users\/1"}],"replies":[{"embeddable":true,"href":"https:\/\/dev.visitparnu.com\/ru\/wp-json\/wp\/v2\/comments?post=4937190"}],"version-history":[{"count":6,"href":"https:\/\/dev.visitparnu.com\/ru\/wp-json\/wp\/v2\/pages\/4937190\/revisions"}],"predecessor-version":[{"id":4953488,"href":"https:\/\/dev.visitparnu.com\/ru\/wp-json\/wp\/v2\/pages\/4937190\/revisions\/4953488"}],"wp:featuredmedia":[{"embeddable":true,"href":"https:\/\/dev.visitparnu.com\/ru\/wp-json\/wp\/v2\/media\/4944638"}],"wp:attachment":[{"href":"https:\/\/dev.visitparnu.com\/ru\/wp-json\/wp\/v2\/media?parent=4937190"}],"curies":[{"name":"wp","href":"https:\/\/api.w.org\/{rel}","templated":true}]}}