{"id":4944308,"date":"2023-01-15T15:34:21","date_gmt":"2023-01-15T13:34:21","guid":{"rendered":"https:\/\/dev.visitparnu.com\/vaatamisvaarsused\/"},"modified":"2023-10-18T14:05:51","modified_gmt":"2023-10-18T12:05:51","slug":"ieverojamas-vietas","status":"publish","type":"page","link":"https:\/\/dev.visitparnu.com\/lv\/ieverojamas-vietas\/","title":{"rendered":"Iev\u0113rojamas vietas"},"content":{"rendered":"\t\t<div data-elementor-type=\"wp-page\" data-elementor-id=\"4944308\" class=\"elementor elementor-4944308 elementor-4944300\" data-elementor-post-type=\"page\">\n\t\t\t\t<div class=\"elementor-element elementor-element-f56a3ec e-con-full e-flex e-con e-parent\" data-id=\"f56a3ec\" data-element_type=\"container\">\n\t\t\t\t<div class=\"elementor-element elementor-element-9f0f550 elementor-widget elementor-widget-shortcode\" data-id=\"9f0f550\" data-element_type=\"widget\" data-widget_type=\"shortcode.default\">\n\t\t\t\t\t\t\t<div class=\"elementor-shortcode\"><div class=\"page-content-list shortcode-instance\" data-vp-cookie-conf=\"{&quot;post_id_set&quot;:{&quot;name&quot;:&quot;vp_fav_set&quot;,&quot;separator&quot;:&quot;|&quot;,&quot;ttl&quot;:315360000},&quot;hash&quot;:{&quot;name&quot;:&quot;vp_fav_hash&quot;,&quot;ttl&quot;:315360000}}\" data-vp-object-type=\"remote_object_ve\" data-scid=\"5b39322777\"><div class=\"obj-grid-header-wrapper\"><div class=\"obj-filter\" data-filter-param-set='{\"sectionId\":60,\"categorySet\":[],\"filter\":[],\"object_type\":\"remote_object_ve\",\"hide-filter\":false,\"hide-total\":false,\"hide-footer\":false,\"section\":\"sights\",\"category\":\"\",\"event_range\":\"\",\"posts_per_page\":12,\"option\":\"\",\"accessory\":\"\",\"page\":1}'><a aria-label=\"Atv\u0113rt filtru\" href=\"#\" class=\"open-filters-button global-btn\"><i class=\"fa-light fa-filter-list\"><\/i>Atv\u0113rt filtru<\/a><\/div><div class=\"filter-modal\"><div class=\"close-modal\"><img decoding=\"async\" alt=\"filter close\" src=\"https:\/\/dev.visitparnu.com\/wp-content\/themes\/VisitParnu2023\/assets\/filter-close.svg\" \/><\/div><div class=\"filter-modal-content\"><h2>Filtru<\/h2><a href=\"#\" class=\"close-filters-button global-btn\">Filtru<\/a><a class=\"remove-all-filters\" href=\"#\">Filtru<\/a><div class=\"modal-column\"><div class=\"filter-group\" data-filter-section=\"type\"><h3><\/h3><div class=\"filter-item\" data-filter-key=\"yldine_kultuurjaajalugu_elavmuusika\">Naktsdz\u012bve<\/div><div class=\"filter-item\" data-filter-key=\"yldine_kultuurjaajalugu_arhitektuurjaajalugu\"><\/div><div class=\"filter-item\" data-filter-key=\"yldine_kultuurjaajalugu_muuseum\">Muzeji<\/div><div class=\"filter-item\" data-filter-key=\"yldine_kultuurjaajalugu_kunstikasitooopitoad\">M\u0101kslas un rokdarbu darbn\u012bcas<\/div><div class=\"filter-item\" data-filter-key=\"yldine_kultuurjaajalugu_atraktsioonidjategevused\">Atrakciju parki<\/div><div class=\"filter-item\" data-filter-key=\"yldine_kultuurjaajalugu_kohalikpood\">Viet\u0113jie veikali<\/div><div class=\"filter-item\" data-filter-key=\"yldine_kategooria_kultuur\">V\u0113sture un kult\u016bra<\/div><\/div><\/div><\/div><\/div><div class=\"active-filters\"><a href=\"#\" class=\"remove-filters\">Filtru<\/a><\/div><\/div><div class=\"grid-total-info\">Kopum\u0101: <div>314<\/div><\/div><div class=\"obj-grid\" data-rowcnt=\"4\" data-rowcntmbl=\"1\" data-object-count-per-load=\"12\" data-all-loaded=\"0\"><a href=\"https:\/\/dev.visitparnu.com\/objekt\/lotes-zemes-tematiskais-parks-lielakais-tematiskais-parks-visai-gimenei-igaunija\/\" class=\"obj-grid-item\" data-iteration=\"1\" data-post_id=\"5068564\" data-post_type=\"remote_object_ve\"><div class=\"add-to-fav\"><\/div><div class=\"obj-grid-item-img-container image-wrap\"><div class=\"img-black-overlay\"><\/div><\/div><div class=\"obj-grid-item-container\"><h2>Lotes zemes tematiskais parks - liel\u0101kais tematiskais parks visai \u0123imenei Igaunij\u0101!<\/h2><div class=\"meta-info\">V\u0113sture un kult\u016bra<\/div><\/div><\/a><a href=\"https:\/\/dev.visitparnu.com\/objekt\/kunstnikule-kulla-tiina-ojaste-kodune-maaligalerii-3\/\" class=\"obj-grid-item\" data-iteration=\"2\" data-post_id=\"5068916\" data-post_type=\"remote_object_ve\"><div class=\"add-to-fav\"><\/div><div class=\"obj-grid-item-img-container image-wrap\"><div class=\"img-black-overlay\"><\/div><\/div><div class=\"obj-grid-item-container\"><h2>Kunstnikule k\u00fclla! Tiina Ojaste kodune maaligalerii<\/h2><div class=\"meta-info\">V\u0113sture un kult\u016bra<\/div><\/div><\/a><a href=\"https:\/\/dev.visitparnu.com\/objekt\/looduse-loodu-joonistamise-opituba-tiina-ojaste-kodugaleriis-2\/\" class=\"obj-grid-item\" data-iteration=\"3\" data-post_id=\"5068921\" data-post_type=\"remote_object_ve\"><div class=\"add-to-fav\"><\/div><div class=\"obj-grid-item-img-container image-wrap\"><div class=\"img-black-overlay\"><\/div><\/div><div class=\"obj-grid-item-container\"><h2>Looduse loodu - joonistamise \u00f5pituba Tiina Ojaste kodugaleriis<\/h2><div class=\"meta-info\">V\u0113sture un kult\u016bra<\/div><\/div><\/a><a href=\"https:\/\/dev.visitparnu.com\/objekt\/k-r-jakobsona-lauku-seta-muzejs-kurgja\/\" class=\"obj-grid-item\" data-iteration=\"4\" data-post_id=\"5068198\" data-post_type=\"remote_object_ve\"><div class=\"add-to-fav\"><\/div><div class=\"obj-grid-item-img-container image-wrap\"><div class=\"img-black-overlay\"><\/div><\/div><div class=\"obj-grid-item-container\"><h2>K.R. Jakobsona Lauku s\u0113ta-muzejs Kurgj\u0101<\/h2><div class=\"meta-info\">V\u0113sture un kult\u016bra<\/div><\/div><\/a><a href=\"https:\/\/dev.visitparnu.com\/objekt\/cocoloco-karaoke-bars\/\" class=\"obj-grid-item\" data-iteration=\"5\" data-post_id=\"5068599\" data-post_type=\"remote_object_ve\"><div class=\"add-to-fav\"><\/div><div class=\"obj-grid-item-img-container image-wrap\"><div class=\"img-black-overlay\"><\/div><\/div><div class=\"obj-grid-item-container\"><h2>CocoLoco Karaoke b\u0101rs<\/h2><div class=\"meta-info\">V\u0113sture un kult\u016bra<\/div><\/div><\/a><a href=\"https:\/\/dev.visitparnu.com\/objekt\/installaarium-tiina-ojaste-installatsioonide-ouegalerii-2\/\" class=\"obj-grid-item\" data-iteration=\"6\" data-post_id=\"5068911\" data-post_type=\"remote_object_ve\"><div class=\"add-to-fav\"><\/div><div class=\"obj-grid-item-img-container image-wrap\"><div class=\"img-black-overlay\"><\/div><\/div><div class=\"obj-grid-item-container\"><h2>INSTALLAARIUM -Tiina Ojaste installatsioonide \u00f5uegalerii<\/h2><div class=\"meta-info\">V\u0113sture un kult\u016bra<\/div><\/div><\/a><a href=\"https:\/\/dev.visitparnu.com\/objekt\/tiina-ojaste-kivi-installatsioonide-ouegalerii-ja-lohukivi-loomise-tootuba-2\/\" class=\"obj-grid-item\" data-iteration=\"7\" data-post_id=\"5068926\" data-post_type=\"remote_object_ve\"><div class=\"add-to-fav\"><\/div><div class=\"obj-grid-item-img-container image-wrap\"><div class=\"img-black-overlay\"><\/div><\/div><div class=\"obj-grid-item-container\"><h2>Tiina Ojaste kivi-installatsioonide \u00f5uegalerii ja lohukivi loomise t\u00f6\u00f6tuba<\/h2><div class=\"meta-info\">V\u0113sture un kult\u016bra<\/div><\/div><\/a><a href=\"https:\/\/dev.visitparnu.com\/objekt\/tirdzniecibas-centrs-pernava-parnu-keskus\/\" class=\"obj-grid-item\" data-iteration=\"8\" data-post_id=\"5068319\" data-post_type=\"remote_object_ve\"><div class=\"add-to-fav\"><\/div><div class=\"obj-grid-item-img-container image-wrap\"><div class=\"img-black-overlay\"><\/div><\/div><div class=\"obj-grid-item-container\"><h2>Tirdzniec\u012bbas centrs P\u0113rnav\u0101 \"P\u00e4rnu keskus\"<\/h2><div class=\"meta-info\">V\u0113sture un kult\u016bra<\/div><\/div><\/a><a href=\"https:\/\/dev.visitparnu.com\/objekt\/ekskursija-ar-gidu-pa-pernavas-aprinki-uz-rigas-pusi\/\" class=\"obj-grid-item\" data-iteration=\"9\" data-post_id=\"5068489\" data-post_type=\"remote_object_ve\"><div class=\"add-to-fav\"><\/div><div class=\"obj-grid-item-img-container image-wrap\"><div class=\"img-black-overlay\"><\/div><\/div><div class=\"obj-grid-item-container\"><h2>Ekskursija ar gidu pa P\u0113rnavas apri\u0146\u0137i uz R\u012bgas pusi<\/h2><div class=\"meta-info\">V\u0113sture un kult\u016bra<\/div><\/div><\/a><a href=\"https:\/\/dev.visitparnu.com\/objekt\/enna-uetoa-jeb-kihnu-jenna-pieminas-akmens\/\" class=\"obj-grid-item\" data-iteration=\"10\" data-post_id=\"5068539\" data-post_type=\"remote_object_ve\"><div class=\"add-to-fav\"><\/div><div class=\"obj-grid-item-img-container image-wrap\"><div class=\"img-black-overlay\"><\/div><\/div><div class=\"obj-grid-item-container\"><h2>Enna \u016aetoa jeb Kihnu Jenna piemi\u0146as akmens<\/h2><div class=\"meta-info\">V\u0113sture un kult\u016bra<\/div><\/div><\/a><a href=\"https:\/\/dev.visitparnu.com\/objekt\/kihnu-salas-veikals-lohu\/\" class=\"obj-grid-item\" data-iteration=\"11\" data-post_id=\"5068544\" data-post_type=\"remote_object_ve\"><div class=\"add-to-fav\"><\/div><div class=\"obj-grid-item-img-container image-wrap\"><div class=\"img-black-overlay\"><\/div><\/div><div class=\"obj-grid-item-container\"><h2>Kihnu salas veikals \u201eLohu\u201c<\/h2><div class=\"meta-info\">V\u0113sture un kult\u016bra<\/div><\/div><\/a><a href=\"https:\/\/dev.visitparnu.com\/objekt\/igaunijas-kareivju-pieminas-baznica-tori\/\" class=\"obj-grid-item\" data-iteration=\"12\" data-post_id=\"5068339\" data-post_type=\"remote_object_ve\"><div class=\"add-to-fav\"><\/div><div class=\"obj-grid-item-img-container image-wrap\"><div class=\"img-black-overlay\"><\/div><\/div><div class=\"obj-grid-item-container\"><h2>Igaunijas Kareivju Piemi\u0146as bazn\u012bca Tori<\/h2><div class=\"meta-info\">V\u0113sture un kult\u016bra<\/div><\/div><\/a><img decoding=\"async\" alt=\"loading\" class=\"obj-grid-loading\" src=\"https:\/\/dev.visitparnu.com\/wp-content\/themes\/VisitParnu2023\/assets\/loading.gif\" \/><\/div><div class=\"obj-grid-footer\"><div class=\"\"><\/div><a href=\"#\" class=\"global-btn load-more-button\">R\u0101d\u012bt vair\u0101k (<div>302<\/div>)<\/a><\/div><\/div><\/div>\n\t\t\t\t\t\t<\/div>\n\t\t\t\t<\/div>\n\t\t\t\t<\/div>\n\t\t","protected":false},"excerpt":{"rendered":"","protected":false},"author":1,"featured_media":4985768,"parent":0,"menu_order":0,"comment_status":"closed","ping_status":"closed","template":"","meta":{"_acf_changed":false,"footnotes":""},"class_list":["post-4944308","page","type-page","status-publish","has-post-thumbnail","hentry"],"acf":[],"yoast_head":"<!-- This site is optimized with the Yoast SEO plugin v26.5 - https:\/\/yoast.com\/wordpress\/plugins\/seo\/ -->\n<title>Iev\u0113rojamas vietas - Visit P\u00e4rnu<\/title>\n<meta name=\"robots\" content=\"noindex, follow, max-snippet:-1, max-image-preview:large, max-video-preview:-1\" \/>\n<meta property=\"og:locale\" content=\"lv_LV\" \/>\n<meta property=\"og:type\" content=\"article\" \/>\n<meta property=\"og:title\" content=\"Iev\u0113rojamas vietas - Visit P\u00e4rnu\" \/>\n<meta property=\"og:url\" content=\"https:\/\/dev.visitparnu.com\/lv\/ieverojamas-vietas\/\" \/>\n<meta property=\"og:site_name\" content=\"Visit P\u00e4rnu\" \/>\n<meta property=\"article:publisher\" content=\"https:\/\/www.facebook.com\/visitparnuEE\/\" \/>\n<meta property=\"article:modified_time\" content=\"2023-10-18T12:05:51+00:00\" \/>\n<meta property=\"og:image\" content=\"https:\/\/dev.visitparnu.com\/wp-content\/uploads\/2023\/10\/Parnu_vaatamisvaarsused.jpg\" \/>\n\t<meta property=\"og:image:width\" content=\"2047\" \/>\n\t<meta property=\"og:image:height\" content=\"1364\" \/>\n\t<meta property=\"og:image:type\" content=\"image\/jpeg\" \/>\n<meta name=\"twitter:card\" content=\"summary_large_image\" \/>\n<meta name=\"twitter:label1\" content=\"Est. reading time\" \/>\n\t<meta name=\"twitter:data1\" content=\"1 minute\" \/>\n<script type=\"application\/ld+json\" class=\"yoast-schema-graph\">{\"@context\":\"https:\/\/schema.org\",\"@graph\":[{\"@type\":\"WebPage\",\"@id\":\"https:\/\/dev.visitparnu.com\/lv\/ieverojamas-vietas\/\",\"url\":\"https:\/\/dev.visitparnu.com\/lv\/ieverojamas-vietas\/\",\"name\":\"Iev\u0113rojamas vietas - Visit P\u00e4rnu\",\"isPartOf\":{\"@id\":\"https:\/\/dev.visitparnu.com\/lv\/#website\"},\"primaryImageOfPage\":{\"@id\":\"https:\/\/dev.visitparnu.com\/lv\/ieverojamas-vietas\/#primaryimage\"},\"image\":{\"@id\":\"https:\/\/dev.visitparnu.com\/lv\/ieverojamas-vietas\/#primaryimage\"},\"thumbnailUrl\":\"https:\/\/dev.visitparnu.com\/wp-content\/uploads\/2023\/10\/Parnu_vaatamisvaarsused.jpg\",\"datePublished\":\"2023-01-15T13:34:21+00:00\",\"dateModified\":\"2023-10-18T12:05:51+00:00\",\"breadcrumb\":{\"@id\":\"https:\/\/dev.visitparnu.com\/lv\/ieverojamas-vietas\/#breadcrumb\"},\"inLanguage\":\"lv-LV\",\"potentialAction\":[{\"@type\":\"ReadAction\",\"target\":[\"https:\/\/dev.visitparnu.com\/lv\/ieverojamas-vietas\/\"]}]},{\"@type\":\"ImageObject\",\"inLanguage\":\"lv-LV\",\"@id\":\"https:\/\/dev.visitparnu.com\/lv\/ieverojamas-vietas\/#primaryimage\",\"url\":\"https:\/\/dev.visitparnu.com\/wp-content\/uploads\/2023\/10\/Parnu_vaatamisvaarsused.jpg\",\"contentUrl\":\"https:\/\/dev.visitparnu.com\/wp-content\/uploads\/2023\/10\/Parnu_vaatamisvaarsused.jpg\",\"width\":2047,\"height\":1364},{\"@type\":\"BreadcrumbList\",\"@id\":\"https:\/\/dev.visitparnu.com\/lv\/ieverojamas-vietas\/#breadcrumb\",\"itemListElement\":[{\"@type\":\"ListItem\",\"position\":1,\"name\":\"\",\"item\":\"https:\/\/dev.visitparnu.com\/lv\/avaleht\/\"},{\"@type\":\"ListItem\",\"position\":2,\"name\":\"Iev\u0113rojamas vietas\"}]},{\"@type\":\"WebSite\",\"@id\":\"https:\/\/dev.visitparnu.com\/lv\/#website\",\"url\":\"https:\/\/dev.visitparnu.com\/lv\/\",\"name\":\"Visit P\u00e4rnu\",\"description\":\"\",\"publisher\":{\"@id\":\"https:\/\/dev.visitparnu.com\/lv\/#organization\"},\"potentialAction\":[{\"@type\":\"SearchAction\",\"target\":{\"@type\":\"EntryPoint\",\"urlTemplate\":\"https:\/\/dev.visitparnu.com\/lv\/?s={search_term_string}\"},\"query-input\":{\"@type\":\"PropertyValueSpecification\",\"valueRequired\":true,\"valueName\":\"search_term_string\"}}],\"inLanguage\":\"lv-LV\"},{\"@type\":\"Organization\",\"@id\":\"https:\/\/dev.visitparnu.com\/lv\/#organization\",\"name\":\"Visit P\u00e4rnu\",\"url\":\"https:\/\/dev.visitparnu.com\/lv\/\",\"logo\":{\"@type\":\"ImageObject\",\"inLanguage\":\"lv-LV\",\"@id\":\"https:\/\/dev.visitparnu.com\/lv\/#\/schema\/logo\/image\/\",\"url\":\"https:\/\/dev.visitparnu.com\/wp-content\/uploads\/2022\/11\/VP_logo.svg\",\"contentUrl\":\"https:\/\/dev.visitparnu.com\/wp-content\/uploads\/2022\/11\/VP_logo.svg\",\"width\":305,\"height\":33,\"caption\":\"Visit P\u00e4rnu\"},\"image\":{\"@id\":\"https:\/\/dev.visitparnu.com\/lv\/#\/schema\/logo\/image\/\"},\"sameAs\":[\"https:\/\/www.facebook.com\/visitparnuEE\/\",\"https:\/\/www.youtube.com\/user\/visitparnuestonia\/\",\"https:\/\/www.instagram.com\/visitparnu\/\"]}]}<\/script>\n<!-- \/ Yoast SEO plugin. -->","yoast_head_json":{"title":"Iev\u0113rojamas vietas - Visit P\u00e4rnu","robots":{"index":"noindex","follow":"follow","max-snippet":"max-snippet:-1","max-image-preview":"max-image-preview:large","max-video-preview":"max-video-preview:-1"},"og_locale":"lv_LV","og_type":"article","og_title":"Iev\u0113rojamas vietas - Visit P\u00e4rnu","og_url":"https:\/\/dev.visitparnu.com\/lv\/ieverojamas-vietas\/","og_site_name":"Visit P\u00e4rnu","article_publisher":"https:\/\/www.facebook.com\/visitparnuEE\/","article_modified_time":"2023-10-18T12:05:51+00:00","og_image":[{"width":2047,"height":1364,"url":"https:\/\/dev.visitparnu.com\/wp-content\/uploads\/2023\/10\/Parnu_vaatamisvaarsused.jpg","type":"image\/jpeg"}],"twitter_card":"summary_large_image","twitter_misc":{"Est. reading time":"1 minute"},"schema":{"@context":"https:\/\/schema.org","@graph":[{"@type":"WebPage","@id":"https:\/\/dev.visitparnu.com\/lv\/ieverojamas-vietas\/","url":"https:\/\/dev.visitparnu.com\/lv\/ieverojamas-vietas\/","name":"Iev\u0113rojamas vietas - Visit P\u00e4rnu","isPartOf":{"@id":"https:\/\/dev.visitparnu.com\/lv\/#website"},"primaryImageOfPage":{"@id":"https:\/\/dev.visitparnu.com\/lv\/ieverojamas-vietas\/#primaryimage"},"image":{"@id":"https:\/\/dev.visitparnu.com\/lv\/ieverojamas-vietas\/#primaryimage"},"thumbnailUrl":"https:\/\/dev.visitparnu.com\/wp-content\/uploads\/2023\/10\/Parnu_vaatamisvaarsused.jpg","datePublished":"2023-01-15T13:34:21+00:00","dateModified":"2023-10-18T12:05:51+00:00","breadcrumb":{"@id":"https:\/\/dev.visitparnu.com\/lv\/ieverojamas-vietas\/#breadcrumb"},"inLanguage":"lv-LV","potentialAction":[{"@type":"ReadAction","target":["https:\/\/dev.visitparnu.com\/lv\/ieverojamas-vietas\/"]}]},{"@type":"ImageObject","inLanguage":"lv-LV","@id":"https:\/\/dev.visitparnu.com\/lv\/ieverojamas-vietas\/#primaryimage","url":"https:\/\/dev.visitparnu.com\/wp-content\/uploads\/2023\/10\/Parnu_vaatamisvaarsused.jpg","contentUrl":"https:\/\/dev.visitparnu.com\/wp-content\/uploads\/2023\/10\/Parnu_vaatamisvaarsused.jpg","width":2047,"height":1364},{"@type":"BreadcrumbList","@id":"https:\/\/dev.visitparnu.com\/lv\/ieverojamas-vietas\/#breadcrumb","itemListElement":[{"@type":"ListItem","position":1,"name":"","item":"https:\/\/dev.visitparnu.com\/lv\/avaleht\/"},{"@type":"ListItem","position":2,"name":"Iev\u0113rojamas vietas"}]},{"@type":"WebSite","@id":"https:\/\/dev.visitparnu.com\/lv\/#website","url":"https:\/\/dev.visitparnu.com\/lv\/","name":"Visit P\u00e4rnu","description":"","publisher":{"@id":"https:\/\/dev.visitparnu.com\/lv\/#organization"},"potentialAction":[{"@type":"SearchAction","target":{"@type":"EntryPoint","urlTemplate":"https:\/\/dev.visitparnu.com\/lv\/?s={search_term_string}"},"query-input":{"@type":"PropertyValueSpecification","valueRequired":true,"valueName":"search_term_string"}}],"inLanguage":"lv-LV"},{"@type":"Organization","@id":"https:\/\/dev.visitparnu.com\/lv\/#organization","name":"Visit P\u00e4rnu","url":"https:\/\/dev.visitparnu.com\/lv\/","logo":{"@type":"ImageObject","inLanguage":"lv-LV","@id":"https:\/\/dev.visitparnu.com\/lv\/#\/schema\/logo\/image\/","url":"https:\/\/dev.visitparnu.com\/wp-content\/uploads\/2022\/11\/VP_logo.svg","contentUrl":"https:\/\/dev.visitparnu.com\/wp-content\/uploads\/2022\/11\/VP_logo.svg","width":305,"height":33,"caption":"Visit P\u00e4rnu"},"image":{"@id":"https:\/\/dev.visitparnu.com\/lv\/#\/schema\/logo\/image\/"},"sameAs":["https:\/\/www.facebook.com\/visitparnuEE\/","https:\/\/www.youtube.com\/user\/visitparnuestonia\/","https:\/\/www.instagram.com\/visitparnu\/"]}]}},"_links":{"self":[{"href":"https:\/\/dev.visitparnu.com\/lv\/wp-json\/wp\/v2\/pages\/4944308","targetHints":{"allow":["GET"]}}],"collection":[{"href":"https:\/\/dev.visitparnu.com\/lv\/wp-json\/wp\/v2\/pages"}],"about":[{"href":"https:\/\/dev.visitparnu.com\/lv\/wp-json\/wp\/v2\/types\/page"}],"author":[{"embeddable":true,"href":"https:\/\/dev.visitparnu.com\/lv\/wp-json\/wp\/v2\/users\/1"}],"replies":[{"embeddable":true,"href":"https:\/\/dev.visitparnu.com\/lv\/wp-json\/wp\/v2\/comments?post=4944308"}],"version-history":[{"count":1,"href":"https:\/\/dev.visitparnu.com\/lv\/wp-json\/wp\/v2\/pages\/4944308\/revisions"}],"predecessor-version":[{"id":4944312,"href":"https:\/\/dev.visitparnu.com\/lv\/wp-json\/wp\/v2\/pages\/4944308\/revisions\/4944312"}],"wp:featuredmedia":[{"embeddable":true,"href":"https:\/\/dev.visitparnu.com\/lv\/wp-json\/wp\/v2\/media\/4985768"}],"wp:attachment":[{"href":"https:\/\/dev.visitparnu.com\/lv\/wp-json\/wp\/v2\/media?parent=4944308"}],"curies":[{"name":"wp","href":"https:\/\/api.w.org\/{rel}","templated":true}]}}