{"id":4937496,"date":"2020-04-22T12:57:54","date_gmt":"2020-04-22T10:57:54","guid":{"rendered":"https:\/\/dev.visitparnu.com\/ka-noklut-pernava\/"},"modified":"2024-06-05T10:21:10","modified_gmt":"2024-06-05T08:21:10","slug":"ka-noklut-pernava","status":"publish","type":"page","link":"https:\/\/dev.visitparnu.com\/lv\/ka-noklut-pernava\/","title":{"rendered":"K\u0101 nok\u013c\u016bt P\u0113rnav\u0101?"},"content":{"rendered":"\t\t<div data-elementor-type=\"wp-page\" data-elementor-id=\"4937496\" class=\"elementor elementor-4937496 elementor-4936717\" data-elementor-post-type=\"page\">\n\t\t\t\t<div class=\"elementor-element elementor-element-0e7431c content-one-col-block e-flex e-con-boxed e-con e-parent\" data-id=\"0e7431c\" data-element_type=\"container\">\n\t\t\t\t\t<div class=\"e-con-inner\">\n\t\t<div class=\"elementor-element elementor-element-ef702bb e-con-full e-flex e-con e-child\" data-id=\"ef702bb\" data-element_type=\"container\">\n\t\t\t\t<div class=\"elementor-element elementor-element-a38b6b1 elementor-widget elementor-widget-text-editor\" data-id=\"a38b6b1\" data-element_type=\"widget\" data-widget_type=\"text-editor.default\">\n\t\t\t\t\t\t\t\t\t<p>P\u0113rnava ir viegli sasniedzama ar autobusu un automa\u0161\u012bnu. Turkl\u0101t P\u0113rnav\u0101 ir neliela kru\u012bza osta un P\u0113rnavas lidosta.\u00a0P\u0113rnavai ir pateic\u012bgs izvietojums, t\u0101 atrodas <strong>1,5\u00a0stundas autobrauciena att\u0101lum\u0101 no Igaunijas galvaspils\u0113tas Tallinas<\/strong> un <strong>2\u00a0stundu autobrauciena att\u0101lum\u0101\u00a0\u2013 no Latvijas galvaspils\u0113tas R\u012bgas<\/strong>. Ab\u0101s lielpils\u0113t\u0101s ir starptautisk\u0101s lidostas. Igaunijas pils\u0113t\u0101m ir laba autobusu satiksme ar P\u0113rnavu.\u00a0<\/p>\t\t\t\t\t\t\t\t<\/div>\n\t\t\t\t<\/div>\n\t\t\t\t\t<\/div>\n\t\t\t\t<\/div>\n\t\t<div class=\"elementor-element elementor-element-605a0a3 content-two-col-block e-flex e-con-boxed e-con e-parent\" data-id=\"605a0a3\" data-element_type=\"container\">\n\t\t\t\t\t<div class=\"e-con-inner\">\n\t\t<div class=\"elementor-element elementor-element-904e76d e-con-full e-flex e-con e-child\" data-id=\"904e76d\" data-element_type=\"container\">\n\t\t\t\t<div class=\"elementor-element elementor-element-73238a2 elementor-widget elementor-widget-image\" data-id=\"73238a2\" data-element_type=\"widget\" data-widget_type=\"image.default\">\n\t\t\t\t\t\t\t\t\t\t\t\t\t\t\t<img fetchpriority=\"high\" decoding=\"async\" width=\"799\" height=\"533\" src=\"https:\/\/dev.visitparnu.com\/wp-content\/uploads\/2023\/01\/tallinna-lennujaam.jpg\" class=\"attachment-large size-large wp-image-4944666\" alt=\"\" srcset=\"https:\/\/dev.visitparnu.com\/wp-content\/uploads\/2023\/01\/tallinna-lennujaam.jpg 799w, https:\/\/dev.visitparnu.com\/wp-content\/uploads\/2023\/01\/tallinna-lennujaam-300x200.jpg 300w, https:\/\/dev.visitparnu.com\/wp-content\/uploads\/2023\/01\/tallinna-lennujaam-768x512.jpg 768w\" sizes=\"(max-width: 799px) 100vw, 799px\" \/>\t\t\t\t\t\t\t\t\t\t\t\t\t\t\t<\/div>\n\t\t\t\t<div class=\"elementor-element elementor-element-f5eab05 elementor-widget elementor-widget-text-editor\" data-id=\"f5eab05\" data-element_type=\"widget\" data-widget_type=\"text-editor.default\">\n\t\t\t\t\t\t\t\t\t<div class=\"elementor-element elementor-element-3ccb41a elementor-widget elementor-widget-text-editor\" data-id=\"3ccb41a\" data-element_type=\"widget\" data-settings=\"{&quot;ekit_we_effect_on&quot;:&quot;none&quot;}\" data-widget_type=\"text-editor.default\"><div class=\"elementor-widget-container\"><div class=\"elementor-text-editor elementor-clearfix\"><h2><strong>Iera\u0161an\u0101s ar lidma\u0161\u012bnu<\/strong><\/h2><p>P\u0113rnavai tuv\u0101k\u0101s lidostas atrodas Tallin\u0101 un R\u012bg\u0101.<\/p><p><strong>Igaunijas liel\u0101k\u0101 lidosta\u00a0\u2013 Tallinas starptautisk\u0101 lidosta<\/strong>\u00a0\u2013 atrodas \u010detru kilometru att\u0101lum\u0101 no Tallinas pils\u0113tas centra. Uz vietas iesp\u0113jams nom\u0101t automa\u0161\u012bnu un no turienes doties jau t\u0101l\u0101k P\u0113rnavas virzien\u0101. Otrs variants ir braukt ar autobusu\/taksometru\/tramvaju l\u012bdz Tallinas autoostai un uz P\u0113rnavu doties ar starppils\u0113tu autobusu.\u00a0Tallinas lidosta ir pieejama no 40\u00a0starptautisko reisu galam\u0113r\u0137iem.<\/p><p><strong>Latvijas starptautisk\u0101 lidosta \u201cR\u012bga\u201d <\/strong>atrodas 13\u00a0kilometru att\u0101lum\u0101 no R\u012bgas pils\u0113tas centra un ir liel\u0101k\u0101 lidosta vis\u0101 Baltij\u0101. Lidostu gada laik\u0101 \u0161\u0137\u0113rso l\u012bdz 8\u00a0miljoni pasa\u017eieru, lidostai ir savienojumi ar gandr\u012bz 80\u00a0starptautiskajiem galam\u0113r\u0137iem.<\/p><p>R\u012bgas lidosta atrodas 190\u00a0kilometru att\u0101lum\u0101 no P\u0113rnavas. Uz vietas tie\u0161i t\u0101pat var nom\u0101t automa\u0161\u012bnu vai ar\u012b doties uz R\u012bgas autoostu, no kurienes m\u0113rot ce\u013cu P\u0113rnavas virzien\u0101.<\/p><p><strong>P\u0113rnavas lidost\u0101<\/strong> tika veikta rekonstrukcija un kop\u0161 2022. gada vasaras t\u0101 b\u016bs gatava apkalpot starptautiskus lidojumus. \u0160obr\u012bd no P\u0113rnavas lidostas notiek iek\u0161zemes lidojumi uz Ro\u0146u salu.<\/p><\/div><\/div><\/div>\t\t\t\t\t\t\t\t<\/div>\n\t\t\t\t<\/div>\n\t\t<div class=\"elementor-element elementor-element-0c1774e e-con-full e-flex e-con e-child\" data-id=\"0c1774e\" data-element_type=\"container\">\n\t\t\t\t<div class=\"elementor-element elementor-element-edfd57b elementor-widget elementor-widget-text-editor\" data-id=\"edfd57b\" data-element_type=\"widget\" data-widget_type=\"text-editor.default\">\n\t\t\t\t\t\t\t\t\t<h2><strong>Iera\u0161an\u0101s no j\u016bras<\/strong><\/h2><p>Tallinas ost\u0101 katru dienu ierodas desmitiem pr\u0101mju, galvenok\u0101rt no Somijas un Zviedrijas, bet ar kravas vai kru\u012bza ku\u0123i iesp\u0113jams atbraukt ar\u012b no t\u0101l\u0101k\u0101m viet\u0101m. Tallinas osta atrodas Tallinas pils\u0113tas centr\u0101, apm\u0113ram 130 kilometru att\u0101lum\u0101 no P\u0113rnavas. Kust\u012bbas grafiki pieejami ostas m\u0101jaslap\u0101.<\/p><p><strong>P\u0113rnavas ost\u0101<\/strong>, kas atrodas P\u0113rnavas pils\u0113tas centr\u0101, vasaras sezon\u0101 iesp\u0113jams iebraukt ar kru\u012bza ku\u0123iem. P\u0101rsvar\u0101 kru\u012bza ku\u0123i P\u0113rnav\u0101 uzturas vienu dienu.<\/p><p>Caur <a href=\"https:\/\/dev.visitparnu.com\/lv\/objekt\/pernavas-jahtkluba-jahtu-osta\/\">P\u0113rnavas jahtu ostu<\/a> P\u0113rnav\u0101 var nok\u013c\u016bt ar\u012b ar savu jahtu vai citu \u016bdens p\u0101rvieto\u0161an\u0101s l\u012bdzekli. Jahtu kluba osta atrodas nelielas pastaigas att\u0101lum\u0101 no pils\u0113tas centra.<\/p>\t\t\t\t\t\t\t\t<\/div>\n\t\t\t\t<div class=\"elementor-element elementor-element-483ad8c elementor-widget elementor-widget-image\" data-id=\"483ad8c\" data-element_type=\"widget\" data-widget_type=\"image.default\">\n\t\t\t\t\t\t\t\t\t\t\t\t\t\t\t<img decoding=\"async\" width=\"1024\" height=\"683\" src=\"https:\/\/dev.visitparnu.com\/wp-content\/uploads\/2023\/01\/Parnu-jahisadam-1024x683.jpg\" class=\"attachment-large size-large wp-image-4944665\" alt=\"\" srcset=\"https:\/\/dev.visitparnu.com\/wp-content\/uploads\/2023\/01\/Parnu-jahisadam-1024x683.jpg 1024w, https:\/\/dev.visitparnu.com\/wp-content\/uploads\/2023\/01\/Parnu-jahisadam-300x200.jpg 300w, https:\/\/dev.visitparnu.com\/wp-content\/uploads\/2023\/01\/Parnu-jahisadam-768x512.jpg 768w, https:\/\/dev.visitparnu.com\/wp-content\/uploads\/2023\/01\/Parnu-jahisadam-1536x1024.jpg 1536w, https:\/\/dev.visitparnu.com\/wp-content\/uploads\/2023\/01\/Parnu-jahisadam.jpg 1731w\" sizes=\"(max-width: 1024px) 100vw, 1024px\" \/>\t\t\t\t\t\t\t\t\t\t\t\t\t\t\t<\/div>\n\t\t\t\t<div class=\"elementor-element elementor-element-fc8c4a8 elementor-widget elementor-widget-text-editor\" data-id=\"fc8c4a8\" data-element_type=\"widget\" data-widget_type=\"text-editor.default\">\n\t\t\t\t\t\t\t\t\t<h2><strong>Iera\u0161an\u0101s ar autobusu<\/strong><\/h2><p>P\u0113rnavas autoost\u0101 starptautisko l\u012bniju autobusi iebrauc no vair\u0101k\u0101m Eiropas lielpils\u0113t\u0101m:<\/p><ul><li>no R\u012bgas,<\/li><li>no Vi\u013c\u0146as,<\/li><li>no Var\u0161avas,<\/li><li>no Sanktp\u0113terburgas,<\/li><li>no Minskas.<\/li><\/ul><p>T\u0101pat autobusi kurs\u0113 uz da\u017e\u0101diem P\u0113rnavas apri\u0146\u0137a nost\u016briem.<\/p><p>No Tallinas autoostas l\u012bdz P\u0113rnavas autoostai nok\u013c\u016bsiet ar tie\u0161o reisu. Autobusi starp P\u0113rnavas un Tallinas autoost\u0101m kurs\u0113 ik p\u0113c 30\u201360 min.<\/p><p>Papildu inform\u0101cija:<\/p><ul><li><a href=\"https:\/\/dev.visitparnu.com\/lv\/pernavas-autoosta\/\">P\u0113rnavas autoosta<\/a><\/li><li><a href=\"http:\/\/www.bussijaam.ee\/en\/\">Tallinas autoosta<\/a><\/li><\/ul><h2><strong>Iera\u0161an\u0101s ar automa\u0161\u012bnu<\/strong><\/h2><p>Igaunijas \u0161osejas kopum\u0101 ir \u013coti lab\u0101 st\u0101vokl\u012b un P\u0113rnav\u0101 var iebraukt no vair\u0101k\u0101m pus\u0113m. Galvenie ce\u013ci, kas ved uz P\u0113rnavu, ir virzien\u0101 no Tallinas, R\u012bgas, Tartu un H\u0101psalu. Ja ierodaties ar automa\u0161\u012bnu, iepaz\u012bstieties ar m\u016bsu <a href=\"https:\/\/dev.visitparnu.com\/lv\/autostavvietas-pernava\/\">inform\u0101ciju par automa\u0161\u012bnu st\u0101vviet\u0101m<\/a>.<\/p><p>Automa\u0161\u012bnas nomas iesp\u0113jas tiek pied\u0101v\u0101tas gan Tallinas, gan R\u012bgas lidost\u0101. T\u0101pat automa\u0161\u012bnu iesp\u0113jams nom\u0101t vis\u0101s liel\u0101kaj\u0101s Igaunijas pils\u0113t\u0101s, tostarp ar\u012b P\u0113rnav\u0101. Inform\u0101cija par uz\u0146\u0113mumiem, kas pied\u0101v\u0101 autonomas pakalpojumus P\u0113rnav\u0101, main\u0101s sam\u0113r\u0101 bie\u017ei. T\u0101d\u0113\u013c, lai ieg\u016btu papildu inform\u0101ciju, varat dro\u0161i <a href=\"https:\/\/dev.visitparnu.com\/lv\/kontakti\/\">rakst\u012bt<\/a> mums.<\/p>\t\t\t\t\t\t\t\t<\/div>\n\t\t\t\t<\/div>\n\t\t\t\t\t<\/div>\n\t\t\t\t<\/div>\n\t\t\t\t<\/div>\n\t\t","protected":false},"excerpt":{"rendered":"<p>P\u0113rnava ir viegli sasniedzama ar autobusu un automa\u0161\u012bnu. Turkl\u0101t P\u0113rnav\u0101 ir neliela kru\u012bza osta un P\u0113rnavas lidosta.\u00a0P\u0113rnavai ir pateic\u012bgs izvietojums, t\u0101 atrodas 1,5\u00a0stundas autobrauciena att\u0101lum\u0101 no Igaunijas galvaspils\u0113tas Tallinas un 2\u00a0stundu autobrauciena att\u0101lum\u0101\u00a0\u2013 no Latvijas galvaspils\u0113tas R\u012bgas. Ab\u0101s lielpils\u0113t\u0101s ir starptautisk\u0101s lidostas. Igaunijas pils\u0113t\u0101m ir laba autobusu satiksme ar P\u0113rnavu.\u00a0 Iera\u0161an\u0101s ar lidma\u0161\u012bnu P\u0113rnavai tuv\u0101k\u0101s [&hellip;]<\/p>\n","protected":false},"author":1,"featured_media":4944659,"parent":0,"menu_order":0,"comment_status":"closed","ping_status":"closed","template":"","meta":{"_acf_changed":false,"footnotes":""},"class_list":["post-4937496","page","type-page","status-publish","has-post-thumbnail","hentry"],"acf":[],"yoast_head":"<!-- This site is optimized with the Yoast SEO plugin v26.5 - https:\/\/yoast.com\/wordpress\/plugins\/seo\/ -->\n<title>K\u0101 nok\u013c\u016bt P\u0113rnav\u0101? - Visit P\u00e4rnu<\/title>\n<meta name=\"robots\" content=\"noindex, follow, max-snippet:-1, max-image-preview:large, max-video-preview:-1\" \/>\n<meta property=\"og:locale\" content=\"lv_LV\" \/>\n<meta property=\"og:type\" content=\"article\" \/>\n<meta property=\"og:title\" content=\"K\u0101 nok\u013c\u016bt P\u0113rnav\u0101? - Visit P\u00e4rnu\" \/>\n<meta property=\"og:description\" content=\"P\u0113rnava ir viegli sasniedzama ar autobusu un automa\u0161\u012bnu. Turkl\u0101t P\u0113rnav\u0101 ir neliela kru\u012bza osta un P\u0113rnavas lidosta.\u00a0P\u0113rnavai ir pateic\u012bgs izvietojums, t\u0101 atrodas 1,5\u00a0stundas autobrauciena att\u0101lum\u0101 no Igaunijas galvaspils\u0113tas Tallinas un 2\u00a0stundu autobrauciena att\u0101lum\u0101\u00a0\u2013 no Latvijas galvaspils\u0113tas R\u012bgas. Ab\u0101s lielpils\u0113t\u0101s ir starptautisk\u0101s lidostas. Igaunijas pils\u0113t\u0101m ir laba autobusu satiksme ar P\u0113rnavu.\u00a0 Iera\u0161an\u0101s ar lidma\u0161\u012bnu P\u0113rnavai tuv\u0101k\u0101s [&hellip;]\" \/>\n<meta property=\"og:url\" content=\"https:\/\/dev.visitparnu.com\/lv\/ka-noklut-pernava\/\" \/>\n<meta property=\"og:site_name\" content=\"Visit P\u00e4rnu\" \/>\n<meta property=\"article:publisher\" content=\"https:\/\/www.facebook.com\/visitparnuEE\/\" \/>\n<meta property=\"article:modified_time\" content=\"2024-06-05T08:21:10+00:00\" \/>\n<meta property=\"og:image\" content=\"https:\/\/dev.visitparnu.com\/wp-content\/uploads\/2023\/01\/Kuidas-tulla-parnusse.jpg\" \/>\n\t<meta property=\"og:image:width\" content=\"1730\" \/>\n\t<meta property=\"og:image:height\" content=\"1155\" \/>\n\t<meta property=\"og:image:type\" content=\"image\/jpeg\" \/>\n<meta name=\"twitter:card\" content=\"summary_large_image\" \/>\n<meta name=\"twitter:label1\" content=\"Est. reading time\" \/>\n\t<meta name=\"twitter:data1\" content=\"4 minutes\" \/>\n<script type=\"application\/ld+json\" class=\"yoast-schema-graph\">{\"@context\":\"https:\/\/schema.org\",\"@graph\":[{\"@type\":\"WebPage\",\"@id\":\"https:\/\/dev.visitparnu.com\/lv\/ka-noklut-pernava\/\",\"url\":\"https:\/\/dev.visitparnu.com\/lv\/ka-noklut-pernava\/\",\"name\":\"K\u0101 nok\u013c\u016bt P\u0113rnav\u0101? - Visit P\u00e4rnu\",\"isPartOf\":{\"@id\":\"https:\/\/dev.visitparnu.com\/lv\/#website\"},\"primaryImageOfPage\":{\"@id\":\"https:\/\/dev.visitparnu.com\/lv\/ka-noklut-pernava\/#primaryimage\"},\"image\":{\"@id\":\"https:\/\/dev.visitparnu.com\/lv\/ka-noklut-pernava\/#primaryimage\"},\"thumbnailUrl\":\"https:\/\/dev.visitparnu.com\/wp-content\/uploads\/2023\/01\/Kuidas-tulla-parnusse.jpg\",\"datePublished\":\"2020-04-22T10:57:54+00:00\",\"dateModified\":\"2024-06-05T08:21:10+00:00\",\"breadcrumb\":{\"@id\":\"https:\/\/dev.visitparnu.com\/lv\/ka-noklut-pernava\/#breadcrumb\"},\"inLanguage\":\"lv-LV\",\"potentialAction\":[{\"@type\":\"ReadAction\",\"target\":[\"https:\/\/dev.visitparnu.com\/lv\/ka-noklut-pernava\/\"]}]},{\"@type\":\"ImageObject\",\"inLanguage\":\"lv-LV\",\"@id\":\"https:\/\/dev.visitparnu.com\/lv\/ka-noklut-pernava\/#primaryimage\",\"url\":\"https:\/\/dev.visitparnu.com\/wp-content\/uploads\/2023\/01\/Kuidas-tulla-parnusse.jpg\",\"contentUrl\":\"https:\/\/dev.visitparnu.com\/wp-content\/uploads\/2023\/01\/Kuidas-tulla-parnusse.jpg\",\"width\":1730,\"height\":1155},{\"@type\":\"BreadcrumbList\",\"@id\":\"https:\/\/dev.visitparnu.com\/lv\/ka-noklut-pernava\/#breadcrumb\",\"itemListElement\":[{\"@type\":\"ListItem\",\"position\":1,\"name\":\"\",\"item\":\"https:\/\/dev.visitparnu.com\/lv\/avaleht\/\"},{\"@type\":\"ListItem\",\"position\":2,\"name\":\"K\u0101 nok\u013c\u016bt P\u0113rnav\u0101?\"}]},{\"@type\":\"WebSite\",\"@id\":\"https:\/\/dev.visitparnu.com\/lv\/#website\",\"url\":\"https:\/\/dev.visitparnu.com\/lv\/\",\"name\":\"Visit P\u00e4rnu\",\"description\":\"\",\"publisher\":{\"@id\":\"https:\/\/dev.visitparnu.com\/lv\/#organization\"},\"potentialAction\":[{\"@type\":\"SearchAction\",\"target\":{\"@type\":\"EntryPoint\",\"urlTemplate\":\"https:\/\/dev.visitparnu.com\/lv\/?s={search_term_string}\"},\"query-input\":{\"@type\":\"PropertyValueSpecification\",\"valueRequired\":true,\"valueName\":\"search_term_string\"}}],\"inLanguage\":\"lv-LV\"},{\"@type\":\"Organization\",\"@id\":\"https:\/\/dev.visitparnu.com\/lv\/#organization\",\"name\":\"Visit P\u00e4rnu\",\"url\":\"https:\/\/dev.visitparnu.com\/lv\/\",\"logo\":{\"@type\":\"ImageObject\",\"inLanguage\":\"lv-LV\",\"@id\":\"https:\/\/dev.visitparnu.com\/lv\/#\/schema\/logo\/image\/\",\"url\":\"https:\/\/dev.visitparnu.com\/wp-content\/uploads\/2022\/11\/VP_logo.svg\",\"contentUrl\":\"https:\/\/dev.visitparnu.com\/wp-content\/uploads\/2022\/11\/VP_logo.svg\",\"width\":305,\"height\":33,\"caption\":\"Visit P\u00e4rnu\"},\"image\":{\"@id\":\"https:\/\/dev.visitparnu.com\/lv\/#\/schema\/logo\/image\/\"},\"sameAs\":[\"https:\/\/www.facebook.com\/visitparnuEE\/\",\"https:\/\/www.youtube.com\/user\/visitparnuestonia\/\",\"https:\/\/www.instagram.com\/visitparnu\/\"]}]}<\/script>\n<!-- \/ Yoast SEO plugin. -->","yoast_head_json":{"title":"K\u0101 nok\u013c\u016bt P\u0113rnav\u0101? - Visit P\u00e4rnu","robots":{"index":"noindex","follow":"follow","max-snippet":"max-snippet:-1","max-image-preview":"max-image-preview:large","max-video-preview":"max-video-preview:-1"},"og_locale":"lv_LV","og_type":"article","og_title":"K\u0101 nok\u013c\u016bt P\u0113rnav\u0101? - Visit P\u00e4rnu","og_description":"P\u0113rnava ir viegli sasniedzama ar autobusu un automa\u0161\u012bnu. Turkl\u0101t P\u0113rnav\u0101 ir neliela kru\u012bza osta un P\u0113rnavas lidosta.\u00a0P\u0113rnavai ir pateic\u012bgs izvietojums, t\u0101 atrodas 1,5\u00a0stundas autobrauciena att\u0101lum\u0101 no Igaunijas galvaspils\u0113tas Tallinas un 2\u00a0stundu autobrauciena att\u0101lum\u0101\u00a0\u2013 no Latvijas galvaspils\u0113tas R\u012bgas. Ab\u0101s lielpils\u0113t\u0101s ir starptautisk\u0101s lidostas. Igaunijas pils\u0113t\u0101m ir laba autobusu satiksme ar P\u0113rnavu.\u00a0 Iera\u0161an\u0101s ar lidma\u0161\u012bnu P\u0113rnavai tuv\u0101k\u0101s [&hellip;]","og_url":"https:\/\/dev.visitparnu.com\/lv\/ka-noklut-pernava\/","og_site_name":"Visit P\u00e4rnu","article_publisher":"https:\/\/www.facebook.com\/visitparnuEE\/","article_modified_time":"2024-06-05T08:21:10+00:00","og_image":[{"width":1730,"height":1155,"url":"https:\/\/dev.visitparnu.com\/wp-content\/uploads\/2023\/01\/Kuidas-tulla-parnusse.jpg","type":"image\/jpeg"}],"twitter_card":"summary_large_image","twitter_misc":{"Est. reading time":"4 minutes"},"schema":{"@context":"https:\/\/schema.org","@graph":[{"@type":"WebPage","@id":"https:\/\/dev.visitparnu.com\/lv\/ka-noklut-pernava\/","url":"https:\/\/dev.visitparnu.com\/lv\/ka-noklut-pernava\/","name":"K\u0101 nok\u013c\u016bt P\u0113rnav\u0101? - Visit P\u00e4rnu","isPartOf":{"@id":"https:\/\/dev.visitparnu.com\/lv\/#website"},"primaryImageOfPage":{"@id":"https:\/\/dev.visitparnu.com\/lv\/ka-noklut-pernava\/#primaryimage"},"image":{"@id":"https:\/\/dev.visitparnu.com\/lv\/ka-noklut-pernava\/#primaryimage"},"thumbnailUrl":"https:\/\/dev.visitparnu.com\/wp-content\/uploads\/2023\/01\/Kuidas-tulla-parnusse.jpg","datePublished":"2020-04-22T10:57:54+00:00","dateModified":"2024-06-05T08:21:10+00:00","breadcrumb":{"@id":"https:\/\/dev.visitparnu.com\/lv\/ka-noklut-pernava\/#breadcrumb"},"inLanguage":"lv-LV","potentialAction":[{"@type":"ReadAction","target":["https:\/\/dev.visitparnu.com\/lv\/ka-noklut-pernava\/"]}]},{"@type":"ImageObject","inLanguage":"lv-LV","@id":"https:\/\/dev.visitparnu.com\/lv\/ka-noklut-pernava\/#primaryimage","url":"https:\/\/dev.visitparnu.com\/wp-content\/uploads\/2023\/01\/Kuidas-tulla-parnusse.jpg","contentUrl":"https:\/\/dev.visitparnu.com\/wp-content\/uploads\/2023\/01\/Kuidas-tulla-parnusse.jpg","width":1730,"height":1155},{"@type":"BreadcrumbList","@id":"https:\/\/dev.visitparnu.com\/lv\/ka-noklut-pernava\/#breadcrumb","itemListElement":[{"@type":"ListItem","position":1,"name":"","item":"https:\/\/dev.visitparnu.com\/lv\/avaleht\/"},{"@type":"ListItem","position":2,"name":"K\u0101 nok\u013c\u016bt P\u0113rnav\u0101?"}]},{"@type":"WebSite","@id":"https:\/\/dev.visitparnu.com\/lv\/#website","url":"https:\/\/dev.visitparnu.com\/lv\/","name":"Visit P\u00e4rnu","description":"","publisher":{"@id":"https:\/\/dev.visitparnu.com\/lv\/#organization"},"potentialAction":[{"@type":"SearchAction","target":{"@type":"EntryPoint","urlTemplate":"https:\/\/dev.visitparnu.com\/lv\/?s={search_term_string}"},"query-input":{"@type":"PropertyValueSpecification","valueRequired":true,"valueName":"search_term_string"}}],"inLanguage":"lv-LV"},{"@type":"Organization","@id":"https:\/\/dev.visitparnu.com\/lv\/#organization","name":"Visit P\u00e4rnu","url":"https:\/\/dev.visitparnu.com\/lv\/","logo":{"@type":"ImageObject","inLanguage":"lv-LV","@id":"https:\/\/dev.visitparnu.com\/lv\/#\/schema\/logo\/image\/","url":"https:\/\/dev.visitparnu.com\/wp-content\/uploads\/2022\/11\/VP_logo.svg","contentUrl":"https:\/\/dev.visitparnu.com\/wp-content\/uploads\/2022\/11\/VP_logo.svg","width":305,"height":33,"caption":"Visit P\u00e4rnu"},"image":{"@id":"https:\/\/dev.visitparnu.com\/lv\/#\/schema\/logo\/image\/"},"sameAs":["https:\/\/www.facebook.com\/visitparnuEE\/","https:\/\/www.youtube.com\/user\/visitparnuestonia\/","https:\/\/www.instagram.com\/visitparnu\/"]}]}},"_links":{"self":[{"href":"https:\/\/dev.visitparnu.com\/lv\/wp-json\/wp\/v2\/pages\/4937496","targetHints":{"allow":["GET"]}}],"collection":[{"href":"https:\/\/dev.visitparnu.com\/lv\/wp-json\/wp\/v2\/pages"}],"about":[{"href":"https:\/\/dev.visitparnu.com\/lv\/wp-json\/wp\/v2\/types\/page"}],"author":[{"embeddable":true,"href":"https:\/\/dev.visitparnu.com\/lv\/wp-json\/wp\/v2\/users\/1"}],"replies":[{"embeddable":true,"href":"https:\/\/dev.visitparnu.com\/lv\/wp-json\/wp\/v2\/comments?post=4937496"}],"version-history":[{"count":14,"href":"https:\/\/dev.visitparnu.com\/lv\/wp-json\/wp\/v2\/pages\/4937496\/revisions"}],"predecessor-version":[{"id":5003228,"href":"https:\/\/dev.visitparnu.com\/lv\/wp-json\/wp\/v2\/pages\/4937496\/revisions\/5003228"}],"wp:featuredmedia":[{"embeddable":true,"href":"https:\/\/dev.visitparnu.com\/lv\/wp-json\/wp\/v2\/media\/4944659"}],"wp:attachment":[{"href":"https:\/\/dev.visitparnu.com\/lv\/wp-json\/wp\/v2\/media?parent=4937496"}],"curies":[{"name":"wp","href":"https:\/\/api.w.org\/{rel}","templated":true}]}}