{"id":4937406,"date":"2018-07-30T18:04:40","date_gmt":"2018-07-30T16:04:40","guid":{"rendered":"https:\/\/dev.visitparnu.com\/notikumi\/"},"modified":"2024-12-27T14:48:18","modified_gmt":"2024-12-27T12:48:18","slug":"notikumi","status":"publish","type":"page","link":"https:\/\/dev.visitparnu.com\/lv\/notikumi\/","title":{"rendered":"Notikumi"},"content":{"rendered":"\t\t<div data-elementor-type=\"wp-post\" data-elementor-id=\"4937406\" class=\"elementor elementor-4937406 elementor-4936628\" data-elementor-post-type=\"page\">\n\t\t\t\t\t\t<section class=\"elementor-section elementor-top-section elementor-element elementor-element-5d11c20 elementor-section-boxed elementor-section-height-default elementor-section-height-default\" data-id=\"5d11c20\" data-element_type=\"section\">\n\t\t\t\t\t\t<div class=\"elementor-container elementor-column-gap-default\">\n\t\t\t\t\t<div class=\"elementor-column elementor-col-100 elementor-top-column elementor-element elementor-element-8de7e36\" data-id=\"8de7e36\" data-element_type=\"column\">\n\t\t\t<div class=\"elementor-widget-wrap elementor-element-populated\">\n\t\t\t\t\t\t<div class=\"elementor-element elementor-element-18a4dd0 elementor-widget elementor-widget-text-editor\" data-id=\"18a4dd0\" data-element_type=\"widget\" data-widget_type=\"text-editor.default\">\n\t\t\t\t\t\t\t\t\t<p>P\u0113rnav\u0101 gada laik\u0101 norisin\u0101s t\u016bksto\u0161iem da\u017e\u0101du notikumu. Liel\u0101kie festiv\u0101li un pas\u0101kumi parasti notiek vasar\u0101, tom\u0113r ar\u012b \u0101rpus vasaras sezonas viesus priec\u0113 vair\u0101kas aizraujo\u0161as aktivit\u0101tes. Visitparnu apkopo svar\u012bg\u0101k\u0101s aktualit\u0101tes par P\u0113rnavas pils\u0113tu un apri\u0146\u0137i. \u0160eit var ieg\u016bt vair\u0101kas lieliskas idejas un ieteikumus ce\u013cojuma pl\u0101niem atva\u013cin\u0101jum\u0101 vai ned\u0113\u013cas nogal\u0113.<\/p>\t\t\t\t\t\t\t\t<\/div>\n\t\t\t\t\t<\/div>\n\t\t<\/div>\n\t\t\t\t\t<\/div>\n\t\t<\/section>\n\t\t<div class=\"elementor-element elementor-element-64e8c6c e-flex e-con-boxed e-con e-parent\" data-id=\"64e8c6c\" data-element_type=\"container\">\n\t\t\t\t\t<div class=\"e-con-inner\">\n\t\t\t\t<div class=\"elementor-element elementor-element-dd03d4c elementor-widget elementor-widget-shortcode\" data-id=\"dd03d4c\" data-element_type=\"widget\" data-widget_type=\"shortcode.default\">\n\t\t\t\t\t\t\t<div class=\"elementor-shortcode\"><div class=\"page-content-list shortcode-instance\" data-vp-cookie-conf=\"{&quot;post_id_set&quot;:{&quot;name&quot;:&quot;vp_fav_set&quot;,&quot;separator&quot;:&quot;|&quot;,&quot;ttl&quot;:315360000},&quot;hash&quot;:{&quot;name&quot;:&quot;vp_fav_hash&quot;,&quot;ttl&quot;:315360000}}\" data-vp-object-type=\"remote_object_ve\" data-scid=\"47024af5c9\"><div class=\"obj-grid-header-wrapper\"><div class=\"obj-filter\" data-filter-param-set='{\"sectionId\":0,\"categorySet\":[],\"filter\":[],\"object_type\":\"remote_object_ve\",\"hide-filter\":false,\"hide-total\":false,\"hide-footer\":false,\"section\":\"events\",\"category\":\"\",\"event_range\":\"\",\"posts_per_page\":12,\"option\":\"\",\"accessory\":\"\",\"page\":1}'><a aria-label=\"Atv\u0113rt filtru\" href=\"#\" class=\"open-filters-button global-btn\"><i class=\"fa-light fa-filter-list\"><\/i>Atv\u0113rt filtru<\/a><\/div><div class=\"filter-modal\"><div class=\"close-modal\"><img decoding=\"async\" alt=\"filter close\" src=\"https:\/\/dev.visitparnu.com\/wp-content\/themes\/VisitParnu2023\/assets\/filter-close.svg\" \/><\/div><div class=\"filter-modal-content\"><h2>Filtru<\/h2><a href=\"#\" class=\"close-filters-button global-btn\">Filtru<\/a><a class=\"remove-all-filters\" href=\"#\">Filtru<\/a><div class=\"modal-column\"><div class=\"filter-group\" data-filter-section=\"type\"><h3><\/h3><div class=\"filter-item\" data-filter-key=\"yldine_kategooria_uritus\">Pas\u0101kumi<\/div><\/div><\/div><\/div><\/div><div class=\"active-filters\"><a href=\"#\" class=\"remove-filters\">Filtru<\/a><\/div><\/div><div class=\"grid-total-info\">Kopum\u0101: <div>14<\/div><\/div><div class=\"obj-grid\" data-rowcnt=\"4\" data-rowcntmbl=\"1\" data-object-count-per-load=\"12\" data-all-loaded=\"0\"><a href=\"https:\/\/dev.visitparnu.com\/objekt\/striidikooli-kevadjooks-2\/\" class=\"obj-grid-item\" data-iteration=\"1\" data-post_id=\"5070138\" data-post_type=\"remote_object_ve\"><div class=\"add-to-fav\"><\/div><div class=\"obj-grid-item-img-container image-wrap\"><div class=\"img-black-overlay\"><\/div><\/div><div class=\"obj-grid-item-container\"><h2>Striidikooli kevadjooks<\/h2><div class=\"meta-info\">Pas\u0101kumi<\/div><\/div><\/a><a href=\"https:\/\/dev.visitparnu.com\/objekt\/takupaev-tori-hobusekasvanduses-2\/\" class=\"obj-grid-item\" data-iteration=\"2\" data-post_id=\"5070158\" data-post_type=\"remote_object_ve\"><div class=\"add-to-fav\"><\/div><div class=\"obj-grid-item-img-container image-wrap\"><div class=\"img-black-overlay\"><\/div><\/div><div class=\"obj-grid-item-container\"><h2>T\u00e4kup\u00e4ev Tori Hobusekasvanduses<\/h2><div class=\"meta-info\">Pas\u0101kumi<\/div><\/div><\/a><a href=\"https:\/\/dev.visitparnu.com\/objekt\/xi-kihnu-raimeretk-2\/\" class=\"obj-grid-item\" data-iteration=\"3\" data-post_id=\"5070168\" data-post_type=\"remote_object_ve\"><div class=\"add-to-fav\"><\/div><div class=\"obj-grid-item-img-container image-wrap\"><div class=\"img-black-overlay\"><\/div><\/div><div class=\"obj-grid-item-container\"><h2>XI KIHNU R\u00c4IMERETK<\/h2><div class=\"meta-info\">Pas\u0101kumi<\/div><\/div><\/a><a href=\"https:\/\/dev.visitparnu.com\/objekt\/pernavas-stadu-gadatirgus\/\" class=\"obj-grid-item\" data-iteration=\"4\" data-post_id=\"5070133\" data-post_type=\"remote_object_ve\"><div class=\"add-to-fav\"><\/div><div class=\"obj-grid-item-img-container image-wrap\"><div class=\"img-black-overlay\"><\/div><\/div><div class=\"obj-grid-item-container\"><h2>P\u0113rnavas st\u0101du gadatirgus<\/h2><div class=\"meta-info\">Pas\u0101kumi<\/div><\/div><\/a><a href=\"https:\/\/dev.visitparnu.com\/objekt\/chi-parnu-starptautiskais-jasanas-sporta-festivals\/\" class=\"obj-grid-item\" data-iteration=\"5\" data-post_id=\"5070119\" data-post_type=\"remote_object_ve\"><div class=\"add-to-fav\"><\/div><div class=\"obj-grid-item-img-container image-wrap\"><div class=\"img-black-overlay\"><\/div><\/div><div class=\"obj-grid-item-container\"><h2>CHI P\u00e4rnu \u2013 Starptautiskais j\u0101\u0161anas sporta festiv\u0101ls<\/h2><div class=\"meta-info\">Pas\u0101kumi<\/div><\/div><\/a><a href=\"https:\/\/dev.visitparnu.com\/objekt\/nordic-kite-fest-2\/\" class=\"obj-grid-item\" data-iteration=\"6\" data-post_id=\"5070148\" data-post_type=\"remote_object_ve\"><div class=\"add-to-fav\"><\/div><div class=\"obj-grid-item-img-container image-wrap\"><div class=\"img-black-overlay\"><\/div><\/div><div class=\"obj-grid-item-container\"><h2>Nordic Kite Fest<\/h2><div class=\"meta-info\">Pas\u0101kumi<\/div><\/div><\/a><a href=\"https:\/\/dev.visitparnu.com\/objekt\/labu-edienu-festivals-grillfest\/\" class=\"obj-grid-item\" data-iteration=\"7\" data-post_id=\"5070100\" data-post_type=\"remote_object_ve\"><div class=\"add-to-fav\"><\/div><div class=\"obj-grid-item-img-container image-wrap\"><div class=\"img-black-overlay\"><\/div><\/div><div class=\"obj-grid-item-container\"><h2>Labu \u0113dienu festiv\u0101ls \u201e Grillfest\u201c<\/h2><div class=\"meta-info\">Pas\u0101kumi<\/div><\/div><\/a><a href=\"https:\/\/dev.visitparnu.com\/objekt\/pernavas-vasaras-kauss\/\" class=\"obj-grid-item\" data-iteration=\"8\" data-post_id=\"5070178\" data-post_type=\"remote_object_ve\"><div class=\"add-to-fav\"><\/div><div class=\"obj-grid-item-img-container image-wrap\"><div class=\"img-black-overlay\"><\/div><\/div><div class=\"obj-grid-item-container\"><h2>P\u0113rnavas Vasaras Kauss<\/h2><div class=\"meta-info\">Pas\u0101kumi<\/div><\/div><\/a><a href=\"https:\/\/dev.visitparnu.com\/objekt\/aeglase-hetke-esimese-mee-vurritamise-paev-2\/\" class=\"obj-grid-item\" data-iteration=\"9\" data-post_id=\"5070123\" data-post_type=\"remote_object_ve\"><div class=\"add-to-fav\"><\/div><div class=\"obj-grid-item-img-container image-wrap\"><div class=\"img-black-overlay\"><\/div><\/div><div class=\"obj-grid-item-container\"><h2>Aeglase hetke esimese mee vurritamise p\u00e4ev<\/h2><div class=\"meta-info\">Pas\u0101kumi<\/div><\/div><\/a><a href=\"https:\/\/dev.visitparnu.com\/objekt\/pernavas-hanzas-dienas\/\" class=\"obj-grid-item\" data-iteration=\"10\" data-post_id=\"5070105\" data-post_type=\"remote_object_ve\"><div class=\"add-to-fav\"><\/div><div class=\"obj-grid-item-img-container image-wrap\"><div class=\"img-black-overlay\"><\/div><\/div><div class=\"obj-grid-item-container\"><h2>P\u0113rnavas Hanzas dienas<\/h2><div class=\"meta-info\">Pas\u0101kumi<\/div><\/div><\/a><a href=\"https:\/\/dev.visitparnu.com\/objekt\/pernavas-muzikas-festivals-jervi-akademija\/\" class=\"obj-grid-item\" data-iteration=\"11\" data-post_id=\"5070110\" data-post_type=\"remote_object_ve\"><div class=\"add-to-fav\"><\/div><div class=\"obj-grid-item-img-container image-wrap\"><div class=\"img-black-overlay\"><\/div><\/div><div class=\"obj-grid-item-container\"><h2>P\u0113rnavas M\u016bzikas festiv\u0101ls & Jervi Akad\u0113mija<\/h2><div class=\"meta-info\">Pas\u0101kumi<\/div><\/div><\/a><a href=\"https:\/\/dev.visitparnu.com\/objekt\/austeru-festivals-merekula\/\" class=\"obj-grid-item\" data-iteration=\"12\" data-post_id=\"5070128\" data-post_type=\"remote_object_ve\"><div class=\"add-to-fav\"><\/div><div class=\"obj-grid-item-img-container image-wrap\"><div class=\"img-black-overlay\"><\/div><\/div><div class=\"obj-grid-item-container\"><h2>Austeru festiv\u0101ls \"Merek\u00fcla\"<\/h2><div class=\"meta-info\">Pas\u0101kumi<\/div><\/div><\/a><img decoding=\"async\" alt=\"loading\" class=\"obj-grid-loading\" src=\"https:\/\/dev.visitparnu.com\/wp-content\/themes\/VisitParnu2023\/assets\/loading.gif\" \/><\/div><div class=\"obj-grid-footer\"><div class=\"\"><\/div><a href=\"#\" class=\"global-btn load-more-button\">R\u0101d\u012bt vair\u0101k (<div>2<\/div>)<\/a><\/div><\/div><\/div>\n\t\t\t\t\t\t<\/div>\n\t\t\t\t\t<\/div>\n\t\t\t\t<\/div>\n\t\t\t\t<\/div>\n\t\t","protected":false},"excerpt":{"rendered":"<p>P\u0113rnav\u0101 gada laik\u0101 norisin\u0101s t\u016bksto\u0161iem da\u017e\u0101du notikumu. Liel\u0101kie festiv\u0101li un pas\u0101kumi parasti notiek vasar\u0101, tom\u0113r ar\u012b \u0101rpus vasaras sezonas viesus priec\u0113 vair\u0101kas aizraujo\u0161as aktivit\u0101tes. Visitparnu apkopo svar\u012bg\u0101k\u0101s aktualit\u0101tes par P\u0113rnavas pils\u0113tu un apri\u0146\u0137i. \u0160eit var ieg\u016bt vair\u0101kas lieliskas idejas un ieteikumus ce\u013cojuma pl\u0101niem atva\u013cin\u0101jum\u0101 vai ned\u0113\u013cas nogal\u0113.<\/p>\n","protected":false},"author":1,"featured_media":4944638,"parent":0,"menu_order":0,"comment_status":"closed","ping_status":"closed","template":"","meta":{"_acf_changed":false,"footnotes":""},"class_list":["post-4937406","page","type-page","status-publish","has-post-thumbnail","hentry"],"acf":[],"yoast_head":"<!-- This site is optimized with the Yoast SEO plugin v26.5 - https:\/\/yoast.com\/wordpress\/plugins\/seo\/ -->\n<title>Notikumi - Visit P\u00e4rnu<\/title>\n<meta name=\"robots\" content=\"noindex, follow, max-snippet:-1, max-image-preview:large, max-video-preview:-1\" \/>\n<meta property=\"og:locale\" content=\"lv_LV\" \/>\n<meta property=\"og:type\" content=\"article\" \/>\n<meta property=\"og:title\" content=\"Notikumi - Visit P\u00e4rnu\" \/>\n<meta property=\"og:description\" content=\"P\u0113rnav\u0101 gada laik\u0101 norisin\u0101s t\u016bksto\u0161iem da\u017e\u0101du notikumu. Liel\u0101kie festiv\u0101li un pas\u0101kumi parasti notiek vasar\u0101, tom\u0113r ar\u012b \u0101rpus vasaras sezonas viesus priec\u0113 vair\u0101kas aizraujo\u0161as aktivit\u0101tes. Visitparnu apkopo svar\u012bg\u0101k\u0101s aktualit\u0101tes par P\u0113rnavas pils\u0113tu un apri\u0146\u0137i. \u0160eit var ieg\u016bt vair\u0101kas lieliskas idejas un ieteikumus ce\u013cojuma pl\u0101niem atva\u013cin\u0101jum\u0101 vai ned\u0113\u013cas nogal\u0113.\" \/>\n<meta property=\"og:url\" content=\"https:\/\/dev.visitparnu.com\/lv\/notikumi\/\" \/>\n<meta property=\"og:site_name\" content=\"Visit P\u00e4rnu\" \/>\n<meta property=\"article:publisher\" content=\"https:\/\/www.facebook.com\/visitparnuEE\/\" \/>\n<meta property=\"article:modified_time\" content=\"2024-12-27T12:48:18+00:00\" \/>\n<meta property=\"og:image\" content=\"https:\/\/dev.visitparnu.com\/wp-content\/uploads\/2023\/01\/Parnu-uritused.jpg\" \/>\n\t<meta property=\"og:image:width\" content=\"1732\" \/>\n\t<meta property=\"og:image:height\" content=\"1154\" \/>\n\t<meta property=\"og:image:type\" content=\"image\/jpeg\" \/>\n<meta name=\"twitter:card\" content=\"summary_large_image\" \/>\n<script type=\"application\/ld+json\" class=\"yoast-schema-graph\">{\"@context\":\"https:\/\/schema.org\",\"@graph\":[{\"@type\":\"WebPage\",\"@id\":\"https:\/\/dev.visitparnu.com\/lv\/notikumi\/\",\"url\":\"https:\/\/dev.visitparnu.com\/lv\/notikumi\/\",\"name\":\"Notikumi - Visit P\u00e4rnu\",\"isPartOf\":{\"@id\":\"https:\/\/dev.visitparnu.com\/lv\/#website\"},\"primaryImageOfPage\":{\"@id\":\"https:\/\/dev.visitparnu.com\/lv\/notikumi\/#primaryimage\"},\"image\":{\"@id\":\"https:\/\/dev.visitparnu.com\/lv\/notikumi\/#primaryimage\"},\"thumbnailUrl\":\"https:\/\/dev.visitparnu.com\/wp-content\/uploads\/2023\/01\/Parnu-uritused.jpg\",\"datePublished\":\"2018-07-30T16:04:40+00:00\",\"dateModified\":\"2024-12-27T12:48:18+00:00\",\"breadcrumb\":{\"@id\":\"https:\/\/dev.visitparnu.com\/lv\/notikumi\/#breadcrumb\"},\"inLanguage\":\"lv-LV\",\"potentialAction\":[{\"@type\":\"ReadAction\",\"target\":[\"https:\/\/dev.visitparnu.com\/lv\/notikumi\/\"]}]},{\"@type\":\"ImageObject\",\"inLanguage\":\"lv-LV\",\"@id\":\"https:\/\/dev.visitparnu.com\/lv\/notikumi\/#primaryimage\",\"url\":\"https:\/\/dev.visitparnu.com\/wp-content\/uploads\/2023\/01\/Parnu-uritused.jpg\",\"contentUrl\":\"https:\/\/dev.visitparnu.com\/wp-content\/uploads\/2023\/01\/Parnu-uritused.jpg\",\"width\":1732,\"height\":1154},{\"@type\":\"BreadcrumbList\",\"@id\":\"https:\/\/dev.visitparnu.com\/lv\/notikumi\/#breadcrumb\",\"itemListElement\":[{\"@type\":\"ListItem\",\"position\":1,\"name\":\"\",\"item\":\"https:\/\/dev.visitparnu.com\/lv\/avaleht\/\"},{\"@type\":\"ListItem\",\"position\":2,\"name\":\"Notikumi\"}]},{\"@type\":\"WebSite\",\"@id\":\"https:\/\/dev.visitparnu.com\/lv\/#website\",\"url\":\"https:\/\/dev.visitparnu.com\/lv\/\",\"name\":\"Visit P\u00e4rnu\",\"description\":\"\",\"publisher\":{\"@id\":\"https:\/\/dev.visitparnu.com\/lv\/#organization\"},\"potentialAction\":[{\"@type\":\"SearchAction\",\"target\":{\"@type\":\"EntryPoint\",\"urlTemplate\":\"https:\/\/dev.visitparnu.com\/lv\/?s={search_term_string}\"},\"query-input\":{\"@type\":\"PropertyValueSpecification\",\"valueRequired\":true,\"valueName\":\"search_term_string\"}}],\"inLanguage\":\"lv-LV\"},{\"@type\":\"Organization\",\"@id\":\"https:\/\/dev.visitparnu.com\/lv\/#organization\",\"name\":\"Visit P\u00e4rnu\",\"url\":\"https:\/\/dev.visitparnu.com\/lv\/\",\"logo\":{\"@type\":\"ImageObject\",\"inLanguage\":\"lv-LV\",\"@id\":\"https:\/\/dev.visitparnu.com\/lv\/#\/schema\/logo\/image\/\",\"url\":\"https:\/\/dev.visitparnu.com\/wp-content\/uploads\/2022\/11\/VP_logo.svg\",\"contentUrl\":\"https:\/\/dev.visitparnu.com\/wp-content\/uploads\/2022\/11\/VP_logo.svg\",\"width\":305,\"height\":33,\"caption\":\"Visit P\u00e4rnu\"},\"image\":{\"@id\":\"https:\/\/dev.visitparnu.com\/lv\/#\/schema\/logo\/image\/\"},\"sameAs\":[\"https:\/\/www.facebook.com\/visitparnuEE\/\",\"https:\/\/www.youtube.com\/user\/visitparnuestonia\/\",\"https:\/\/www.instagram.com\/visitparnu\/\"]}]}<\/script>\n<!-- \/ Yoast SEO plugin. -->","yoast_head_json":{"title":"Notikumi - Visit P\u00e4rnu","robots":{"index":"noindex","follow":"follow","max-snippet":"max-snippet:-1","max-image-preview":"max-image-preview:large","max-video-preview":"max-video-preview:-1"},"og_locale":"lv_LV","og_type":"article","og_title":"Notikumi - Visit P\u00e4rnu","og_description":"P\u0113rnav\u0101 gada laik\u0101 norisin\u0101s t\u016bksto\u0161iem da\u017e\u0101du notikumu. Liel\u0101kie festiv\u0101li un pas\u0101kumi parasti notiek vasar\u0101, tom\u0113r ar\u012b \u0101rpus vasaras sezonas viesus priec\u0113 vair\u0101kas aizraujo\u0161as aktivit\u0101tes. Visitparnu apkopo svar\u012bg\u0101k\u0101s aktualit\u0101tes par P\u0113rnavas pils\u0113tu un apri\u0146\u0137i. \u0160eit var ieg\u016bt vair\u0101kas lieliskas idejas un ieteikumus ce\u013cojuma pl\u0101niem atva\u013cin\u0101jum\u0101 vai ned\u0113\u013cas nogal\u0113.","og_url":"https:\/\/dev.visitparnu.com\/lv\/notikumi\/","og_site_name":"Visit P\u00e4rnu","article_publisher":"https:\/\/www.facebook.com\/visitparnuEE\/","article_modified_time":"2024-12-27T12:48:18+00:00","og_image":[{"width":1732,"height":1154,"url":"https:\/\/dev.visitparnu.com\/wp-content\/uploads\/2023\/01\/Parnu-uritused.jpg","type":"image\/jpeg"}],"twitter_card":"summary_large_image","schema":{"@context":"https:\/\/schema.org","@graph":[{"@type":"WebPage","@id":"https:\/\/dev.visitparnu.com\/lv\/notikumi\/","url":"https:\/\/dev.visitparnu.com\/lv\/notikumi\/","name":"Notikumi - Visit P\u00e4rnu","isPartOf":{"@id":"https:\/\/dev.visitparnu.com\/lv\/#website"},"primaryImageOfPage":{"@id":"https:\/\/dev.visitparnu.com\/lv\/notikumi\/#primaryimage"},"image":{"@id":"https:\/\/dev.visitparnu.com\/lv\/notikumi\/#primaryimage"},"thumbnailUrl":"https:\/\/dev.visitparnu.com\/wp-content\/uploads\/2023\/01\/Parnu-uritused.jpg","datePublished":"2018-07-30T16:04:40+00:00","dateModified":"2024-12-27T12:48:18+00:00","breadcrumb":{"@id":"https:\/\/dev.visitparnu.com\/lv\/notikumi\/#breadcrumb"},"inLanguage":"lv-LV","potentialAction":[{"@type":"ReadAction","target":["https:\/\/dev.visitparnu.com\/lv\/notikumi\/"]}]},{"@type":"ImageObject","inLanguage":"lv-LV","@id":"https:\/\/dev.visitparnu.com\/lv\/notikumi\/#primaryimage","url":"https:\/\/dev.visitparnu.com\/wp-content\/uploads\/2023\/01\/Parnu-uritused.jpg","contentUrl":"https:\/\/dev.visitparnu.com\/wp-content\/uploads\/2023\/01\/Parnu-uritused.jpg","width":1732,"height":1154},{"@type":"BreadcrumbList","@id":"https:\/\/dev.visitparnu.com\/lv\/notikumi\/#breadcrumb","itemListElement":[{"@type":"ListItem","position":1,"name":"","item":"https:\/\/dev.visitparnu.com\/lv\/avaleht\/"},{"@type":"ListItem","position":2,"name":"Notikumi"}]},{"@type":"WebSite","@id":"https:\/\/dev.visitparnu.com\/lv\/#website","url":"https:\/\/dev.visitparnu.com\/lv\/","name":"Visit P\u00e4rnu","description":"","publisher":{"@id":"https:\/\/dev.visitparnu.com\/lv\/#organization"},"potentialAction":[{"@type":"SearchAction","target":{"@type":"EntryPoint","urlTemplate":"https:\/\/dev.visitparnu.com\/lv\/?s={search_term_string}"},"query-input":{"@type":"PropertyValueSpecification","valueRequired":true,"valueName":"search_term_string"}}],"inLanguage":"lv-LV"},{"@type":"Organization","@id":"https:\/\/dev.visitparnu.com\/lv\/#organization","name":"Visit P\u00e4rnu","url":"https:\/\/dev.visitparnu.com\/lv\/","logo":{"@type":"ImageObject","inLanguage":"lv-LV","@id":"https:\/\/dev.visitparnu.com\/lv\/#\/schema\/logo\/image\/","url":"https:\/\/dev.visitparnu.com\/wp-content\/uploads\/2022\/11\/VP_logo.svg","contentUrl":"https:\/\/dev.visitparnu.com\/wp-content\/uploads\/2022\/11\/VP_logo.svg","width":305,"height":33,"caption":"Visit P\u00e4rnu"},"image":{"@id":"https:\/\/dev.visitparnu.com\/lv\/#\/schema\/logo\/image\/"},"sameAs":["https:\/\/www.facebook.com\/visitparnuEE\/","https:\/\/www.youtube.com\/user\/visitparnuestonia\/","https:\/\/www.instagram.com\/visitparnu\/"]}]}},"_links":{"self":[{"href":"https:\/\/dev.visitparnu.com\/lv\/wp-json\/wp\/v2\/pages\/4937406","targetHints":{"allow":["GET"]}}],"collection":[{"href":"https:\/\/dev.visitparnu.com\/lv\/wp-json\/wp\/v2\/pages"}],"about":[{"href":"https:\/\/dev.visitparnu.com\/lv\/wp-json\/wp\/v2\/types\/page"}],"author":[{"embeddable":true,"href":"https:\/\/dev.visitparnu.com\/lv\/wp-json\/wp\/v2\/users\/1"}],"replies":[{"embeddable":true,"href":"https:\/\/dev.visitparnu.com\/lv\/wp-json\/wp\/v2\/comments?post=4937406"}],"version-history":[{"count":10,"href":"https:\/\/dev.visitparnu.com\/lv\/wp-json\/wp\/v2\/pages\/4937406\/revisions"}],"predecessor-version":[{"id":5041075,"href":"https:\/\/dev.visitparnu.com\/lv\/wp-json\/wp\/v2\/pages\/4937406\/revisions\/5041075"}],"wp:featuredmedia":[{"embeddable":true,"href":"https:\/\/dev.visitparnu.com\/lv\/wp-json\/wp\/v2\/media\/4944638"}],"wp:attachment":[{"href":"https:\/\/dev.visitparnu.com\/lv\/wp-json\/wp\/v2\/media?parent=4937406"}],"curies":[{"name":"wp","href":"https:\/\/api.w.org\/{rel}","templated":true}]}}