{"id":4944539,"date":"2022-12-15T14:42:34","date_gmt":"2022-12-15T12:42:34","guid":{"rendered":"https:\/\/dev.visitparnu.com\/ostlemine\/"},"modified":"2023-01-15T18:29:19","modified_gmt":"2023-01-15T16:29:19","slug":"ostokset","status":"publish","type":"page","link":"https:\/\/dev.visitparnu.com\/fi\/ostokset\/","title":{"rendered":"Ostokset"},"content":{"rendered":"\t\t<div data-elementor-type=\"wp-page\" data-elementor-id=\"4944539\" class=\"elementor elementor-4944539 elementor-4939914\" data-elementor-post-type=\"page\">\n\t\t\t\t<div class=\"elementor-element elementor-element-2e2180e e-flex e-con-boxed e-con e-parent\" data-id=\"2e2180e\" data-element_type=\"container\">\n\t\t\t\t\t<div class=\"e-con-inner\">\n\t\t\t\t<div class=\"elementor-element elementor-element-7c70fbb elementor-widget elementor-widget-text-editor\" data-id=\"7c70fbb\" data-element_type=\"widget\" data-widget_type=\"text-editor.default\">\n\t\t\t\t\t\t\t\t\t<p style=\"font-weight: 400;\">P\u00e4rnussa on tori, josta l\u00f6ytyy aina tuoreita tuotteita, laaja valikoima ruokakauppoja sek\u00e4 ostoskeskuksia. Suurimmat ostoskeskukset ovat Port Artur, P\u00e4rnu Keskus ja Kaubamajakas, joista l\u00f6ytyy kaikkea vaatteista ja kodintarvikkeista elektroniikkaan. Ruokakaupat ja ostoskeskukset ovat vieraille avoinna joka p\u00e4iv\u00e4.<\/p><p style=\"font-weight: 400;\">Jos haluat ostaa k\u00e4sit\u00f6it\u00e4 tai k\u00e4yd\u00e4 pieniss\u00e4 liikkeiss\u00e4, suuntaa askeleesi P\u00e4rnun kuuluisimmalle R\u00fc\u00fctli-k\u00e4velykadulle. T\u00e4lt\u00e4 alueelta ja sit\u00e4 ymp\u00e4r\u00f6ivilt\u00e4 kaduilta l\u00f6yd\u00e4t matkamuistomyym\u00e4l\u00f6it\u00e4 ja k\u00e4sity\u00f6gallerioita, joista voi ostaa paikallisten k\u00e4sity\u00f6l\u00e4isten ja tunnettujen virolaisten suunnittelijoiden tuotantoa. K\u00e4sity\u00f6liikkeit\u00e4 l\u00f6ytyy my\u00f6s P\u00e4rnun maakunnan muista kylist\u00e4.<\/p>\t\t\t\t\t\t\t\t<\/div>\n\t\t\t\t\t<\/div>\n\t\t\t\t<\/div>\n\t\t<div class=\"elementor-element elementor-element-d6046e0 e-flex e-con-boxed e-con e-parent\" data-id=\"d6046e0\" data-element_type=\"container\">\n\t\t\t\t\t<div class=\"e-con-inner\">\n\t\t\t\t<div class=\"elementor-element elementor-element-4804758 elementor-widget elementor-widget-shortcode\" data-id=\"4804758\" data-element_type=\"widget\" data-widget_type=\"shortcode.default\">\n\t\t\t\t\t\t\t<div class=\"elementor-shortcode\"><div class=\"page-content-list shortcode-instance\" data-vp-cookie-conf=\"{&quot;post_id_set&quot;:{&quot;name&quot;:&quot;vp_fav_set&quot;,&quot;separator&quot;:&quot;|&quot;,&quot;ttl&quot;:315360000},&quot;hash&quot;:{&quot;name&quot;:&quot;vp_fav_hash&quot;,&quot;ttl&quot;:315360000}}\" data-vp-object-type=\"remote_object_ve\" data-scid=\"872641cc8e\"><div class=\"obj-grid-header-wrapper\"><div class=\"obj-filter\" data-filter-param-set='{\"sectionId\":0,\"categorySet\":[],\"filter\":[],\"object_type\":\"remote_object_ve\",\"hide-filter\":false,\"hide-total\":false,\"hide-footer\":false,\"section\":\"shopping\",\"category\":\"\",\"event_range\":\"\",\"posts_per_page\":12,\"option\":\"\",\"accessory\":\"\",\"page\":1}'><a aria-label=\"Avaa suodatin\" href=\"#\" class=\"open-filters-button global-btn\"><i class=\"fa-light fa-filter-list\"><\/i>Avaa suodatin<\/a><\/div><div class=\"filter-modal\"><div class=\"close-modal\"><img decoding=\"async\" alt=\"filter close\" src=\"https:\/\/dev.visitparnu.com\/wp-content\/themes\/VisitParnu2023\/assets\/filter-close.svg\" \/><\/div><div class=\"filter-modal-content\"><h2>Suodatin<\/h2><a href=\"#\" class=\"close-filters-button global-btn\">Suodattaa<\/a><a class=\"remove-all-filters\" href=\"#\">Suodatin<\/a><div class=\"modal-column\"><div class=\"filter-group\" data-filter-section=\"type\"><h3><\/h3><div class=\"filter-item\" data-filter-key=\"yldine_kategooria_kultuur\">Historia ja kulttuuri<\/div><div class=\"filter-item\" data-filter-key=\"yldine_kategooria_toit\">Ruokailu<\/div><div class=\"filter-item\" data-filter-key=\"yldine_kategooria_saunjaheaolu\">Sauna ja hyvinvointi<\/div><div class=\"filter-item\" data-filter-key=\"yldine_kategooria_majutus\">Majoitus<\/div><div class=\"filter-item\" data-filter-key=\"yldine_kategooria_loodus\">Luonto ja Aktiiviloma<\/div><div class=\"filter-item\" data-filter-key=\"yldine_kategooria_uritus\">Tapahtumat<\/div><div class=\"filter-item\" data-filter-key=\"yldine_loodus_loodus\"><\/div><div class=\"filter-item\" data-filter-key=\"yldine_loodus_aktiivnepuhkus\"><\/div><div class=\"filter-item\" data-filter-key=\"yldine_loodus_looduskauniskoht\">Luontokohteet<\/div><div class=\"filter-item\" data-filter-key=\"yldine_loodus_loodusvaatlus\">Luonnon tarkkailu<\/div><div class=\"filter-item\" data-filter-key=\"yldine_loodus_rentimine\">Py\u00f6r\u00e4retket ja -vuokraus<\/div><div class=\"filter-item\" data-filter-key=\"yldine_toit_kohalikudvaiketootjad\">El\u00e4mysruokailu ja ty\u00f6pajat<\/div><div class=\"filter-item\" data-filter-key=\"yldine_toit_resto\">Ravintolat<\/div><div class=\"filter-item\" data-filter-key=\"yldine_kultuurjaajalugu_arhitektuurjaajalugu\"><\/div><div class=\"filter-item\" data-filter-key=\"yldine_kultuurjaajalugu_kohalikpood\">Paikalliset tuotteet<\/div><div class=\"filter-item\" data-filter-key=\"yldine_kultuurjaajalugu_atraktsioonidjategevused\">Huvipuistot<\/div><div class=\"filter-item\" data-filter-key=\"yldine_kultuurjaajalugu_kunstikasitooopitoad\">Taide- ja k\u00e4sity\u00f6pajat<\/div><div class=\"filter-item\" data-filter-key=\"yldine_kultuurjaajalugu_elavmuusika\">Y\u00f6el\u00e4m\u00e4<\/div><div class=\"filter-item\" data-filter-key=\"yldine_kultuurjaajalugu_muuseum\">Museot<\/div><div class=\"filter-item\" data-filter-key=\"yldine_saunjaheaolu_saun\">Saunat<\/div><div class=\"filter-item\" data-filter-key=\"yldine_saunjaheaolu_Veepark\">Vesipuistot<\/div><div class=\"filter-item\" data-filter-key=\"yldine_saunjaheaolu_spajaveekeskus\">P\u00e4iv\u00e4kylpyl\u00e4t<\/div><div class=\"filter-item\" data-filter-key=\"yldine_saunjaheaolu_heaolu\"><\/div><div class=\"filter-item\" data-filter-key=\"yldine_ostud_kunst\"><\/div><div class=\"filter-item\" data-filter-key=\"yldine_sportjaseiklus_veeturismsport\"><\/div><div class=\"filter-item\" data-filter-key=\"yldine_sportjaseiklus_sportmangud\"><\/div><div class=\"filter-item\" data-filter-key=\"yldine_sportjaseiklus_narvikodi\"><\/div><\/div><div class=\"filter-group\" data-filter-section=\"accessories_omadusvarustus_varustus\"><h3><\/h3><div class=\"filter-item\" data-filter-key=\"omadusvarustus_varustus_tasulineparkla\">Maksullinen pys\u00e4k\u00f6inti<\/div><div class=\"filter-item\" data-filter-key=\"omadusvarustus_varustus_tasutaparkla\">Ilmainen pys\u00e4k\u00f6inti<\/div><div class=\"filter-item\" data-filter-key=\"omadusvarustus_varustus_uldwc\">WC<\/div><div class=\"filter-item\" data-filter-key=\"omadusvarustus_varustus_mangutuba\">Leikkihuone<\/div><div class=\"filter-item\" data-filter-key=\"omadusvarustus_varustus_ratastool\"><\/div><div class=\"filter-item\" data-filter-key=\"omadusvarustus_varustus_lemmikloom\"><\/div><\/div><div class=\"filter-group\" data-filter-section=\"accessories_yldine_ligipaas\"><h3><\/h3><div class=\"filter-item\" data-filter-key=\"yldine_ligipaas_buss\"><\/div><div class=\"filter-item\" data-filter-key=\"yldine_ligipaas_auto\"><\/div><div class=\"filter-item\" data-filter-key=\"yldine_ligipaas_uhis\"><\/div><\/div><div class=\"filter-group\" data-filter-section=\"accessories_omadusvarustus_lisateenus\"><h3><\/h3><div class=\"filter-item\" data-filter-key=\"omadusvarustus_lisateenus_instruktor\"><\/div><div class=\"filter-item\" data-filter-key=\"omadusvarustus_lisateenus_varustustaiskasvanu\"><\/div><div class=\"filter-item\" data-filter-key=\"omadusvarustus_lisateenus_varustuslaps\"><\/div><div class=\"filter-item\" data-filter-key=\"omadusvarustus_lisateenus_saun\"><\/div><div class=\"filter-item\" data-filter-key=\"omadusvarustus_lisateenus_toitlustus\"><\/div><div class=\"filter-item\" data-filter-key=\"omadusvarustus_lisateenus_turvavaustus\"><\/div><div class=\"filter-item\" data-filter-key=\"omadusvarustus_lisateenus_transportlisatasueest\"><\/div><div class=\"filter-item\" data-filter-key=\"omadusvarustus_lisateenus_toitlustuslisatasuga\"><\/div><\/div><\/div><\/div><\/div><div class=\"active-filters\"><a href=\"#\" class=\"remove-filters\">Suodatin<\/a><\/div><\/div><div class=\"grid-total-info\">Yhteens\u00e4: <div>1094<\/div><\/div><div class=\"obj-grid\" data-rowcnt=\"4\" data-rowcntmbl=\"1\" data-object-count-per-load=\"12\" data-all-loaded=\"0\"><a href=\"https:\/\/dev.visitparnu.com\/objekt\/lottemaan-teemapuisto-suurin-koko-perheen-teemapuisto-virossa\/\" class=\"obj-grid-item\" data-iteration=\"1\" data-post_id=\"5068563\" data-post_type=\"remote_object_ve\"><div class=\"add-to-fav\"><\/div><div class=\"obj-grid-item-img-container image-wrap\"><div class=\"img-black-overlay\"><\/div><\/div><div class=\"obj-grid-item-container\"><h2>Lottemaan teemapuisto - suurin koko perheen teemapuisto Virossa!<\/h2><div class=\"meta-info\">Historia ja kulttuuri<\/div><\/div><\/a><a href=\"https:\/\/dev.visitparnu.com\/objekt\/ravintola-mon-ami\/\" class=\"obj-grid-item\" data-iteration=\"2\" data-post_id=\"5067639\" data-post_type=\"remote_object_ve\"><div class=\"add-to-fav\"><\/div><div class=\"obj-grid-item-img-container image-wrap\"><div class=\"img-black-overlay\"><\/div><img fetchpriority=\"high\" decoding=\"async\" width=\"683\" height=\"1024\" src=\"https:\/\/dev.visitparnu.com\/wp-content\/uploads\/2026\/03\/restoran-mon-ami-016-visit-estonia-683x1024.jpg\" class=\"attachment-large size-large wp-post-image\" alt=\"\" srcset=\"https:\/\/dev.visitparnu.com\/wp-content\/uploads\/2026\/03\/restoran-mon-ami-016-visit-estonia-683x1024.jpg 683w, https:\/\/dev.visitparnu.com\/wp-content\/uploads\/2026\/03\/restoran-mon-ami-016-visit-estonia-200x300.jpg 200w, https:\/\/dev.visitparnu.com\/wp-content\/uploads\/2026\/03\/restoran-mon-ami-016-visit-estonia-768x1152.jpg 768w, https:\/\/dev.visitparnu.com\/wp-content\/uploads\/2026\/03\/restoran-mon-ami-016-visit-estonia-1024x1536.jpg 1024w, https:\/\/dev.visitparnu.com\/wp-content\/uploads\/2026\/03\/restoran-mon-ami-016-visit-estonia-1365x2048.jpg 1365w\" sizes=\"(max-width: 683px) 100vw, 683px\" \/><\/div><div class=\"obj-grid-item-container\"><h2>Ravintola Mon Ami<\/h2><div class=\"meta-info\">Ruokailu<\/div><\/div><\/a><a href=\"https:\/\/dev.visitparnu.com\/objekt\/kunstnikule-kulla-tiina-ojaste-kodune-maaligalerii-3\/\" class=\"obj-grid-item\" data-iteration=\"3\" data-post_id=\"5068915\" data-post_type=\"remote_object_ve\"><div class=\"add-to-fav\"><\/div><div class=\"obj-grid-item-img-container image-wrap\"><div class=\"img-black-overlay\"><\/div><\/div><div class=\"obj-grid-item-container\"><h2>Kunstnikule k\u00fclla! Tiina Ojaste kodune maaligalerii<\/h2><div class=\"meta-info\">Historia ja kulttuuri<\/div><\/div><\/a><a href=\"https:\/\/dev.visitparnu.com\/objekt\/looduse-loodu-joonistamise-opituba-tiina-ojaste-kodugaleriis-2\/\" class=\"obj-grid-item\" data-iteration=\"4\" data-post_id=\"5068920\" data-post_type=\"remote_object_ve\"><div class=\"add-to-fav\"><\/div><div class=\"obj-grid-item-img-container image-wrap\"><div class=\"img-black-overlay\"><\/div><\/div><div class=\"obj-grid-item-container\"><h2>Looduse loodu - joonistamise \u00f5pituba Tiina Ojaste kodugaleriis<\/h2><div class=\"meta-info\">Historia ja kulttuuri<\/div><\/div><\/a><a href=\"https:\/\/dev.visitparnu.com\/objekt\/c-r-jakobsonin-maatilamuseon-ohjelma-virolaisen-ruoan-vuosi-tilalla\/\" class=\"obj-grid-item\" data-iteration=\"5\" data-post_id=\"5067664\" data-post_type=\"remote_object_ve\"><div class=\"add-to-fav\"><\/div><div class=\"obj-grid-item-img-container image-wrap\"><div class=\"img-black-overlay\"><\/div><img decoding=\"async\" width=\"1024\" height=\"427\" src=\"https:\/\/dev.visitparnu.com\/wp-content\/uploads\/2026\/03\/kurgja-toidu-aastaring-puhka-eestis2-1024x427.jpg\" class=\"attachment-large size-large wp-post-image\" alt=\"\" srcset=\"https:\/\/dev.visitparnu.com\/wp-content\/uploads\/2026\/03\/kurgja-toidu-aastaring-puhka-eestis2-1024x427.jpg 1024w, https:\/\/dev.visitparnu.com\/wp-content\/uploads\/2026\/03\/kurgja-toidu-aastaring-puhka-eestis2-300x125.jpg 300w, https:\/\/dev.visitparnu.com\/wp-content\/uploads\/2026\/03\/kurgja-toidu-aastaring-puhka-eestis2-768x320.jpg 768w, https:\/\/dev.visitparnu.com\/wp-content\/uploads\/2026\/03\/kurgja-toidu-aastaring-puhka-eestis2-1536x640.jpg 1536w, https:\/\/dev.visitparnu.com\/wp-content\/uploads\/2026\/03\/kurgja-toidu-aastaring-puhka-eestis2.jpg 1920w\" sizes=\"(max-width: 1024px) 100vw, 1024px\" \/><\/div><div class=\"obj-grid-item-container\"><h2>C. R. Jakobsonin maatilamuseon ohjelma \"Virolaisen ruoan vuosi tilalla\"<\/h2><div class=\"meta-info\">Ruokailu<\/div><\/div><\/a><a href=\"https:\/\/dev.visitparnu.com\/objekt\/c-r-jakobsonin-maatilamuseo-kurgjassa\/\" class=\"obj-grid-item\" data-iteration=\"6\" data-post_id=\"5068197\" data-post_type=\"remote_object_ve\"><div class=\"add-to-fav\"><\/div><div class=\"obj-grid-item-img-container image-wrap\"><div class=\"img-black-overlay\"><\/div><\/div><div class=\"obj-grid-item-container\"><h2>C. R. Jakobsonin maatilamuseo Kurgjassa<\/h2><div class=\"meta-info\">Historia ja kulttuuri<\/div><\/div><\/a><a href=\"https:\/\/dev.visitparnu.com\/objekt\/wiiren-savusauna\/\" class=\"obj-grid-item\" data-iteration=\"7\" data-post_id=\"5069097\" data-post_type=\"remote_object_ve\"><div class=\"add-to-fav\"><\/div><div class=\"obj-grid-item-img-container image-wrap\"><div class=\"img-black-overlay\"><\/div><\/div><div class=\"obj-grid-item-container\"><h2>Wiiren savusauna<\/h2><div class=\"meta-info\">Sauna ja hyvinvointi<\/div><\/div><\/a><a href=\"https:\/\/dev.visitparnu.com\/objekt\/coco-loco-karaokebaari\/\" class=\"obj-grid-item\" data-iteration=\"8\" data-post_id=\"5068598\" data-post_type=\"remote_object_ve\"><div class=\"add-to-fav\"><\/div><div class=\"obj-grid-item-img-container image-wrap\"><div class=\"img-black-overlay\"><\/div><\/div><div class=\"obj-grid-item-container\"><h2>Coco Loco karaokebaari<\/h2><div class=\"meta-info\">Historia ja kulttuuri<\/div><\/div><\/a><a href=\"https:\/\/dev.visitparnu.com\/objekt\/kihnu-annika-kodumajutus-2\/\" class=\"obj-grid-item\" data-iteration=\"9\" data-post_id=\"5067385\" data-post_type=\"remote_object_ve\"><div class=\"add-to-fav\"><\/div><div class=\"obj-grid-item-img-container image-wrap\"><div class=\"img-black-overlay\"><\/div><img decoding=\"async\" width=\"1024\" height=\"683\" src=\"https:\/\/dev.visitparnu.com\/wp-content\/uploads\/2026\/03\/kodumajutus-002-visit-estonia-1024x683.jpg\" class=\"attachment-large size-large wp-post-image\" alt=\"\" srcset=\"https:\/\/dev.visitparnu.com\/wp-content\/uploads\/2026\/03\/kodumajutus-002-visit-estonia-1024x683.jpg 1024w, https:\/\/dev.visitparnu.com\/wp-content\/uploads\/2026\/03\/kodumajutus-002-visit-estonia-300x200.jpg 300w, https:\/\/dev.visitparnu.com\/wp-content\/uploads\/2026\/03\/kodumajutus-002-visit-estonia-768x512.jpg 768w, https:\/\/dev.visitparnu.com\/wp-content\/uploads\/2026\/03\/kodumajutus-002-visit-estonia-1536x1024.jpg 1536w, https:\/\/dev.visitparnu.com\/wp-content\/uploads\/2026\/03\/kodumajutus-002-visit-estonia-2048x1365.jpg 2048w\" sizes=\"(max-width: 1024px) 100vw, 1024px\" \/><\/div><div class=\"obj-grid-item-container\"><h2>Kihnu Annika Kodumajutus<\/h2><div class=\"meta-info\">Majoitus<\/div><\/div><\/a><a href=\"https:\/\/dev.visitparnu.com\/objekt\/roskien-ongintaa-fishing-village-kalastajakylassa\/\" class=\"obj-grid-item\" data-iteration=\"10\" data-post_id=\"5070019\" data-post_type=\"remote_object_ve\"><div class=\"add-to-fav\"><\/div><div class=\"obj-grid-item-img-container image-wrap\"><div class=\"img-black-overlay\"><\/div><\/div><div class=\"obj-grid-item-container\"><h2>Roskien ongintaa Fishing Village -kalastajakyl\u00e4ss\u00e4<\/h2><div class=\"meta-info\">Luonto ja Aktiiviloma<\/div><\/div><\/a><a href=\"https:\/\/dev.visitparnu.com\/objekt\/saugan-kalastajakylan-venevuokraus-parnussa\/\" class=\"obj-grid-item\" data-iteration=\"11\" data-post_id=\"5069524\" data-post_type=\"remote_object_ve\"><div class=\"add-to-fav\"><\/div><div class=\"obj-grid-item-img-container image-wrap\"><div class=\"img-black-overlay\"><\/div><\/div><div class=\"obj-grid-item-container\"><h2>Saugan kalastajakyl\u00e4n venevuokraus P\u00e4rnussa<\/h2><div class=\"meta-info\">Luonto ja Aktiiviloma<\/div><\/div><\/a><a href=\"https:\/\/dev.visitparnu.com\/objekt\/sepan-maatilan-kihnun-saaren-saunan-vuokraus\/\" class=\"obj-grid-item\" data-iteration=\"12\" data-post_id=\"5069072\" data-post_type=\"remote_object_ve\"><div class=\"add-to-fav\"><\/div><div class=\"obj-grid-item-img-container image-wrap\"><div class=\"img-black-overlay\"><\/div><\/div><div class=\"obj-grid-item-container\"><h2>Sepan maatilan Kihnun saaren saunan vuokraus<\/h2><div class=\"meta-info\">Sauna ja hyvinvointi<\/div><\/div><\/a><img decoding=\"async\" alt=\"loading\" class=\"obj-grid-loading\" src=\"https:\/\/dev.visitparnu.com\/wp-content\/themes\/VisitParnu2023\/assets\/loading.gif\" \/><\/div><div class=\"obj-grid-footer\"><div class=\"\"><\/div><a href=\"#\" class=\"global-btn load-more-button\">N\u00e4yt\u00e4 enemm\u00e4n (<div>1082<\/div>)<\/a><\/div><\/div><\/div>\n\t\t\t\t\t\t<\/div>\n\t\t\t\t\t<\/div>\n\t\t\t\t<\/div>\n\t\t\t\t<\/div>\n\t\t","protected":false},"excerpt":{"rendered":"<p>P\u00e4rnussa on tori, josta l\u00f6ytyy aina tuoreita tuotteita, laaja valikoima ruokakauppoja sek\u00e4 ostoskeskuksia. Suurimmat ostoskeskukset ovat Port Artur, P\u00e4rnu Keskus ja Kaubamajakas, joista l\u00f6ytyy kaikkea vaatteista ja kodintarvikkeista elektroniikkaan. Ruokakaupat ja ostoskeskukset ovat vieraille avoinna joka p\u00e4iv\u00e4. Jos haluat ostaa k\u00e4sit\u00f6it\u00e4 tai k\u00e4yd\u00e4 pieniss\u00e4 liikkeiss\u00e4, suuntaa askeleesi P\u00e4rnun kuuluisimmalle R\u00fc\u00fctli-k\u00e4velykadulle. T\u00e4lt\u00e4 alueelta ja sit\u00e4 ymp\u00e4r\u00f6ivilt\u00e4 [&hellip;]<\/p>\n","protected":false},"author":1,"featured_media":0,"parent":0,"menu_order":0,"comment_status":"closed","ping_status":"closed","template":"","meta":{"_acf_changed":false,"footnotes":""},"class_list":["post-4944539","page","type-page","status-publish","hentry"],"acf":[],"yoast_head":"<!-- This site is optimized with the Yoast SEO plugin v26.5 - https:\/\/yoast.com\/wordpress\/plugins\/seo\/ -->\n<title>Ostokset - Visit P\u00e4rnu<\/title>\n<meta name=\"robots\" content=\"noindex, follow, max-snippet:-1, max-image-preview:large, max-video-preview:-1\" \/>\n<meta property=\"og:locale\" content=\"fi_FI\" \/>\n<meta property=\"og:type\" content=\"article\" \/>\n<meta property=\"og:title\" content=\"Ostokset - Visit P\u00e4rnu\" \/>\n<meta property=\"og:description\" content=\"P\u00e4rnussa on tori, josta l\u00f6ytyy aina tuoreita tuotteita, laaja valikoima ruokakauppoja sek\u00e4 ostoskeskuksia. Suurimmat ostoskeskukset ovat Port Artur, P\u00e4rnu Keskus ja Kaubamajakas, joista l\u00f6ytyy kaikkea vaatteista ja kodintarvikkeista elektroniikkaan. Ruokakaupat ja ostoskeskukset ovat vieraille avoinna joka p\u00e4iv\u00e4. Jos haluat ostaa k\u00e4sit\u00f6it\u00e4 tai k\u00e4yd\u00e4 pieniss\u00e4 liikkeiss\u00e4, suuntaa askeleesi P\u00e4rnun kuuluisimmalle R\u00fc\u00fctli-k\u00e4velykadulle. T\u00e4lt\u00e4 alueelta ja sit\u00e4 ymp\u00e4r\u00f6ivilt\u00e4 [&hellip;]\" \/>\n<meta property=\"og:url\" content=\"https:\/\/dev.visitparnu.com\/fi\/ostokset\/\" \/>\n<meta property=\"og:site_name\" content=\"Visit P\u00e4rnu\" \/>\n<meta property=\"article:publisher\" content=\"https:\/\/www.facebook.com\/visitparnuEE\/\" \/>\n<meta property=\"article:modified_time\" content=\"2023-01-15T16:29:19+00:00\" \/>\n<meta name=\"twitter:card\" content=\"summary_large_image\" \/>\n<meta name=\"twitter:label1\" content=\"Arvioitu lukuaika\" \/>\n\t<meta name=\"twitter:data1\" content=\"1 minuutti\" \/>\n<script type=\"application\/ld+json\" class=\"yoast-schema-graph\">{\"@context\":\"https:\/\/schema.org\",\"@graph\":[{\"@type\":\"WebPage\",\"@id\":\"https:\/\/dev.visitparnu.com\/fi\/ostokset\/\",\"url\":\"https:\/\/dev.visitparnu.com\/fi\/ostokset\/\",\"name\":\"Ostokset - Visit P\u00e4rnu\",\"isPartOf\":{\"@id\":\"https:\/\/dev.visitparnu.com\/fi\/#website\"},\"datePublished\":\"2022-12-15T12:42:34+00:00\",\"dateModified\":\"2023-01-15T16:29:19+00:00\",\"breadcrumb\":{\"@id\":\"https:\/\/dev.visitparnu.com\/fi\/ostokset\/#breadcrumb\"},\"inLanguage\":\"fi\",\"potentialAction\":[{\"@type\":\"ReadAction\",\"target\":[\"https:\/\/dev.visitparnu.com\/fi\/ostokset\/\"]}]},{\"@type\":\"BreadcrumbList\",\"@id\":\"https:\/\/dev.visitparnu.com\/fi\/ostokset\/#breadcrumb\",\"itemListElement\":[{\"@type\":\"ListItem\",\"position\":1,\"name\":\"\",\"item\":\"https:\/\/dev.visitparnu.com\/fi\/avaleht\/\"},{\"@type\":\"ListItem\",\"position\":2,\"name\":\"Ostokset\"}]},{\"@type\":\"WebSite\",\"@id\":\"https:\/\/dev.visitparnu.com\/fi\/#website\",\"url\":\"https:\/\/dev.visitparnu.com\/fi\/\",\"name\":\"Visit P\u00e4rnu\",\"description\":\"\",\"publisher\":{\"@id\":\"https:\/\/dev.visitparnu.com\/fi\/#organization\"},\"potentialAction\":[{\"@type\":\"SearchAction\",\"target\":{\"@type\":\"EntryPoint\",\"urlTemplate\":\"https:\/\/dev.visitparnu.com\/fi\/?s={search_term_string}\"},\"query-input\":{\"@type\":\"PropertyValueSpecification\",\"valueRequired\":true,\"valueName\":\"search_term_string\"}}],\"inLanguage\":\"fi\"},{\"@type\":\"Organization\",\"@id\":\"https:\/\/dev.visitparnu.com\/fi\/#organization\",\"name\":\"Visit P\u00e4rnu\",\"url\":\"https:\/\/dev.visitparnu.com\/fi\/\",\"logo\":{\"@type\":\"ImageObject\",\"inLanguage\":\"fi\",\"@id\":\"https:\/\/dev.visitparnu.com\/fi\/#\/schema\/logo\/image\/\",\"url\":\"https:\/\/dev.visitparnu.com\/wp-content\/uploads\/2022\/11\/VP_logo.svg\",\"contentUrl\":\"https:\/\/dev.visitparnu.com\/wp-content\/uploads\/2022\/11\/VP_logo.svg\",\"width\":305,\"height\":33,\"caption\":\"Visit P\u00e4rnu\"},\"image\":{\"@id\":\"https:\/\/dev.visitparnu.com\/fi\/#\/schema\/logo\/image\/\"},\"sameAs\":[\"https:\/\/www.facebook.com\/visitparnuEE\/\",\"https:\/\/www.youtube.com\/user\/visitparnuestonia\/\",\"https:\/\/www.instagram.com\/visitparnu\/\"]}]}<\/script>\n<!-- \/ Yoast SEO plugin. -->","yoast_head_json":{"title":"Ostokset - Visit P\u00e4rnu","robots":{"index":"noindex","follow":"follow","max-snippet":"max-snippet:-1","max-image-preview":"max-image-preview:large","max-video-preview":"max-video-preview:-1"},"og_locale":"fi_FI","og_type":"article","og_title":"Ostokset - Visit P\u00e4rnu","og_description":"P\u00e4rnussa on tori, josta l\u00f6ytyy aina tuoreita tuotteita, laaja valikoima ruokakauppoja sek\u00e4 ostoskeskuksia. Suurimmat ostoskeskukset ovat Port Artur, P\u00e4rnu Keskus ja Kaubamajakas, joista l\u00f6ytyy kaikkea vaatteista ja kodintarvikkeista elektroniikkaan. Ruokakaupat ja ostoskeskukset ovat vieraille avoinna joka p\u00e4iv\u00e4. Jos haluat ostaa k\u00e4sit\u00f6it\u00e4 tai k\u00e4yd\u00e4 pieniss\u00e4 liikkeiss\u00e4, suuntaa askeleesi P\u00e4rnun kuuluisimmalle R\u00fc\u00fctli-k\u00e4velykadulle. T\u00e4lt\u00e4 alueelta ja sit\u00e4 ymp\u00e4r\u00f6ivilt\u00e4 [&hellip;]","og_url":"https:\/\/dev.visitparnu.com\/fi\/ostokset\/","og_site_name":"Visit P\u00e4rnu","article_publisher":"https:\/\/www.facebook.com\/visitparnuEE\/","article_modified_time":"2023-01-15T16:29:19+00:00","twitter_card":"summary_large_image","twitter_misc":{"Arvioitu lukuaika":"1 minuutti"},"schema":{"@context":"https:\/\/schema.org","@graph":[{"@type":"WebPage","@id":"https:\/\/dev.visitparnu.com\/fi\/ostokset\/","url":"https:\/\/dev.visitparnu.com\/fi\/ostokset\/","name":"Ostokset - Visit P\u00e4rnu","isPartOf":{"@id":"https:\/\/dev.visitparnu.com\/fi\/#website"},"datePublished":"2022-12-15T12:42:34+00:00","dateModified":"2023-01-15T16:29:19+00:00","breadcrumb":{"@id":"https:\/\/dev.visitparnu.com\/fi\/ostokset\/#breadcrumb"},"inLanguage":"fi","potentialAction":[{"@type":"ReadAction","target":["https:\/\/dev.visitparnu.com\/fi\/ostokset\/"]}]},{"@type":"BreadcrumbList","@id":"https:\/\/dev.visitparnu.com\/fi\/ostokset\/#breadcrumb","itemListElement":[{"@type":"ListItem","position":1,"name":"","item":"https:\/\/dev.visitparnu.com\/fi\/avaleht\/"},{"@type":"ListItem","position":2,"name":"Ostokset"}]},{"@type":"WebSite","@id":"https:\/\/dev.visitparnu.com\/fi\/#website","url":"https:\/\/dev.visitparnu.com\/fi\/","name":"Visit P\u00e4rnu","description":"","publisher":{"@id":"https:\/\/dev.visitparnu.com\/fi\/#organization"},"potentialAction":[{"@type":"SearchAction","target":{"@type":"EntryPoint","urlTemplate":"https:\/\/dev.visitparnu.com\/fi\/?s={search_term_string}"},"query-input":{"@type":"PropertyValueSpecification","valueRequired":true,"valueName":"search_term_string"}}],"inLanguage":"fi"},{"@type":"Organization","@id":"https:\/\/dev.visitparnu.com\/fi\/#organization","name":"Visit P\u00e4rnu","url":"https:\/\/dev.visitparnu.com\/fi\/","logo":{"@type":"ImageObject","inLanguage":"fi","@id":"https:\/\/dev.visitparnu.com\/fi\/#\/schema\/logo\/image\/","url":"https:\/\/dev.visitparnu.com\/wp-content\/uploads\/2022\/11\/VP_logo.svg","contentUrl":"https:\/\/dev.visitparnu.com\/wp-content\/uploads\/2022\/11\/VP_logo.svg","width":305,"height":33,"caption":"Visit P\u00e4rnu"},"image":{"@id":"https:\/\/dev.visitparnu.com\/fi\/#\/schema\/logo\/image\/"},"sameAs":["https:\/\/www.facebook.com\/visitparnuEE\/","https:\/\/www.youtube.com\/user\/visitparnuestonia\/","https:\/\/www.instagram.com\/visitparnu\/"]}]}},"_links":{"self":[{"href":"https:\/\/dev.visitparnu.com\/fi\/wp-json\/wp\/v2\/pages\/4944539","targetHints":{"allow":["GET"]}}],"collection":[{"href":"https:\/\/dev.visitparnu.com\/fi\/wp-json\/wp\/v2\/pages"}],"about":[{"href":"https:\/\/dev.visitparnu.com\/fi\/wp-json\/wp\/v2\/types\/page"}],"author":[{"embeddable":true,"href":"https:\/\/dev.visitparnu.com\/fi\/wp-json\/wp\/v2\/users\/1"}],"replies":[{"embeddable":true,"href":"https:\/\/dev.visitparnu.com\/fi\/wp-json\/wp\/v2\/comments?post=4944539"}],"version-history":[{"count":7,"href":"https:\/\/dev.visitparnu.com\/fi\/wp-json\/wp\/v2\/pages\/4944539\/revisions"}],"predecessor-version":[{"id":4944566,"href":"https:\/\/dev.visitparnu.com\/fi\/wp-json\/wp\/v2\/pages\/4944539\/revisions\/4944566"}],"wp:attachment":[{"href":"https:\/\/dev.visitparnu.com\/fi\/wp-json\/wp\/v2\/media?parent=4944539"}],"curies":[{"name":"wp","href":"https:\/\/api.w.org\/{rel}","templated":true}]}}