{"id":4944307,"date":"2023-01-15T15:34:21","date_gmt":"2023-01-15T13:34:21","guid":{"rendered":"https:\/\/dev.visitparnu.com\/vaatamisvaarsused\/"},"modified":"2023-10-18T14:07:06","modified_gmt":"2023-10-18T12:07:06","slug":"nahtavyydet","status":"publish","type":"page","link":"https:\/\/dev.visitparnu.com\/fi\/nahtavyydet\/","title":{"rendered":"N\u00e4ht\u00e4vyydet"},"content":{"rendered":"\t\t<div data-elementor-type=\"wp-page\" data-elementor-id=\"4944307\" class=\"elementor elementor-4944307 elementor-4944300\" data-elementor-post-type=\"page\">\n\t\t\t\t<div class=\"elementor-element elementor-element-f56a3ec e-con-full e-flex e-con e-parent\" data-id=\"f56a3ec\" data-element_type=\"container\">\n\t\t\t\t<div class=\"elementor-element elementor-element-9f0f550 elementor-widget elementor-widget-shortcode\" data-id=\"9f0f550\" data-element_type=\"widget\" data-widget_type=\"shortcode.default\">\n\t\t\t\t\t\t\t<div class=\"elementor-shortcode\"><div class=\"page-content-list shortcode-instance\" data-vp-cookie-conf=\"{&quot;post_id_set&quot;:{&quot;name&quot;:&quot;vp_fav_set&quot;,&quot;separator&quot;:&quot;|&quot;,&quot;ttl&quot;:315360000},&quot;hash&quot;:{&quot;name&quot;:&quot;vp_fav_hash&quot;,&quot;ttl&quot;:315360000}}\" data-vp-object-type=\"remote_object_ve\" data-scid=\"c37b2f053c\"><div class=\"obj-grid-header-wrapper\"><div class=\"obj-filter\" data-filter-param-set='{\"sectionId\":52,\"categorySet\":[],\"filter\":[],\"object_type\":\"remote_object_ve\",\"hide-filter\":false,\"hide-total\":false,\"hide-footer\":false,\"section\":\"sights\",\"category\":\"\",\"event_range\":\"\",\"posts_per_page\":12,\"option\":\"\",\"accessory\":\"\",\"page\":1}'><a aria-label=\"Avaa suodatin\" href=\"#\" class=\"open-filters-button global-btn\"><i class=\"fa-light fa-filter-list\"><\/i>Avaa suodatin<\/a><\/div><div class=\"filter-modal\"><div class=\"close-modal\"><img decoding=\"async\" alt=\"filter close\" src=\"https:\/\/dev.visitparnu.com\/wp-content\/themes\/VisitParnu2023\/assets\/filter-close.svg\" \/><\/div><div class=\"filter-modal-content\"><h2>Suodatin<\/h2><a href=\"#\" class=\"close-filters-button global-btn\">Suodattaa<\/a><a class=\"remove-all-filters\" href=\"#\">Suodatin<\/a><div class=\"modal-column\"><div class=\"filter-group\" data-filter-section=\"type\"><h3><\/h3><div class=\"filter-item\" data-filter-key=\"yldine_kultuurjaajalugu_elavmuusika\">Y\u00f6el\u00e4m\u00e4<\/div><div class=\"filter-item\" data-filter-key=\"yldine_kultuurjaajalugu_arhitektuurjaajalugu\"><\/div><div class=\"filter-item\" data-filter-key=\"yldine_kultuurjaajalugu_muuseum\">Museot<\/div><div class=\"filter-item\" data-filter-key=\"yldine_kultuurjaajalugu_kunstikasitooopitoad\">Taide- ja k\u00e4sity\u00f6pajat<\/div><div class=\"filter-item\" data-filter-key=\"yldine_kultuurjaajalugu_atraktsioonidjategevused\">Huvipuistot<\/div><div class=\"filter-item\" data-filter-key=\"yldine_kultuurjaajalugu_kohalikpood\">Paikalliset tuotteet<\/div><div class=\"filter-item\" data-filter-key=\"yldine_kategooria_kultuur\">Historia ja kulttuuri<\/div><\/div><\/div><\/div><\/div><div class=\"active-filters\"><a href=\"#\" class=\"remove-filters\">Suodatin<\/a><\/div><\/div><div class=\"grid-total-info\">Yhteens\u00e4: <div>315<\/div><\/div><div class=\"obj-grid\" data-rowcnt=\"4\" data-rowcntmbl=\"1\" data-object-count-per-load=\"12\" data-all-loaded=\"0\"><a href=\"https:\/\/dev.visitparnu.com\/objekt\/lottemaan-teemapuisto-suurin-koko-perheen-teemapuisto-virossa\/\" class=\"obj-grid-item\" data-iteration=\"1\" data-post_id=\"5068563\" data-post_type=\"remote_object_ve\"><div class=\"add-to-fav\"><\/div><div class=\"obj-grid-item-img-container image-wrap\"><div class=\"img-black-overlay\"><\/div><\/div><div class=\"obj-grid-item-container\"><h2>Lottemaan teemapuisto - suurin koko perheen teemapuisto Virossa!<\/h2><div class=\"meta-info\">Historia ja kulttuuri<\/div><\/div><\/a><a href=\"https:\/\/dev.visitparnu.com\/objekt\/kunstnikule-kulla-tiina-ojaste-kodune-maaligalerii-3\/\" class=\"obj-grid-item\" data-iteration=\"2\" data-post_id=\"5068915\" data-post_type=\"remote_object_ve\"><div class=\"add-to-fav\"><\/div><div class=\"obj-grid-item-img-container image-wrap\"><div class=\"img-black-overlay\"><\/div><\/div><div class=\"obj-grid-item-container\"><h2>Kunstnikule k\u00fclla! Tiina Ojaste kodune maaligalerii<\/h2><div class=\"meta-info\">Historia ja kulttuuri<\/div><\/div><\/a><a href=\"https:\/\/dev.visitparnu.com\/objekt\/looduse-loodu-joonistamise-opituba-tiina-ojaste-kodugaleriis-2\/\" class=\"obj-grid-item\" data-iteration=\"3\" data-post_id=\"5068920\" data-post_type=\"remote_object_ve\"><div class=\"add-to-fav\"><\/div><div class=\"obj-grid-item-img-container image-wrap\"><div class=\"img-black-overlay\"><\/div><\/div><div class=\"obj-grid-item-container\"><h2>Looduse loodu - joonistamise \u00f5pituba Tiina Ojaste kodugaleriis<\/h2><div class=\"meta-info\">Historia ja kulttuuri<\/div><\/div><\/a><a href=\"https:\/\/dev.visitparnu.com\/objekt\/c-r-jakobsonin-maatilamuseo-kurgjassa\/\" class=\"obj-grid-item\" data-iteration=\"4\" data-post_id=\"5068197\" data-post_type=\"remote_object_ve\"><div class=\"add-to-fav\"><\/div><div class=\"obj-grid-item-img-container image-wrap\"><div class=\"img-black-overlay\"><\/div><\/div><div class=\"obj-grid-item-container\"><h2>C. R. Jakobsonin maatilamuseo Kurgjassa<\/h2><div class=\"meta-info\">Historia ja kulttuuri<\/div><\/div><\/a><a href=\"https:\/\/dev.visitparnu.com\/objekt\/coco-loco-karaokebaari\/\" class=\"obj-grid-item\" data-iteration=\"5\" data-post_id=\"5068598\" data-post_type=\"remote_object_ve\"><div class=\"add-to-fav\"><\/div><div class=\"obj-grid-item-img-container image-wrap\"><div class=\"img-black-overlay\"><\/div><\/div><div class=\"obj-grid-item-container\"><h2>Coco Loco karaokebaari<\/h2><div class=\"meta-info\">Historia ja kulttuuri<\/div><\/div><\/a><a href=\"https:\/\/dev.visitparnu.com\/objekt\/installaarium-tiina-ojaste-installatsioonide-ouegalerii-2\/\" class=\"obj-grid-item\" data-iteration=\"6\" data-post_id=\"5068910\" data-post_type=\"remote_object_ve\"><div class=\"add-to-fav\"><\/div><div class=\"obj-grid-item-img-container image-wrap\"><div class=\"img-black-overlay\"><\/div><\/div><div class=\"obj-grid-item-container\"><h2>INSTALLAARIUM -Tiina Ojaste installatsioonide \u00f5uegalerii<\/h2><div class=\"meta-info\">Historia ja kulttuuri<\/div><\/div><\/a><a href=\"https:\/\/dev.visitparnu.com\/objekt\/tiina-ojaste-kivi-installatsioonide-ouegalerii-ja-lohukivi-loomise-tootuba-2\/\" class=\"obj-grid-item\" data-iteration=\"7\" data-post_id=\"5068925\" data-post_type=\"remote_object_ve\"><div class=\"add-to-fav\"><\/div><div class=\"obj-grid-item-img-container image-wrap\"><div class=\"img-black-overlay\"><\/div><\/div><div class=\"obj-grid-item-container\"><h2>Tiina Ojaste kivi-installatsioonide \u00f5uegalerii ja lohukivi loomise t\u00f6\u00f6tuba<\/h2><div class=\"meta-info\">Historia ja kulttuuri<\/div><\/div><\/a><a href=\"https:\/\/dev.visitparnu.com\/objekt\/parnu-keskus\/\" class=\"obj-grid-item\" data-iteration=\"8\" data-post_id=\"5068318\" data-post_type=\"remote_object_ve\"><div class=\"add-to-fav\"><\/div><div class=\"obj-grid-item-img-container image-wrap\"><div class=\"img-black-overlay\"><\/div><\/div><div class=\"obj-grid-item-container\"><h2>P\u00e4rnu Keskus<\/h2><div class=\"meta-info\">Historia ja kulttuuri<\/div><\/div><\/a><a href=\"https:\/\/dev.visitparnu.com\/objekt\/opastettu-retki-parnun-maakunnassa-riian-suuntaan\/\" class=\"obj-grid-item\" data-iteration=\"9\" data-post_id=\"5068488\" data-post_type=\"remote_object_ve\"><div class=\"add-to-fav\"><\/div><div class=\"obj-grid-item-img-container image-wrap\"><div class=\"img-black-overlay\"><\/div><\/div><div class=\"obj-grid-item-container\"><h2>Opastettu retki P\u00e4rnun maakunnassa Riian suuntaan<\/h2><div class=\"meta-info\">Historia ja kulttuuri<\/div><\/div><\/a><a href=\"https:\/\/dev.visitparnu.com\/objekt\/muistokivi-kihnun-jonnille-eli-laivakapteeni-enn-uuetoalle\/\" class=\"obj-grid-item\" data-iteration=\"10\" data-post_id=\"5068538\" data-post_type=\"remote_object_ve\"><div class=\"add-to-fav\"><\/div><div class=\"obj-grid-item-img-container image-wrap\"><div class=\"img-black-overlay\"><\/div><\/div><div class=\"obj-grid-item-container\"><h2>Muistokivi Kihnun J\u00f5nnille eli laivakapteeni Enn Uuetoalle<\/h2><div class=\"meta-info\">Historia ja kulttuuri<\/div><\/div><\/a><a href=\"https:\/\/dev.visitparnu.com\/objekt\/lohun-myymala-kihnun-saarella\/\" class=\"obj-grid-item\" data-iteration=\"11\" data-post_id=\"5068543\" data-post_type=\"remote_object_ve\"><div class=\"add-to-fav\"><\/div><div class=\"obj-grid-item-img-container image-wrap\"><div class=\"img-black-overlay\"><\/div><\/div><div class=\"obj-grid-item-container\"><h2>Lohun myym\u00e4l\u00e4 Kihnun saarella<\/h2><div class=\"meta-info\">Historia ja kulttuuri<\/div><\/div><\/a><a href=\"https:\/\/dev.visitparnu.com\/objekt\/viron-sotilaiden-muistokirkko-torissa\/\" class=\"obj-grid-item\" data-iteration=\"12\" data-post_id=\"5068338\" data-post_type=\"remote_object_ve\"><div class=\"add-to-fav\"><\/div><div class=\"obj-grid-item-img-container image-wrap\"><div class=\"img-black-overlay\"><\/div><\/div><div class=\"obj-grid-item-container\"><h2>Viron Sotilaiden Muistokirkko Torissa<\/h2><div class=\"meta-info\">Historia ja kulttuuri<\/div><\/div><\/a><img decoding=\"async\" alt=\"loading\" class=\"obj-grid-loading\" src=\"https:\/\/dev.visitparnu.com\/wp-content\/themes\/VisitParnu2023\/assets\/loading.gif\" \/><\/div><div class=\"obj-grid-footer\"><div class=\"\"><\/div><a href=\"#\" class=\"global-btn load-more-button\">N\u00e4yt\u00e4 enemm\u00e4n (<div>303<\/div>)<\/a><\/div><\/div><\/div>\n\t\t\t\t\t\t<\/div>\n\t\t\t\t<\/div>\n\t\t\t\t<\/div>\n\t\t","protected":false},"excerpt":{"rendered":"","protected":false},"author":1,"featured_media":4985768,"parent":0,"menu_order":0,"comment_status":"closed","ping_status":"closed","template":"","meta":{"_acf_changed":false,"footnotes":""},"class_list":["post-4944307","page","type-page","status-publish","has-post-thumbnail","hentry"],"acf":[],"yoast_head":"<!-- This site is optimized with the Yoast SEO plugin v26.5 - https:\/\/yoast.com\/wordpress\/plugins\/seo\/ -->\n<title>N\u00e4ht\u00e4vyydet - Visit P\u00e4rnu<\/title>\n<meta name=\"robots\" content=\"noindex, follow, max-snippet:-1, max-image-preview:large, max-video-preview:-1\" \/>\n<meta property=\"og:locale\" content=\"fi_FI\" \/>\n<meta property=\"og:type\" content=\"article\" \/>\n<meta property=\"og:title\" content=\"N\u00e4ht\u00e4vyydet - Visit P\u00e4rnu\" \/>\n<meta property=\"og:url\" content=\"https:\/\/dev.visitparnu.com\/fi\/nahtavyydet\/\" \/>\n<meta property=\"og:site_name\" content=\"Visit P\u00e4rnu\" \/>\n<meta property=\"article:publisher\" content=\"https:\/\/www.facebook.com\/visitparnuEE\/\" \/>\n<meta property=\"article:modified_time\" content=\"2023-10-18T12:07:06+00:00\" \/>\n<meta property=\"og:image\" content=\"https:\/\/dev.visitparnu.com\/wp-content\/uploads\/2023\/10\/Parnu_vaatamisvaarsused.jpg\" \/>\n\t<meta property=\"og:image:width\" content=\"2047\" \/>\n\t<meta property=\"og:image:height\" content=\"1364\" \/>\n\t<meta property=\"og:image:type\" content=\"image\/jpeg\" \/>\n<meta name=\"twitter:card\" content=\"summary_large_image\" \/>\n<meta name=\"twitter:label1\" content=\"Arvioitu lukuaika\" \/>\n\t<meta name=\"twitter:data1\" content=\"1 minuutti\" \/>\n<script type=\"application\/ld+json\" class=\"yoast-schema-graph\">{\"@context\":\"https:\/\/schema.org\",\"@graph\":[{\"@type\":\"WebPage\",\"@id\":\"https:\/\/dev.visitparnu.com\/fi\/nahtavyydet\/\",\"url\":\"https:\/\/dev.visitparnu.com\/fi\/nahtavyydet\/\",\"name\":\"N\u00e4ht\u00e4vyydet - Visit P\u00e4rnu\",\"isPartOf\":{\"@id\":\"https:\/\/dev.visitparnu.com\/fi\/#website\"},\"primaryImageOfPage\":{\"@id\":\"https:\/\/dev.visitparnu.com\/fi\/nahtavyydet\/#primaryimage\"},\"image\":{\"@id\":\"https:\/\/dev.visitparnu.com\/fi\/nahtavyydet\/#primaryimage\"},\"thumbnailUrl\":\"https:\/\/dev.visitparnu.com\/wp-content\/uploads\/2023\/10\/Parnu_vaatamisvaarsused.jpg\",\"datePublished\":\"2023-01-15T13:34:21+00:00\",\"dateModified\":\"2023-10-18T12:07:06+00:00\",\"breadcrumb\":{\"@id\":\"https:\/\/dev.visitparnu.com\/fi\/nahtavyydet\/#breadcrumb\"},\"inLanguage\":\"fi\",\"potentialAction\":[{\"@type\":\"ReadAction\",\"target\":[\"https:\/\/dev.visitparnu.com\/fi\/nahtavyydet\/\"]}]},{\"@type\":\"ImageObject\",\"inLanguage\":\"fi\",\"@id\":\"https:\/\/dev.visitparnu.com\/fi\/nahtavyydet\/#primaryimage\",\"url\":\"https:\/\/dev.visitparnu.com\/wp-content\/uploads\/2023\/10\/Parnu_vaatamisvaarsused.jpg\",\"contentUrl\":\"https:\/\/dev.visitparnu.com\/wp-content\/uploads\/2023\/10\/Parnu_vaatamisvaarsused.jpg\",\"width\":2047,\"height\":1364},{\"@type\":\"BreadcrumbList\",\"@id\":\"https:\/\/dev.visitparnu.com\/fi\/nahtavyydet\/#breadcrumb\",\"itemListElement\":[{\"@type\":\"ListItem\",\"position\":1,\"name\":\"\",\"item\":\"https:\/\/dev.visitparnu.com\/fi\/avaleht\/\"},{\"@type\":\"ListItem\",\"position\":2,\"name\":\"N\u00e4ht\u00e4vyydet\"}]},{\"@type\":\"WebSite\",\"@id\":\"https:\/\/dev.visitparnu.com\/fi\/#website\",\"url\":\"https:\/\/dev.visitparnu.com\/fi\/\",\"name\":\"Visit P\u00e4rnu\",\"description\":\"\",\"publisher\":{\"@id\":\"https:\/\/dev.visitparnu.com\/fi\/#organization\"},\"potentialAction\":[{\"@type\":\"SearchAction\",\"target\":{\"@type\":\"EntryPoint\",\"urlTemplate\":\"https:\/\/dev.visitparnu.com\/fi\/?s={search_term_string}\"},\"query-input\":{\"@type\":\"PropertyValueSpecification\",\"valueRequired\":true,\"valueName\":\"search_term_string\"}}],\"inLanguage\":\"fi\"},{\"@type\":\"Organization\",\"@id\":\"https:\/\/dev.visitparnu.com\/fi\/#organization\",\"name\":\"Visit P\u00e4rnu\",\"url\":\"https:\/\/dev.visitparnu.com\/fi\/\",\"logo\":{\"@type\":\"ImageObject\",\"inLanguage\":\"fi\",\"@id\":\"https:\/\/dev.visitparnu.com\/fi\/#\/schema\/logo\/image\/\",\"url\":\"https:\/\/dev.visitparnu.com\/wp-content\/uploads\/2022\/11\/VP_logo.svg\",\"contentUrl\":\"https:\/\/dev.visitparnu.com\/wp-content\/uploads\/2022\/11\/VP_logo.svg\",\"width\":305,\"height\":33,\"caption\":\"Visit P\u00e4rnu\"},\"image\":{\"@id\":\"https:\/\/dev.visitparnu.com\/fi\/#\/schema\/logo\/image\/\"},\"sameAs\":[\"https:\/\/www.facebook.com\/visitparnuEE\/\",\"https:\/\/www.youtube.com\/user\/visitparnuestonia\/\",\"https:\/\/www.instagram.com\/visitparnu\/\"]}]}<\/script>\n<!-- \/ Yoast SEO plugin. -->","yoast_head_json":{"title":"N\u00e4ht\u00e4vyydet - Visit P\u00e4rnu","robots":{"index":"noindex","follow":"follow","max-snippet":"max-snippet:-1","max-image-preview":"max-image-preview:large","max-video-preview":"max-video-preview:-1"},"og_locale":"fi_FI","og_type":"article","og_title":"N\u00e4ht\u00e4vyydet - Visit P\u00e4rnu","og_url":"https:\/\/dev.visitparnu.com\/fi\/nahtavyydet\/","og_site_name":"Visit P\u00e4rnu","article_publisher":"https:\/\/www.facebook.com\/visitparnuEE\/","article_modified_time":"2023-10-18T12:07:06+00:00","og_image":[{"width":2047,"height":1364,"url":"https:\/\/dev.visitparnu.com\/wp-content\/uploads\/2023\/10\/Parnu_vaatamisvaarsused.jpg","type":"image\/jpeg"}],"twitter_card":"summary_large_image","twitter_misc":{"Arvioitu lukuaika":"1 minuutti"},"schema":{"@context":"https:\/\/schema.org","@graph":[{"@type":"WebPage","@id":"https:\/\/dev.visitparnu.com\/fi\/nahtavyydet\/","url":"https:\/\/dev.visitparnu.com\/fi\/nahtavyydet\/","name":"N\u00e4ht\u00e4vyydet - Visit P\u00e4rnu","isPartOf":{"@id":"https:\/\/dev.visitparnu.com\/fi\/#website"},"primaryImageOfPage":{"@id":"https:\/\/dev.visitparnu.com\/fi\/nahtavyydet\/#primaryimage"},"image":{"@id":"https:\/\/dev.visitparnu.com\/fi\/nahtavyydet\/#primaryimage"},"thumbnailUrl":"https:\/\/dev.visitparnu.com\/wp-content\/uploads\/2023\/10\/Parnu_vaatamisvaarsused.jpg","datePublished":"2023-01-15T13:34:21+00:00","dateModified":"2023-10-18T12:07:06+00:00","breadcrumb":{"@id":"https:\/\/dev.visitparnu.com\/fi\/nahtavyydet\/#breadcrumb"},"inLanguage":"fi","potentialAction":[{"@type":"ReadAction","target":["https:\/\/dev.visitparnu.com\/fi\/nahtavyydet\/"]}]},{"@type":"ImageObject","inLanguage":"fi","@id":"https:\/\/dev.visitparnu.com\/fi\/nahtavyydet\/#primaryimage","url":"https:\/\/dev.visitparnu.com\/wp-content\/uploads\/2023\/10\/Parnu_vaatamisvaarsused.jpg","contentUrl":"https:\/\/dev.visitparnu.com\/wp-content\/uploads\/2023\/10\/Parnu_vaatamisvaarsused.jpg","width":2047,"height":1364},{"@type":"BreadcrumbList","@id":"https:\/\/dev.visitparnu.com\/fi\/nahtavyydet\/#breadcrumb","itemListElement":[{"@type":"ListItem","position":1,"name":"","item":"https:\/\/dev.visitparnu.com\/fi\/avaleht\/"},{"@type":"ListItem","position":2,"name":"N\u00e4ht\u00e4vyydet"}]},{"@type":"WebSite","@id":"https:\/\/dev.visitparnu.com\/fi\/#website","url":"https:\/\/dev.visitparnu.com\/fi\/","name":"Visit P\u00e4rnu","description":"","publisher":{"@id":"https:\/\/dev.visitparnu.com\/fi\/#organization"},"potentialAction":[{"@type":"SearchAction","target":{"@type":"EntryPoint","urlTemplate":"https:\/\/dev.visitparnu.com\/fi\/?s={search_term_string}"},"query-input":{"@type":"PropertyValueSpecification","valueRequired":true,"valueName":"search_term_string"}}],"inLanguage":"fi"},{"@type":"Organization","@id":"https:\/\/dev.visitparnu.com\/fi\/#organization","name":"Visit P\u00e4rnu","url":"https:\/\/dev.visitparnu.com\/fi\/","logo":{"@type":"ImageObject","inLanguage":"fi","@id":"https:\/\/dev.visitparnu.com\/fi\/#\/schema\/logo\/image\/","url":"https:\/\/dev.visitparnu.com\/wp-content\/uploads\/2022\/11\/VP_logo.svg","contentUrl":"https:\/\/dev.visitparnu.com\/wp-content\/uploads\/2022\/11\/VP_logo.svg","width":305,"height":33,"caption":"Visit P\u00e4rnu"},"image":{"@id":"https:\/\/dev.visitparnu.com\/fi\/#\/schema\/logo\/image\/"},"sameAs":["https:\/\/www.facebook.com\/visitparnuEE\/","https:\/\/www.youtube.com\/user\/visitparnuestonia\/","https:\/\/www.instagram.com\/visitparnu\/"]}]}},"_links":{"self":[{"href":"https:\/\/dev.visitparnu.com\/fi\/wp-json\/wp\/v2\/pages\/4944307","targetHints":{"allow":["GET"]}}],"collection":[{"href":"https:\/\/dev.visitparnu.com\/fi\/wp-json\/wp\/v2\/pages"}],"about":[{"href":"https:\/\/dev.visitparnu.com\/fi\/wp-json\/wp\/v2\/types\/page"}],"author":[{"embeddable":true,"href":"https:\/\/dev.visitparnu.com\/fi\/wp-json\/wp\/v2\/users\/1"}],"replies":[{"embeddable":true,"href":"https:\/\/dev.visitparnu.com\/fi\/wp-json\/wp\/v2\/comments?post=4944307"}],"version-history":[{"count":1,"href":"https:\/\/dev.visitparnu.com\/fi\/wp-json\/wp\/v2\/pages\/4944307\/revisions"}],"predecessor-version":[{"id":4944311,"href":"https:\/\/dev.visitparnu.com\/fi\/wp-json\/wp\/v2\/pages\/4944307\/revisions\/4944311"}],"wp:featuredmedia":[{"embeddable":true,"href":"https:\/\/dev.visitparnu.com\/fi\/wp-json\/wp\/v2\/media\/4985768"}],"wp:attachment":[{"href":"https:\/\/dev.visitparnu.com\/fi\/wp-json\/wp\/v2\/media?parent=4944307"}],"curies":[{"name":"wp","href":"https:\/\/api.w.org\/{rel}","templated":true}]}}