{"id":4937041,"date":"2018-12-13T06:20:19","date_gmt":"2018-12-13T04:20:19","guid":{"rendered":"https:\/\/dev.visitparnu.com\/parnun-lentoasema\/"},"modified":"2024-03-19T15:58:40","modified_gmt":"2024-03-19T13:58:40","slug":"parnun-lentoasema","status":"publish","type":"page","link":"https:\/\/dev.visitparnu.com\/fi\/parnun-lentoasema\/","title":{"rendered":"P\u00e4rnun lentoasema"},"content":{"rendered":"\t\t<div data-elementor-type=\"wp-post\" data-elementor-id=\"4937041\" class=\"elementor elementor-4937041 elementor-4936679\" data-elementor-post-type=\"page\">\n\t\t\t\t<div class=\"elementor-element elementor-element-07efba5 content-one-col-block e-flex e-con-boxed e-con e-parent\" data-id=\"07efba5\" data-element_type=\"container\">\n\t\t\t\t\t<div class=\"e-con-inner\">\n\t\t<div class=\"elementor-element elementor-element-b172bde e-con-full e-flex e-con e-child\" data-id=\"b172bde\" data-element_type=\"container\">\n\t\t\t\t<div class=\"elementor-element elementor-element-450dc51 elementor-widget elementor-widget-text-editor\" data-id=\"450dc51\" data-element_type=\"widget\" data-widget_type=\"text-editor.default\">\n\t\t\t\t\t\t\t\t\t<blockquote><p>P\u00e4rnun lentoasemalle saapuvat sek\u00e4 kansainv\u00e4liset ett\u00e4 kotimaiset lennot. Lentoyhteyksien kautta olemme l\u00e4hemp\u00e4n\u00e4 maailmaa ja yhteydess\u00e4 eri suurkaupunkeihin.<\/p><\/blockquote>\t\t\t\t\t\t\t\t<\/div>\n\t\t\t\t<\/div>\n\t\t\t\t\t<\/div>\n\t\t\t\t<\/div>\n\t\t<div class=\"elementor-element elementor-element-2cce6b7 content-two-col-block e-flex e-con-boxed e-con e-parent\" data-id=\"2cce6b7\" data-element_type=\"container\">\n\t\t\t\t\t<div class=\"e-con-inner\">\n\t\t<div class=\"elementor-element elementor-element-0ebeebb e-con-full e-flex e-con e-child\" data-id=\"0ebeebb\" data-element_type=\"container\">\n\t\t\t\t<div class=\"elementor-element elementor-element-0cc32be elementor-widget elementor-widget-image\" data-id=\"0cc32be\" data-element_type=\"widget\" data-widget_type=\"image.default\">\n\t\t\t\t\t\t\t\t\t\t\t\t\t\t\t<img fetchpriority=\"high\" decoding=\"async\" width=\"1024\" height=\"683\" src=\"https:\/\/dev.visitparnu.com\/wp-content\/uploads\/2022\/11\/airplane-g6a052ee7b_1920-1024x683.jpg\" class=\"attachment-large size-large wp-image-4918859\" alt=\"\" srcset=\"https:\/\/dev.visitparnu.com\/wp-content\/uploads\/2022\/11\/airplane-g6a052ee7b_1920-1024x683.jpg 1024w, https:\/\/dev.visitparnu.com\/wp-content\/uploads\/2022\/11\/airplane-g6a052ee7b_1920-300x200.jpg 300w, https:\/\/dev.visitparnu.com\/wp-content\/uploads\/2022\/11\/airplane-g6a052ee7b_1920-768x512.jpg 768w, https:\/\/dev.visitparnu.com\/wp-content\/uploads\/2022\/11\/airplane-g6a052ee7b_1920-1536x1025.jpg 1536w, https:\/\/dev.visitparnu.com\/wp-content\/uploads\/2022\/11\/airplane-g6a052ee7b_1920.jpg 1920w\" sizes=\"(max-width: 1024px) 100vw, 1024px\" \/>\t\t\t\t\t\t\t\t\t\t\t\t\t\t\t<\/div>\n\t\t\t\t<\/div>\n\t\t<div class=\"elementor-element elementor-element-5d56c04 e-con-full e-flex e-con e-child\" data-id=\"5d56c04\" data-element_type=\"container\">\n\t\t\t\t<div class=\"elementor-element elementor-element-f1f4d96 elementor-widget elementor-widget-text-editor\" data-id=\"f1f4d96\" data-element_type=\"widget\" data-widget_type=\"text-editor.default\">\n\t\t\t\t\t\t\t\t\t<div class=\"elementor-element elementor-element-6a270f8 elementor-widget elementor-widget-text-editor\" data-id=\"6a270f8\" data-element_type=\"widget\" data-settings=\"{&quot;ekit_we_effect_on&quot;:&quot;none&quot;}\" data-widget_type=\"text-editor.default\"><div class=\"elementor-widget-container\"><div class=\"elementor-text-editor elementor-clearfix\"><h2>Miten P\u00e4rnun lentoasemalta p\u00e4\u00e4see ydinkeskustaan?<\/h2><p>P\u00e4rnun lentoasema sijaitsee P\u00e4rnun keskustasta vain 6 km p\u00e4\u00e4ss\u00e4 Torin kunnassa, Eametsan kyl\u00e4ss\u00e4. Lentoaseman ja keskustan v\u00e4lill\u00e4 on mukava kulkea joko linja-autolla tai taksilla. Tietenkin on mahdollista l\u00f6yt\u00e4\u00e4 kyyti\u00e4 my\u00f6s Bolt-sovelluksen avulla.<\/p><\/div><\/div><\/div>\t\t\t\t\t\t\t\t<\/div>\n\t\t\t\t<div class=\"elementor-element elementor-element-5c08703 elementor-view-framed elementor-position-left elementor-shape-circle elementor-mobile-position-top elementor-widget elementor-widget-icon-box\" data-id=\"5c08703\" data-element_type=\"widget\" data-widget_type=\"icon-box.default\">\n\t\t\t\t\t\t\t<div class=\"elementor-icon-box-wrapper\">\n\n\t\t\t\t\t\t<div class=\"elementor-icon-box-icon\">\n\t\t\t\t<span  class=\"elementor-icon\">\n\t\t\t\t<i aria-hidden=\"true\" class=\"far fa-bus\"><\/i>\t\t\t\t<\/span>\n\t\t\t<\/div>\n\t\t\t\n\t\t\t\t\t\t<div class=\"elementor-icon-box-content\">\n\n\t\t\t\t\t\t\t\t\t<h3 class=\"elementor-icon-box-title\">\n\t\t\t\t\t\t<span  >\n\t\t\t\t\t\t\tLinja-autolla\t\t\t\t\t\t<\/span>\n\t\t\t\t\t<\/h3>\n\t\t\t\t\n\t\t\t\t\t\t\t\t\t<p class=\"elementor-icon-box-description\">\n\t\t\t\t\t\tLinja-autolla: Lentoaseman bussipys\u00e4kki on matkustajaterminaalin edess\u00e4. Bussi numero 24 kulkee Lentoaseman ja P\u00e4rnun linja-autoaseman v\u00e4list\u00e4 reitti\u00e4. Bussin aikataulu muuttuu lentoaikataulun mukaan. Maksaa kuljettajalta ostettuna 3 euroa.\n<br> <a href=\"https:\/\/web.peatus.ee\/linjat\/estonia:d485f8a25cbdbfc467523c35340bcb30\/pysakit\/estonia:d485f8a25cbdbfc467523c35340bcb30::01\">Bus nr 24 - Peatus.ee<\/a>\t\t\t\t\t<\/p>\n\t\t\t\t\n\t\t\t<\/div>\n\t\t\t\n\t\t<\/div>\n\t\t\t\t\t\t<\/div>\n\t\t\t\t<div class=\"elementor-element elementor-element-fe3c706 elementor-view-framed elementor-position-left elementor-shape-circle elementor-mobile-position-top elementor-widget elementor-widget-icon-box\" data-id=\"fe3c706\" data-element_type=\"widget\" data-widget_type=\"icon-box.default\">\n\t\t\t\t\t\t\t<div class=\"elementor-icon-box-wrapper\">\n\n\t\t\t\t\t\t<div class=\"elementor-icon-box-icon\">\n\t\t\t\t<span  class=\"elementor-icon\">\n\t\t\t\t<i aria-hidden=\"true\" class=\"far fa-taxi\"><\/i>\t\t\t\t<\/span>\n\t\t\t<\/div>\n\t\t\t\n\t\t\t\t\t\t<div class=\"elementor-icon-box-content\">\n\n\t\t\t\t\t\t\t\t\t<h3 class=\"elementor-icon-box-title\">\n\t\t\t\t\t\t<span  >\n\t\t\t\t\t\t\tTaksilla\t\t\t\t\t\t<\/span>\n\t\t\t\t\t<\/h3>\n\t\t\t\t\n\t\t\t\t\t\t\t\t\t<p class=\"elementor-icon-box-description\">\n\t\t\t\t\t\tLentoaseman ja keskustan v\u00e4lill\u00e4 on mukava kulkea taksilla, koska taksit voivat pys\u00e4hty\u00e4 suoraan matkustajaterminaalin edess\u00e4. Taksikyydin arvioitu hinta on 7-10 euroa.\t\t\t\t\t<\/p>\n\t\t\t\t\n\t\t\t<\/div>\n\t\t\t\n\t\t<\/div>\n\t\t\t\t\t\t<\/div>\n\t\t\t\t<div class=\"elementor-element elementor-element-e24b084 elementor-view-framed elementor-position-left elementor-shape-circle elementor-mobile-position-top elementor-widget elementor-widget-icon-box\" data-id=\"e24b084\" data-element_type=\"widget\" data-widget_type=\"icon-box.default\">\n\t\t\t\t\t\t\t<div class=\"elementor-icon-box-wrapper\">\n\n\t\t\t\t\t\t<div class=\"elementor-icon-box-icon\">\n\t\t\t\t<span  class=\"elementor-icon\">\n\t\t\t\t<i aria-hidden=\"true\" class=\"far fa-car\"><\/i>\t\t\t\t<\/span>\n\t\t\t<\/div>\n\t\t\t\n\t\t\t\t\t\t<div class=\"elementor-icon-box-content\">\n\n\t\t\t\t\t\t\t\t\t<h3 class=\"elementor-icon-box-title\">\n\t\t\t\t\t\t<span  >\n\t\t\t\t\t\t\tBoltilla\t\t\t\t\t\t<\/span>\n\t\t\t\t\t<\/h3>\n\t\t\t\t\n\t\t\t\t\t\t\t\t\t<p class=\"elementor-icon-box-description\">\n\t\t\t\t\t\tBoltin matkanjakopalvelu auttaa k\u00e4tev\u00e4sti l\u00f6yt\u00e4m\u00e4\u00e4n itselleen l\u00e4himm\u00e4n vapaan auton. Valitse m\u00e4\u00e4r\u00e4np\u00e4\u00e4, tilaa auto, kuljettaja tapaa sinut ja nauti kyydist\u00e4.\t\t\t\t\t<\/p>\n\t\t\t\t\n\t\t\t<\/div>\n\t\t\t\n\t\t<\/div>\n\t\t\t\t\t\t<\/div>\n\t\t\t\t<\/div>\n\t\t\t\t\t<\/div>\n\t\t\t\t<\/div>\n\t\t\t\t<\/div>\n\t\t","protected":false},"excerpt":{"rendered":"<p>P\u00e4rnun lentoasemalle saapuvat sek\u00e4 kansainv\u00e4liset ett\u00e4 kotimaiset lennot. Lentoyhteyksien kautta olemme l\u00e4hemp\u00e4n\u00e4 maailmaa ja yhteydess\u00e4 eri suurkaupunkeihin. Miten P\u00e4rnun lentoasemalta p\u00e4\u00e4see ydinkeskustaan? P\u00e4rnun lentoasema sijaitsee P\u00e4rnun keskustasta vain 6 km p\u00e4\u00e4ss\u00e4 Torin kunnassa, Eametsan kyl\u00e4ss\u00e4. Lentoaseman ja keskustan v\u00e4lill\u00e4 on mukava kulkea joko linja-autolla tai taksilla. Tietenkin on mahdollista l\u00f6yt\u00e4\u00e4 kyyti\u00e4 my\u00f6s Bolt-sovelluksen avulla. Linja-autolla [&hellip;]<\/p>\n","protected":false},"author":1,"featured_media":4944837,"parent":0,"menu_order":0,"comment_status":"closed","ping_status":"closed","template":"","meta":{"_acf_changed":false,"footnotes":""},"class_list":["post-4937041","page","type-page","status-publish","has-post-thumbnail","hentry"],"acf":[],"yoast_head":"<!-- This site is optimized with the Yoast SEO plugin v26.5 - https:\/\/yoast.com\/wordpress\/plugins\/seo\/ -->\n<title>P\u00e4rnun lentoasema - Visit P\u00e4rnu<\/title>\n<meta name=\"robots\" content=\"noindex, follow, max-snippet:-1, max-image-preview:large, max-video-preview:-1\" \/>\n<meta property=\"og:locale\" content=\"fi_FI\" \/>\n<meta property=\"og:type\" content=\"article\" \/>\n<meta property=\"og:title\" content=\"P\u00e4rnun lentoasema - Visit P\u00e4rnu\" \/>\n<meta property=\"og:description\" content=\"P\u00e4rnun lentoasemalle saapuvat sek\u00e4 kansainv\u00e4liset ett\u00e4 kotimaiset lennot. Lentoyhteyksien kautta olemme l\u00e4hemp\u00e4n\u00e4 maailmaa ja yhteydess\u00e4 eri suurkaupunkeihin. Miten P\u00e4rnun lentoasemalta p\u00e4\u00e4see ydinkeskustaan? P\u00e4rnun lentoasema sijaitsee P\u00e4rnun keskustasta vain 6 km p\u00e4\u00e4ss\u00e4 Torin kunnassa, Eametsan kyl\u00e4ss\u00e4. Lentoaseman ja keskustan v\u00e4lill\u00e4 on mukava kulkea joko linja-autolla tai taksilla. Tietenkin on mahdollista l\u00f6yt\u00e4\u00e4 kyyti\u00e4 my\u00f6s Bolt-sovelluksen avulla. Linja-autolla [&hellip;]\" \/>\n<meta property=\"og:url\" content=\"https:\/\/dev.visitparnu.com\/fi\/parnun-lentoasema\/\" \/>\n<meta property=\"og:site_name\" content=\"Visit P\u00e4rnu\" \/>\n<meta property=\"article:publisher\" content=\"https:\/\/www.facebook.com\/visitparnuEE\/\" \/>\n<meta property=\"article:modified_time\" content=\"2024-03-19T13:58:40+00:00\" \/>\n<meta property=\"og:image\" content=\"https:\/\/dev.visitparnu.com\/wp-content\/uploads\/2023\/01\/Airplane-2.jpg\" \/>\n\t<meta property=\"og:image:width\" content=\"1920\" \/>\n\t<meta property=\"og:image:height\" content=\"1280\" \/>\n\t<meta property=\"og:image:type\" content=\"image\/jpeg\" \/>\n<meta name=\"twitter:card\" content=\"summary_large_image\" \/>\n<meta name=\"twitter:label1\" content=\"Arvioitu lukuaika\" \/>\n\t<meta name=\"twitter:data1\" content=\"2 minuuttia\" \/>\n<script type=\"application\/ld+json\" class=\"yoast-schema-graph\">{\"@context\":\"https:\/\/schema.org\",\"@graph\":[{\"@type\":\"WebPage\",\"@id\":\"https:\/\/dev.visitparnu.com\/fi\/parnun-lentoasema\/\",\"url\":\"https:\/\/dev.visitparnu.com\/fi\/parnun-lentoasema\/\",\"name\":\"P\u00e4rnun lentoasema - Visit P\u00e4rnu\",\"isPartOf\":{\"@id\":\"https:\/\/dev.visitparnu.com\/fi\/#website\"},\"primaryImageOfPage\":{\"@id\":\"https:\/\/dev.visitparnu.com\/fi\/parnun-lentoasema\/#primaryimage\"},\"image\":{\"@id\":\"https:\/\/dev.visitparnu.com\/fi\/parnun-lentoasema\/#primaryimage\"},\"thumbnailUrl\":\"https:\/\/dev.visitparnu.com\/wp-content\/uploads\/2023\/01\/Airplane-2.jpg\",\"datePublished\":\"2018-12-13T04:20:19+00:00\",\"dateModified\":\"2024-03-19T13:58:40+00:00\",\"breadcrumb\":{\"@id\":\"https:\/\/dev.visitparnu.com\/fi\/parnun-lentoasema\/#breadcrumb\"},\"inLanguage\":\"fi\",\"potentialAction\":[{\"@type\":\"ReadAction\",\"target\":[\"https:\/\/dev.visitparnu.com\/fi\/parnun-lentoasema\/\"]}]},{\"@type\":\"ImageObject\",\"inLanguage\":\"fi\",\"@id\":\"https:\/\/dev.visitparnu.com\/fi\/parnun-lentoasema\/#primaryimage\",\"url\":\"https:\/\/dev.visitparnu.com\/wp-content\/uploads\/2023\/01\/Airplane-2.jpg\",\"contentUrl\":\"https:\/\/dev.visitparnu.com\/wp-content\/uploads\/2023\/01\/Airplane-2.jpg\",\"width\":1920,\"height\":1280},{\"@type\":\"BreadcrumbList\",\"@id\":\"https:\/\/dev.visitparnu.com\/fi\/parnun-lentoasema\/#breadcrumb\",\"itemListElement\":[{\"@type\":\"ListItem\",\"position\":1,\"name\":\"\",\"item\":\"https:\/\/dev.visitparnu.com\/fi\/avaleht\/\"},{\"@type\":\"ListItem\",\"position\":2,\"name\":\"P\u00e4rnun lentoasema\"}]},{\"@type\":\"WebSite\",\"@id\":\"https:\/\/dev.visitparnu.com\/fi\/#website\",\"url\":\"https:\/\/dev.visitparnu.com\/fi\/\",\"name\":\"Visit P\u00e4rnu\",\"description\":\"\",\"publisher\":{\"@id\":\"https:\/\/dev.visitparnu.com\/fi\/#organization\"},\"potentialAction\":[{\"@type\":\"SearchAction\",\"target\":{\"@type\":\"EntryPoint\",\"urlTemplate\":\"https:\/\/dev.visitparnu.com\/fi\/?s={search_term_string}\"},\"query-input\":{\"@type\":\"PropertyValueSpecification\",\"valueRequired\":true,\"valueName\":\"search_term_string\"}}],\"inLanguage\":\"fi\"},{\"@type\":\"Organization\",\"@id\":\"https:\/\/dev.visitparnu.com\/fi\/#organization\",\"name\":\"Visit P\u00e4rnu\",\"url\":\"https:\/\/dev.visitparnu.com\/fi\/\",\"logo\":{\"@type\":\"ImageObject\",\"inLanguage\":\"fi\",\"@id\":\"https:\/\/dev.visitparnu.com\/fi\/#\/schema\/logo\/image\/\",\"url\":\"https:\/\/dev.visitparnu.com\/wp-content\/uploads\/2022\/11\/VP_logo.svg\",\"contentUrl\":\"https:\/\/dev.visitparnu.com\/wp-content\/uploads\/2022\/11\/VP_logo.svg\",\"width\":305,\"height\":33,\"caption\":\"Visit P\u00e4rnu\"},\"image\":{\"@id\":\"https:\/\/dev.visitparnu.com\/fi\/#\/schema\/logo\/image\/\"},\"sameAs\":[\"https:\/\/www.facebook.com\/visitparnuEE\/\",\"https:\/\/www.youtube.com\/user\/visitparnuestonia\/\",\"https:\/\/www.instagram.com\/visitparnu\/\"]}]}<\/script>\n<!-- \/ Yoast SEO plugin. -->","yoast_head_json":{"title":"P\u00e4rnun lentoasema - Visit P\u00e4rnu","robots":{"index":"noindex","follow":"follow","max-snippet":"max-snippet:-1","max-image-preview":"max-image-preview:large","max-video-preview":"max-video-preview:-1"},"og_locale":"fi_FI","og_type":"article","og_title":"P\u00e4rnun lentoasema - Visit P\u00e4rnu","og_description":"P\u00e4rnun lentoasemalle saapuvat sek\u00e4 kansainv\u00e4liset ett\u00e4 kotimaiset lennot. Lentoyhteyksien kautta olemme l\u00e4hemp\u00e4n\u00e4 maailmaa ja yhteydess\u00e4 eri suurkaupunkeihin. Miten P\u00e4rnun lentoasemalta p\u00e4\u00e4see ydinkeskustaan? P\u00e4rnun lentoasema sijaitsee P\u00e4rnun keskustasta vain 6 km p\u00e4\u00e4ss\u00e4 Torin kunnassa, Eametsan kyl\u00e4ss\u00e4. Lentoaseman ja keskustan v\u00e4lill\u00e4 on mukava kulkea joko linja-autolla tai taksilla. Tietenkin on mahdollista l\u00f6yt\u00e4\u00e4 kyyti\u00e4 my\u00f6s Bolt-sovelluksen avulla. Linja-autolla [&hellip;]","og_url":"https:\/\/dev.visitparnu.com\/fi\/parnun-lentoasema\/","og_site_name":"Visit P\u00e4rnu","article_publisher":"https:\/\/www.facebook.com\/visitparnuEE\/","article_modified_time":"2024-03-19T13:58:40+00:00","og_image":[{"width":1920,"height":1280,"url":"https:\/\/dev.visitparnu.com\/wp-content\/uploads\/2023\/01\/Airplane-2.jpg","type":"image\/jpeg"}],"twitter_card":"summary_large_image","twitter_misc":{"Arvioitu lukuaika":"2 minuuttia"},"schema":{"@context":"https:\/\/schema.org","@graph":[{"@type":"WebPage","@id":"https:\/\/dev.visitparnu.com\/fi\/parnun-lentoasema\/","url":"https:\/\/dev.visitparnu.com\/fi\/parnun-lentoasema\/","name":"P\u00e4rnun lentoasema - Visit P\u00e4rnu","isPartOf":{"@id":"https:\/\/dev.visitparnu.com\/fi\/#website"},"primaryImageOfPage":{"@id":"https:\/\/dev.visitparnu.com\/fi\/parnun-lentoasema\/#primaryimage"},"image":{"@id":"https:\/\/dev.visitparnu.com\/fi\/parnun-lentoasema\/#primaryimage"},"thumbnailUrl":"https:\/\/dev.visitparnu.com\/wp-content\/uploads\/2023\/01\/Airplane-2.jpg","datePublished":"2018-12-13T04:20:19+00:00","dateModified":"2024-03-19T13:58:40+00:00","breadcrumb":{"@id":"https:\/\/dev.visitparnu.com\/fi\/parnun-lentoasema\/#breadcrumb"},"inLanguage":"fi","potentialAction":[{"@type":"ReadAction","target":["https:\/\/dev.visitparnu.com\/fi\/parnun-lentoasema\/"]}]},{"@type":"ImageObject","inLanguage":"fi","@id":"https:\/\/dev.visitparnu.com\/fi\/parnun-lentoasema\/#primaryimage","url":"https:\/\/dev.visitparnu.com\/wp-content\/uploads\/2023\/01\/Airplane-2.jpg","contentUrl":"https:\/\/dev.visitparnu.com\/wp-content\/uploads\/2023\/01\/Airplane-2.jpg","width":1920,"height":1280},{"@type":"BreadcrumbList","@id":"https:\/\/dev.visitparnu.com\/fi\/parnun-lentoasema\/#breadcrumb","itemListElement":[{"@type":"ListItem","position":1,"name":"","item":"https:\/\/dev.visitparnu.com\/fi\/avaleht\/"},{"@type":"ListItem","position":2,"name":"P\u00e4rnun lentoasema"}]},{"@type":"WebSite","@id":"https:\/\/dev.visitparnu.com\/fi\/#website","url":"https:\/\/dev.visitparnu.com\/fi\/","name":"Visit P\u00e4rnu","description":"","publisher":{"@id":"https:\/\/dev.visitparnu.com\/fi\/#organization"},"potentialAction":[{"@type":"SearchAction","target":{"@type":"EntryPoint","urlTemplate":"https:\/\/dev.visitparnu.com\/fi\/?s={search_term_string}"},"query-input":{"@type":"PropertyValueSpecification","valueRequired":true,"valueName":"search_term_string"}}],"inLanguage":"fi"},{"@type":"Organization","@id":"https:\/\/dev.visitparnu.com\/fi\/#organization","name":"Visit P\u00e4rnu","url":"https:\/\/dev.visitparnu.com\/fi\/","logo":{"@type":"ImageObject","inLanguage":"fi","@id":"https:\/\/dev.visitparnu.com\/fi\/#\/schema\/logo\/image\/","url":"https:\/\/dev.visitparnu.com\/wp-content\/uploads\/2022\/11\/VP_logo.svg","contentUrl":"https:\/\/dev.visitparnu.com\/wp-content\/uploads\/2022\/11\/VP_logo.svg","width":305,"height":33,"caption":"Visit P\u00e4rnu"},"image":{"@id":"https:\/\/dev.visitparnu.com\/fi\/#\/schema\/logo\/image\/"},"sameAs":["https:\/\/www.facebook.com\/visitparnuEE\/","https:\/\/www.youtube.com\/user\/visitparnuestonia\/","https:\/\/www.instagram.com\/visitparnu\/"]}]}},"_links":{"self":[{"href":"https:\/\/dev.visitparnu.com\/fi\/wp-json\/wp\/v2\/pages\/4937041","targetHints":{"allow":["GET"]}}],"collection":[{"href":"https:\/\/dev.visitparnu.com\/fi\/wp-json\/wp\/v2\/pages"}],"about":[{"href":"https:\/\/dev.visitparnu.com\/fi\/wp-json\/wp\/v2\/types\/page"}],"author":[{"embeddable":true,"href":"https:\/\/dev.visitparnu.com\/fi\/wp-json\/wp\/v2\/users\/1"}],"replies":[{"embeddable":true,"href":"https:\/\/dev.visitparnu.com\/fi\/wp-json\/wp\/v2\/comments?post=4937041"}],"version-history":[{"count":33,"href":"https:\/\/dev.visitparnu.com\/fi\/wp-json\/wp\/v2\/pages\/4937041\/revisions"}],"predecessor-version":[{"id":4995731,"href":"https:\/\/dev.visitparnu.com\/fi\/wp-json\/wp\/v2\/pages\/4937041\/revisions\/4995731"}],"wp:featuredmedia":[{"embeddable":true,"href":"https:\/\/dev.visitparnu.com\/fi\/wp-json\/wp\/v2\/media\/4944837"}],"wp:attachment":[{"href":"https:\/\/dev.visitparnu.com\/fi\/wp-json\/wp\/v2\/media?parent=4937041"}],"curies":[{"name":"wp","href":"https:\/\/api.w.org\/{rel}","templated":true}]}}