{"id":4936977,"date":"2018-09-21T13:09:49","date_gmt":"2018-09-21T11:09:49","guid":{"rendered":"https:\/\/dev.visitparnu.com\/miksi-parnu\/"},"modified":"2023-01-15T19:20:26","modified_gmt":"2023-01-15T17:20:26","slug":"miksi-parnu","status":"publish","type":"page","link":"https:\/\/dev.visitparnu.com\/fi\/miksi-parnu\/","title":{"rendered":"Miksi P\u00e4rnu?"},"content":{"rendered":"\t\t<div data-elementor-type=\"wp-post\" data-elementor-id=\"4936977\" class=\"elementor elementor-4936977 elementor-4936638\" data-elementor-post-type=\"page\">\n\t\t\t\t<div class=\"elementor-element elementor-element-45ec8d0 content-two-col-block e-flex e-con-boxed e-con e-parent\" data-id=\"45ec8d0\" data-element_type=\"container\">\n\t\t\t\t\t<div class=\"e-con-inner\">\n\t\t<div class=\"elementor-element elementor-element-511f5ff e-con-full e-flex e-con e-parent\" data-id=\"511f5ff\" data-element_type=\"container\">\n\t\t\t\t<div class=\"elementor-element elementor-element-7252607 elementor-widget elementor-widget-text-editor\" data-id=\"7252607\" data-element_type=\"widget\" data-widget_type=\"text-editor.default\">\n\t\t\t\t\t\t\t\t\t<p style=\"font-weight: 400;\">Jos haluat kokea hieman uneliaan pikkukaupungin ilmapiirin, helli\u00e4 itse\u00e4si kylpyl\u00e4hoidoilla, nauttia hienoista kulttuuriel\u00e4myksist\u00e4 ja ihmetell\u00e4 luonnon voimaa, P\u00e4rnu on juuri oikea paikka, johon tulla lep\u00e4\u00e4m\u00e4\u00e4n. T\u00e4\u00e4ll\u00e4 voit nauttia py\u00f6r\u00e4retkist\u00e4 ja pitkist\u00e4 k\u00e4velyretkist\u00e4, kev\u00e4isen luonnon her\u00e4\u00e4misest\u00e4 ja kes\u00e4isest\u00e4 h\u00e4lin\u00e4st\u00e4 sek\u00e4 syksyn ja talven romantiikasta.<\/p>\t\t\t\t\t\t\t\t<\/div>\n\t\t\t\t<div class=\"elementor-element elementor-element-7cd9687 elementor-widget elementor-widget-image\" data-id=\"7cd9687\" data-element_type=\"widget\" data-widget_type=\"image.default\">\n\t\t\t\t\t\t\t\t\t\t\t\t\t\t\t<img fetchpriority=\"high\" decoding=\"async\" width=\"1024\" height=\"614\" src=\"https:\/\/dev.visitparnu.com\/wp-content\/uploads\/2023\/01\/Visitparnu-003-1024x614.jpg\" class=\"attachment-large size-large wp-image-4941807\" alt=\"\" srcset=\"https:\/\/dev.visitparnu.com\/wp-content\/uploads\/2023\/01\/Visitparnu-003-1024x614.jpg 1024w, https:\/\/dev.visitparnu.com\/wp-content\/uploads\/2023\/01\/Visitparnu-003-300x180.jpg 300w, https:\/\/dev.visitparnu.com\/wp-content\/uploads\/2023\/01\/Visitparnu-003-768x460.jpg 768w, https:\/\/dev.visitparnu.com\/wp-content\/uploads\/2023\/01\/Visitparnu-003-1536x921.jpg 1536w, https:\/\/dev.visitparnu.com\/wp-content\/uploads\/2023\/01\/Visitparnu-003-2048x1228.jpg 2048w\" sizes=\"(max-width: 1024px) 100vw, 1024px\" \/>\t\t\t\t\t\t\t\t\t\t\t\t\t\t\t<\/div>\n\t\t\t\t<\/div>\n\t\t\t\t\t<\/div>\n\t\t\t\t<\/div>\n\t\t<div class=\"elementor-element elementor-element-cf2143e content-two-col-block e-flex e-con-boxed e-con e-parent\" data-id=\"cf2143e\" data-element_type=\"container\">\n\t\t\t\t\t<div class=\"e-con-inner\">\n\t\t<div class=\"elementor-element elementor-element-2c10b10 e-con-full e-flex e-con e-parent\" data-id=\"2c10b10\" data-element_type=\"container\">\n\t\t\t\t<div class=\"elementor-element elementor-element-abb4c91 elementor-widget elementor-widget-heading\" data-id=\"abb4c91\" data-element_type=\"widget\" data-widget_type=\"heading.default\">\n\t\t\t\t\t<h2 class=\"elementor-heading-title elementor-size-default\">P\u00e4rnussa sijaitsee Viron suurin ja kaunein hiekkaranta<\/h2>\t\t\t\t<\/div>\n\t\t\t\t<div class=\"elementor-element elementor-element-010397e elementor-widget elementor-widget-text-editor\" data-id=\"010397e\" data-element_type=\"widget\" data-widget_type=\"text-editor.default\">\n\t\t\t\t\t\t\t\t\t<p style=\"font-weight: 400;\">P\u00e4rnumaan rannikko on my\u00f6s t\u00e4ynn\u00e4 pienempi\u00e4 ja yksityisempi\u00e4 rantasopukoita, jotka soveltuvat hyvin niin uimiseen, ev\u00e4sretkeen kuin my\u00f6s auringonlaskun katselemiseen. <strong>P\u00e4rnun rannassa on Pohjoismaiden parhaat olosuhteet surffaamiseen. <\/strong>Matala vesi ja tuulelle avoin lahdensopukka tekev\u00e4t P\u00e4rnusta todellisen surffausparatiisin.<\/p>\t\t\t\t\t\t\t\t<\/div>\n\t\t\t\t<div class=\"elementor-element elementor-element-d0decdd elementor-widget elementor-widget-image\" data-id=\"d0decdd\" data-element_type=\"widget\" data-widget_type=\"image.default\">\n\t\t\t\t\t\t\t\t\t\t\t\t\t\t\t\t<a href=\"https:\/\/dev.visitparnu.com\/wp-content\/uploads\/2023\/01\/Parnu-rand-3.jpg\" data-elementor-open-lightbox=\"yes\" data-elementor-lightbox-title=\"Parnu-rand\" data-elementor-lightbox-description=\"Parnu-rand\" data-e-action-hash=\"#elementor-action%3Aaction%3Dlightbox%26settings%3DeyJpZCI6NDk0NDY5NiwidXJsIjoiaHR0cHM6XC9cL2Rldi52aXNpdHBhcm51LmNvbVwvd3AtY29udGVudFwvdXBsb2Fkc1wvMjAyM1wvMDFcL1Bhcm51LXJhbmQtMy5qcGcifQ%3D%3D\">\n\t\t\t\t\t\t\t<img decoding=\"async\" width=\"1024\" height=\"576\" src=\"https:\/\/dev.visitparnu.com\/wp-content\/uploads\/2023\/01\/Parnu-rand-3-1024x576.jpg\" class=\"attachment-large size-large wp-image-4944696\" alt=\"\" srcset=\"https:\/\/dev.visitparnu.com\/wp-content\/uploads\/2023\/01\/Parnu-rand-3-1024x576.jpg 1024w, https:\/\/dev.visitparnu.com\/wp-content\/uploads\/2023\/01\/Parnu-rand-3-300x169.jpg 300w, https:\/\/dev.visitparnu.com\/wp-content\/uploads\/2023\/01\/Parnu-rand-3-768x432.jpg 768w, https:\/\/dev.visitparnu.com\/wp-content\/uploads\/2023\/01\/Parnu-rand-3-1536x863.jpg 1536w, https:\/\/dev.visitparnu.com\/wp-content\/uploads\/2023\/01\/Parnu-rand-3.jpg 1886w\" sizes=\"(max-width: 1024px) 100vw, 1024px\" \/>\t\t\t\t\t\t\t\t<\/a>\n\t\t\t\t\t\t\t\t\t\t\t\t\t\t\t<\/div>\n\t\t\t\t<\/div>\n\t\t<div class=\"elementor-element elementor-element-36fe1dc e-con-full e-flex e-con e-parent\" data-id=\"36fe1dc\" data-element_type=\"container\">\n\t\t\t\t<div class=\"elementor-element elementor-element-78890fa elementor-widget elementor-widget-text-editor\" data-id=\"78890fa\" data-element_type=\"widget\" data-widget_type=\"text-editor.default\">\n\t\t\t\t\t\t\t\t\t<blockquote><p style=\"font-weight: 400;\">P\u00e4rnu on ainoa kaupunki Virossa, joka sijaitsee samanaikaisesti merenrannalla ja joensuussa.<\/p><\/blockquote><p style=\"font-weight: 400;\">P\u00e4rnun kaupunki on todella kompakti, \u00e4lyk\u00e4s ja samalla ylpe\u00e4sti perinteit\u00e4\u00e4n kantava. T\u00e4\u00e4ll\u00e4 sinua odottavat ymp\u00e4rivuotisesti <strong>9 omaper\u00e4ist\u00e4 kylpyl\u00e4\u00e4, paljon vehreytt\u00e4 ja lomakaupungille ominainen ilmapiiri <\/strong>sek\u00e4 eritt\u00e4in arvostettuja <strong>ravintoloita, kahviloita sek\u00e4 teatteri- ja konserttiel\u00e4myksi\u00e4.<\/strong> P\u00e4rnun l\u00e4hell\u00e4 on my\u00f6s kaksi golfkeskusta. L\u00f6yd\u00e4t t\u00e4\u00e4lt\u00e4 my\u00f6s paljon erilaisia mahdollisuuksia kalastukseen joella ja merell\u00e4.<\/p><p style=\"font-weight: 400;\">P\u00e4rnumaan metsiss\u00e4 ja luonnossa riitt\u00e4\u00e4 tutustumisen arvoisia paikkoja. <strong>Matsalun kansallispuisto<\/strong> on yksi Euroopan runsaslintuisimpia alueita. <strong>Soomaalla <\/strong>voit seikkailla ja vaeltaa k\u00e4vellen, lumikengill\u00e4 sek\u00e4 kanootilla. <strong>Kihnun ja Manijan <\/strong>saarilla kunnioitetaan edelleen vanhoja virolaisia perinteit\u00e4 ja tapoja. <strong>Vaellusreittej\u00e4 ja kaunista luontoa <\/strong>voi ihailla sek\u00e4 pohjoisessa ett\u00e4 etel\u00e4ss\u00e4, merell\u00e4, rannikolla ja mantereella.<\/p>\t\t\t\t\t\t\t\t<\/div>\n\t\t\t\t<\/div>\n\t\t\t\t\t<\/div>\n\t\t\t\t<\/div>\n\t\t<div class=\"elementor-element elementor-element-4615e42 e-flex e-con-boxed e-con e-parent\" data-id=\"4615e42\" data-element_type=\"container\">\n\t\t\t\t\t<div class=\"e-con-inner\">\n\t\t\t\t<div class=\"elementor-element elementor-element-aac3a2e elementor-headline--style-highlight elementor-widget elementor-widget-animated-headline\" data-id=\"aac3a2e\" data-element_type=\"widget\" data-settings=\"{&quot;marker&quot;:&quot;curly&quot;,&quot;highlighted_text&quot;:&quot;P\\u00e4rnusta&quot;,&quot;headline_style&quot;:&quot;highlight&quot;,&quot;loop&quot;:&quot;yes&quot;,&quot;highlight_animation_duration&quot;:1200,&quot;highlight_iteration_delay&quot;:8000}\" data-widget_type=\"animated-headline.default\">\n\t\t\t\t\t\t\t<h3 class=\"elementor-headline\">\n\t\t\t\t<span class=\"elementor-headline-dynamic-wrapper elementor-headline-text-wrapper\">\n\t\t\t\t\t<span class=\"elementor-headline-dynamic-text elementor-headline-text-active\">P\u00e4rnusta<\/span>\n\t\t\t\t<\/span>\n\t\t\t\t\t<span class=\"elementor-headline-plain-text elementor-headline-text-wrapper\">ei saa koskaan tarpeekseen.<\/span>\n\t\t\t\t\t<\/h3>\n\t\t\t\t\t\t<\/div>\n\t\t\t\t\t<\/div>\n\t\t\t\t<\/div>\n\t\t\t\t<\/div>\n\t\t","protected":false},"excerpt":{"rendered":"<p>Jos haluat kokea hieman uneliaan pikkukaupungin ilmapiirin, helli\u00e4 itse\u00e4si kylpyl\u00e4hoidoilla, nauttia hienoista kulttuuriel\u00e4myksist\u00e4 ja ihmetell\u00e4 luonnon voimaa, P\u00e4rnu on juuri oikea paikka, johon tulla lep\u00e4\u00e4m\u00e4\u00e4n. T\u00e4\u00e4ll\u00e4 voit nauttia py\u00f6r\u00e4retkist\u00e4 ja pitkist\u00e4 k\u00e4velyretkist\u00e4, kev\u00e4isen luonnon her\u00e4\u00e4misest\u00e4 ja kes\u00e4isest\u00e4 h\u00e4lin\u00e4st\u00e4 sek\u00e4 syksyn ja talven romantiikasta. P\u00e4rnussa sijaitsee Viron suurin ja kaunein hiekkaranta P\u00e4rnumaan rannikko on my\u00f6s t\u00e4ynn\u00e4 [&hellip;]<\/p>\n","protected":false},"author":1,"featured_media":4944696,"parent":0,"menu_order":0,"comment_status":"closed","ping_status":"closed","template":"","meta":{"_acf_changed":false,"footnotes":""},"class_list":["post-4936977","page","type-page","status-publish","has-post-thumbnail","hentry"],"acf":[],"yoast_head":"<!-- This site is optimized with the Yoast SEO plugin v26.5 - https:\/\/yoast.com\/wordpress\/plugins\/seo\/ -->\n<title>Miksi P\u00e4rnu? - Visit P\u00e4rnu<\/title>\n<meta name=\"robots\" content=\"noindex, follow, max-snippet:-1, max-image-preview:large, max-video-preview:-1\" \/>\n<meta property=\"og:locale\" content=\"fi_FI\" \/>\n<meta property=\"og:type\" content=\"article\" \/>\n<meta property=\"og:title\" content=\"Miksi P\u00e4rnu? - Visit P\u00e4rnu\" \/>\n<meta property=\"og:description\" content=\"Jos haluat kokea hieman uneliaan pikkukaupungin ilmapiirin, helli\u00e4 itse\u00e4si kylpyl\u00e4hoidoilla, nauttia hienoista kulttuuriel\u00e4myksist\u00e4 ja ihmetell\u00e4 luonnon voimaa, P\u00e4rnu on juuri oikea paikka, johon tulla lep\u00e4\u00e4m\u00e4\u00e4n. T\u00e4\u00e4ll\u00e4 voit nauttia py\u00f6r\u00e4retkist\u00e4 ja pitkist\u00e4 k\u00e4velyretkist\u00e4, kev\u00e4isen luonnon her\u00e4\u00e4misest\u00e4 ja kes\u00e4isest\u00e4 h\u00e4lin\u00e4st\u00e4 sek\u00e4 syksyn ja talven romantiikasta. P\u00e4rnussa sijaitsee Viron suurin ja kaunein hiekkaranta P\u00e4rnumaan rannikko on my\u00f6s t\u00e4ynn\u00e4 [&hellip;]\" \/>\n<meta property=\"og:url\" content=\"https:\/\/dev.visitparnu.com\/fi\/miksi-parnu\/\" \/>\n<meta property=\"og:site_name\" content=\"Visit P\u00e4rnu\" \/>\n<meta property=\"article:publisher\" content=\"https:\/\/www.facebook.com\/visitparnuEE\/\" \/>\n<meta property=\"article:modified_time\" content=\"2023-01-15T17:20:26+00:00\" \/>\n<meta property=\"og:image\" content=\"https:\/\/dev.visitparnu.com\/wp-content\/uploads\/2023\/01\/Parnu-rand-3.jpg\" \/>\n\t<meta property=\"og:image:width\" content=\"1886\" \/>\n\t<meta property=\"og:image:height\" content=\"1060\" \/>\n\t<meta property=\"og:image:type\" content=\"image\/jpeg\" \/>\n<meta name=\"twitter:card\" content=\"summary_large_image\" \/>\n<meta name=\"twitter:label1\" content=\"Arvioitu lukuaika\" \/>\n\t<meta name=\"twitter:data1\" content=\"2 minuuttia\" \/>\n<script type=\"application\/ld+json\" class=\"yoast-schema-graph\">{\"@context\":\"https:\/\/schema.org\",\"@graph\":[{\"@type\":\"WebPage\",\"@id\":\"https:\/\/dev.visitparnu.com\/fi\/miksi-parnu\/\",\"url\":\"https:\/\/dev.visitparnu.com\/fi\/miksi-parnu\/\",\"name\":\"Miksi P\u00e4rnu? - Visit P\u00e4rnu\",\"isPartOf\":{\"@id\":\"https:\/\/dev.visitparnu.com\/fi\/#website\"},\"primaryImageOfPage\":{\"@id\":\"https:\/\/dev.visitparnu.com\/fi\/miksi-parnu\/#primaryimage\"},\"image\":{\"@id\":\"https:\/\/dev.visitparnu.com\/fi\/miksi-parnu\/#primaryimage\"},\"thumbnailUrl\":\"https:\/\/dev.visitparnu.com\/wp-content\/uploads\/2023\/01\/Parnu-rand-3.jpg\",\"datePublished\":\"2018-09-21T11:09:49+00:00\",\"dateModified\":\"2023-01-15T17:20:26+00:00\",\"breadcrumb\":{\"@id\":\"https:\/\/dev.visitparnu.com\/fi\/miksi-parnu\/#breadcrumb\"},\"inLanguage\":\"fi\",\"potentialAction\":[{\"@type\":\"ReadAction\",\"target\":[\"https:\/\/dev.visitparnu.com\/fi\/miksi-parnu\/\"]}]},{\"@type\":\"ImageObject\",\"inLanguage\":\"fi\",\"@id\":\"https:\/\/dev.visitparnu.com\/fi\/miksi-parnu\/#primaryimage\",\"url\":\"https:\/\/dev.visitparnu.com\/wp-content\/uploads\/2023\/01\/Parnu-rand-3.jpg\",\"contentUrl\":\"https:\/\/dev.visitparnu.com\/wp-content\/uploads\/2023\/01\/Parnu-rand-3.jpg\",\"width\":1886,\"height\":1060},{\"@type\":\"BreadcrumbList\",\"@id\":\"https:\/\/dev.visitparnu.com\/fi\/miksi-parnu\/#breadcrumb\",\"itemListElement\":[{\"@type\":\"ListItem\",\"position\":1,\"name\":\"\",\"item\":\"https:\/\/dev.visitparnu.com\/fi\/avaleht\/\"},{\"@type\":\"ListItem\",\"position\":2,\"name\":\"Miksi P\u00e4rnu?\"}]},{\"@type\":\"WebSite\",\"@id\":\"https:\/\/dev.visitparnu.com\/fi\/#website\",\"url\":\"https:\/\/dev.visitparnu.com\/fi\/\",\"name\":\"Visit P\u00e4rnu\",\"description\":\"\",\"publisher\":{\"@id\":\"https:\/\/dev.visitparnu.com\/fi\/#organization\"},\"potentialAction\":[{\"@type\":\"SearchAction\",\"target\":{\"@type\":\"EntryPoint\",\"urlTemplate\":\"https:\/\/dev.visitparnu.com\/fi\/?s={search_term_string}\"},\"query-input\":{\"@type\":\"PropertyValueSpecification\",\"valueRequired\":true,\"valueName\":\"search_term_string\"}}],\"inLanguage\":\"fi\"},{\"@type\":\"Organization\",\"@id\":\"https:\/\/dev.visitparnu.com\/fi\/#organization\",\"name\":\"Visit P\u00e4rnu\",\"url\":\"https:\/\/dev.visitparnu.com\/fi\/\",\"logo\":{\"@type\":\"ImageObject\",\"inLanguage\":\"fi\",\"@id\":\"https:\/\/dev.visitparnu.com\/fi\/#\/schema\/logo\/image\/\",\"url\":\"https:\/\/dev.visitparnu.com\/wp-content\/uploads\/2022\/11\/VP_logo.svg\",\"contentUrl\":\"https:\/\/dev.visitparnu.com\/wp-content\/uploads\/2022\/11\/VP_logo.svg\",\"width\":305,\"height\":33,\"caption\":\"Visit P\u00e4rnu\"},\"image\":{\"@id\":\"https:\/\/dev.visitparnu.com\/fi\/#\/schema\/logo\/image\/\"},\"sameAs\":[\"https:\/\/www.facebook.com\/visitparnuEE\/\",\"https:\/\/www.youtube.com\/user\/visitparnuestonia\/\",\"https:\/\/www.instagram.com\/visitparnu\/\"]}]}<\/script>\n<!-- \/ Yoast SEO plugin. -->","yoast_head_json":{"title":"Miksi P\u00e4rnu? - Visit P\u00e4rnu","robots":{"index":"noindex","follow":"follow","max-snippet":"max-snippet:-1","max-image-preview":"max-image-preview:large","max-video-preview":"max-video-preview:-1"},"og_locale":"fi_FI","og_type":"article","og_title":"Miksi P\u00e4rnu? - Visit P\u00e4rnu","og_description":"Jos haluat kokea hieman uneliaan pikkukaupungin ilmapiirin, helli\u00e4 itse\u00e4si kylpyl\u00e4hoidoilla, nauttia hienoista kulttuuriel\u00e4myksist\u00e4 ja ihmetell\u00e4 luonnon voimaa, P\u00e4rnu on juuri oikea paikka, johon tulla lep\u00e4\u00e4m\u00e4\u00e4n. T\u00e4\u00e4ll\u00e4 voit nauttia py\u00f6r\u00e4retkist\u00e4 ja pitkist\u00e4 k\u00e4velyretkist\u00e4, kev\u00e4isen luonnon her\u00e4\u00e4misest\u00e4 ja kes\u00e4isest\u00e4 h\u00e4lin\u00e4st\u00e4 sek\u00e4 syksyn ja talven romantiikasta. P\u00e4rnussa sijaitsee Viron suurin ja kaunein hiekkaranta P\u00e4rnumaan rannikko on my\u00f6s t\u00e4ynn\u00e4 [&hellip;]","og_url":"https:\/\/dev.visitparnu.com\/fi\/miksi-parnu\/","og_site_name":"Visit P\u00e4rnu","article_publisher":"https:\/\/www.facebook.com\/visitparnuEE\/","article_modified_time":"2023-01-15T17:20:26+00:00","og_image":[{"width":1886,"height":1060,"url":"https:\/\/dev.visitparnu.com\/wp-content\/uploads\/2023\/01\/Parnu-rand-3.jpg","type":"image\/jpeg"}],"twitter_card":"summary_large_image","twitter_misc":{"Arvioitu lukuaika":"2 minuuttia"},"schema":{"@context":"https:\/\/schema.org","@graph":[{"@type":"WebPage","@id":"https:\/\/dev.visitparnu.com\/fi\/miksi-parnu\/","url":"https:\/\/dev.visitparnu.com\/fi\/miksi-parnu\/","name":"Miksi P\u00e4rnu? - Visit P\u00e4rnu","isPartOf":{"@id":"https:\/\/dev.visitparnu.com\/fi\/#website"},"primaryImageOfPage":{"@id":"https:\/\/dev.visitparnu.com\/fi\/miksi-parnu\/#primaryimage"},"image":{"@id":"https:\/\/dev.visitparnu.com\/fi\/miksi-parnu\/#primaryimage"},"thumbnailUrl":"https:\/\/dev.visitparnu.com\/wp-content\/uploads\/2023\/01\/Parnu-rand-3.jpg","datePublished":"2018-09-21T11:09:49+00:00","dateModified":"2023-01-15T17:20:26+00:00","breadcrumb":{"@id":"https:\/\/dev.visitparnu.com\/fi\/miksi-parnu\/#breadcrumb"},"inLanguage":"fi","potentialAction":[{"@type":"ReadAction","target":["https:\/\/dev.visitparnu.com\/fi\/miksi-parnu\/"]}]},{"@type":"ImageObject","inLanguage":"fi","@id":"https:\/\/dev.visitparnu.com\/fi\/miksi-parnu\/#primaryimage","url":"https:\/\/dev.visitparnu.com\/wp-content\/uploads\/2023\/01\/Parnu-rand-3.jpg","contentUrl":"https:\/\/dev.visitparnu.com\/wp-content\/uploads\/2023\/01\/Parnu-rand-3.jpg","width":1886,"height":1060},{"@type":"BreadcrumbList","@id":"https:\/\/dev.visitparnu.com\/fi\/miksi-parnu\/#breadcrumb","itemListElement":[{"@type":"ListItem","position":1,"name":"","item":"https:\/\/dev.visitparnu.com\/fi\/avaleht\/"},{"@type":"ListItem","position":2,"name":"Miksi P\u00e4rnu?"}]},{"@type":"WebSite","@id":"https:\/\/dev.visitparnu.com\/fi\/#website","url":"https:\/\/dev.visitparnu.com\/fi\/","name":"Visit P\u00e4rnu","description":"","publisher":{"@id":"https:\/\/dev.visitparnu.com\/fi\/#organization"},"potentialAction":[{"@type":"SearchAction","target":{"@type":"EntryPoint","urlTemplate":"https:\/\/dev.visitparnu.com\/fi\/?s={search_term_string}"},"query-input":{"@type":"PropertyValueSpecification","valueRequired":true,"valueName":"search_term_string"}}],"inLanguage":"fi"},{"@type":"Organization","@id":"https:\/\/dev.visitparnu.com\/fi\/#organization","name":"Visit P\u00e4rnu","url":"https:\/\/dev.visitparnu.com\/fi\/","logo":{"@type":"ImageObject","inLanguage":"fi","@id":"https:\/\/dev.visitparnu.com\/fi\/#\/schema\/logo\/image\/","url":"https:\/\/dev.visitparnu.com\/wp-content\/uploads\/2022\/11\/VP_logo.svg","contentUrl":"https:\/\/dev.visitparnu.com\/wp-content\/uploads\/2022\/11\/VP_logo.svg","width":305,"height":33,"caption":"Visit P\u00e4rnu"},"image":{"@id":"https:\/\/dev.visitparnu.com\/fi\/#\/schema\/logo\/image\/"},"sameAs":["https:\/\/www.facebook.com\/visitparnuEE\/","https:\/\/www.youtube.com\/user\/visitparnuestonia\/","https:\/\/www.instagram.com\/visitparnu\/"]}]}},"_links":{"self":[{"href":"https:\/\/dev.visitparnu.com\/fi\/wp-json\/wp\/v2\/pages\/4936977","targetHints":{"allow":["GET"]}}],"collection":[{"href":"https:\/\/dev.visitparnu.com\/fi\/wp-json\/wp\/v2\/pages"}],"about":[{"href":"https:\/\/dev.visitparnu.com\/fi\/wp-json\/wp\/v2\/types\/page"}],"author":[{"embeddable":true,"href":"https:\/\/dev.visitparnu.com\/fi\/wp-json\/wp\/v2\/users\/1"}],"replies":[{"embeddable":true,"href":"https:\/\/dev.visitparnu.com\/fi\/wp-json\/wp\/v2\/comments?post=4936977"}],"version-history":[{"count":5,"href":"https:\/\/dev.visitparnu.com\/fi\/wp-json\/wp\/v2\/pages\/4936977\/revisions"}],"predecessor-version":[{"id":4944710,"href":"https:\/\/dev.visitparnu.com\/fi\/wp-json\/wp\/v2\/pages\/4936977\/revisions\/4944710"}],"wp:featuredmedia":[{"embeddable":true,"href":"https:\/\/dev.visitparnu.com\/fi\/wp-json\/wp\/v2\/media\/4944696"}],"wp:attachment":[{"href":"https:\/\/dev.visitparnu.com\/fi\/wp-json\/wp\/v2\/media?parent=4936977"}],"curies":[{"name":"wp","href":"https:\/\/api.w.org\/{rel}","templated":true}]}}