{"id":4936970,"date":"2018-07-30T18:04:40","date_gmt":"2018-07-30T16:04:40","guid":{"rendered":"https:\/\/dev.visitparnu.com\/tapahtumat\/"},"modified":"2023-01-15T18:53:27","modified_gmt":"2023-01-15T16:53:27","slug":"tapahtumat","status":"publish","type":"page","link":"https:\/\/dev.visitparnu.com\/fi\/tapahtumat\/","title":{"rendered":"Tapahtumat"},"content":{"rendered":"\t\t<div data-elementor-type=\"wp-post\" data-elementor-id=\"4936970\" class=\"elementor elementor-4936970 elementor-4936628\" data-elementor-post-type=\"page\">\n\t\t\t\t\t\t<section class=\"elementor-section elementor-top-section elementor-element elementor-element-8bbe642 elementor-section-boxed elementor-section-height-default elementor-section-height-default\" data-id=\"8bbe642\" data-element_type=\"section\">\n\t\t\t\t\t\t<div class=\"elementor-container elementor-column-gap-default\">\n\t\t\t\t\t<div class=\"elementor-column elementor-col-100 elementor-top-column elementor-element elementor-element-9d09b26\" data-id=\"9d09b26\" data-element_type=\"column\">\n\t\t\t<div class=\"elementor-widget-wrap elementor-element-populated\">\n\t\t\t\t\t\t<div class=\"elementor-element elementor-element-4e043af elementor-widget elementor-widget-text-editor\" data-id=\"4e043af\" data-element_type=\"widget\" data-widget_type=\"text-editor.default\">\n\t\t\t\t\t\t\t\t\t<p>P\u00e4rnussa j\u00e4rjestet\u00e4\u00e4n vuodessa tuhansia erilaisia tapahtumia. Suurimmat festivaalit ja tapahtumat pidet\u00e4\u00e4n yleens\u00e4 kes\u00e4ll\u00e4, mutta kes\u00e4kauden ulkopuoleltakin l\u00f6ytyy useita kivoja tapahtumia. Visitparnu kokoaa kaiken olennaisen tiedon P\u00e4rnun kaupungissa ja maakunnassa tapahtuvasta toiminnasta. T\u00e4\u00e4lt\u00e4 l\u00f6yd\u00e4tte useita ideoita, joiden perusteella tehd\u00e4 loma- tai viikonloppusuunnitelmia.<\/p>\t\t\t\t\t\t\t\t<\/div>\n\t\t\t\t\t<\/div>\n\t\t<\/div>\n\t\t\t\t\t<\/div>\n\t\t<\/section>\n\t\t<div class=\"elementor-element elementor-element-185f827 e-flex e-con-boxed e-con e-parent\" data-id=\"185f827\" data-element_type=\"container\">\n\t\t\t\t\t<div class=\"e-con-inner\">\n\t\t\t\t<div class=\"elementor-element elementor-element-764e8e9 elementor-widget elementor-widget-shortcode\" data-id=\"764e8e9\" data-element_type=\"widget\" data-widget_type=\"shortcode.default\">\n\t\t\t\t\t\t\t<div class=\"elementor-shortcode\"><div class=\"page-content-list shortcode-instance\" data-vp-cookie-conf=\"{&quot;post_id_set&quot;:{&quot;name&quot;:&quot;vp_fav_set&quot;,&quot;separator&quot;:&quot;|&quot;,&quot;ttl&quot;:315360000},&quot;hash&quot;:{&quot;name&quot;:&quot;vp_fav_hash&quot;,&quot;ttl&quot;:315360000}}\" data-vp-object-type=\"remote_object_ve\" data-scid=\"4fc5237368\"><div class=\"obj-grid-header-wrapper\"><div class=\"obj-filter\" data-filter-param-set='{\"sectionId\":0,\"categorySet\":[],\"filter\":[],\"object_type\":\"remote_object_ve\",\"hide-filter\":false,\"hide-total\":false,\"hide-footer\":false,\"section\":\"events\",\"category\":\"\",\"event_range\":\"\",\"posts_per_page\":12,\"option\":\"\",\"accessory\":\"\",\"page\":1}'><a aria-label=\"Avaa suodatin\" href=\"#\" class=\"open-filters-button global-btn\"><i class=\"fa-light fa-filter-list\"><\/i>Avaa suodatin<\/a><\/div><div class=\"filter-modal\"><div class=\"close-modal\"><img decoding=\"async\" alt=\"filter close\" src=\"https:\/\/dev.visitparnu.com\/wp-content\/themes\/VisitParnu2023\/assets\/filter-close.svg\" \/><\/div><div class=\"filter-modal-content\"><h2>Suodatin<\/h2><a href=\"#\" class=\"close-filters-button global-btn\">Suodattaa<\/a><a class=\"remove-all-filters\" href=\"#\">Suodatin<\/a><div class=\"modal-column\"><div class=\"filter-group\" data-filter-section=\"type\"><h3><\/h3><div class=\"filter-item\" data-filter-key=\"yldine_kategooria_uritus\">Tapahtumat<\/div><\/div><\/div><\/div><\/div><div class=\"active-filters\"><a href=\"#\" class=\"remove-filters\">Suodatin<\/a><\/div><\/div><div class=\"grid-total-info\">Yhteens\u00e4: <div>14<\/div><\/div><div class=\"obj-grid\" data-rowcnt=\"4\" data-rowcntmbl=\"1\" data-object-count-per-load=\"12\" data-all-loaded=\"0\"><a href=\"https:\/\/dev.visitparnu.com\/objekt\/striidikooli-kevadjooks-2\/\" class=\"obj-grid-item\" data-iteration=\"1\" data-post_id=\"5070137\" data-post_type=\"remote_object_ve\"><div class=\"add-to-fav\"><\/div><div class=\"obj-grid-item-img-container image-wrap\"><div class=\"img-black-overlay\"><\/div><\/div><div class=\"obj-grid-item-container\"><h2>Striidikooli kevadjooks<\/h2><div class=\"meta-info\">Tapahtumat<\/div><\/div><\/a><a href=\"https:\/\/dev.visitparnu.com\/objekt\/takupaev-tori-hobusekasvanduses-2\/\" class=\"obj-grid-item\" data-iteration=\"2\" data-post_id=\"5070157\" data-post_type=\"remote_object_ve\"><div class=\"add-to-fav\"><\/div><div class=\"obj-grid-item-img-container image-wrap\"><div class=\"img-black-overlay\"><\/div><\/div><div class=\"obj-grid-item-container\"><h2>T\u00e4kup\u00e4ev Tori Hobusekasvanduses<\/h2><div class=\"meta-info\">Tapahtumat<\/div><\/div><\/a><a href=\"https:\/\/dev.visitparnu.com\/objekt\/xi-kihnu-raimeretk-2\/\" class=\"obj-grid-item\" data-iteration=\"3\" data-post_id=\"5070167\" data-post_type=\"remote_object_ve\"><div class=\"add-to-fav\"><\/div><div class=\"obj-grid-item-img-container image-wrap\"><div class=\"img-black-overlay\"><\/div><\/div><div class=\"obj-grid-item-container\"><h2>XI KIHNU R\u00c4IMERETK<\/h2><div class=\"meta-info\">Tapahtumat<\/div><\/div><\/a><a href=\"https:\/\/dev.visitparnu.com\/objekt\/parnun-taimimarkkinat\/\" class=\"obj-grid-item\" data-iteration=\"4\" data-post_id=\"5070132\" data-post_type=\"remote_object_ve\"><div class=\"add-to-fav\"><\/div><div class=\"obj-grid-item-img-container image-wrap\"><div class=\"img-black-overlay\"><\/div><\/div><div class=\"obj-grid-item-container\"><h2>P\u00e4rnun taimimarkkinat<\/h2><div class=\"meta-info\">Tapahtumat<\/div><\/div><\/a><a href=\"https:\/\/dev.visitparnu.com\/objekt\/chi-parnu-kansainvalinen-ratsastusfestivaali\/\" class=\"obj-grid-item\" data-iteration=\"5\" data-post_id=\"5070118\" data-post_type=\"remote_object_ve\"><div class=\"add-to-fav\"><\/div><div class=\"obj-grid-item-img-container image-wrap\"><div class=\"img-black-overlay\"><\/div><\/div><div class=\"obj-grid-item-container\"><h2>CHI P\u00e4rnu \u2013 kansainv\u00e4linen ratsastusfestivaali<\/h2><div class=\"meta-info\">Tapahtumat<\/div><\/div><\/a><a href=\"https:\/\/dev.visitparnu.com\/objekt\/nordic-kite-fest-2\/\" class=\"obj-grid-item\" data-iteration=\"6\" data-post_id=\"5070147\" data-post_type=\"remote_object_ve\"><div class=\"add-to-fav\"><\/div><div class=\"obj-grid-item-img-container image-wrap\"><div class=\"img-black-overlay\"><\/div><\/div><div class=\"obj-grid-item-container\"><h2>Nordic Kite Fest<\/h2><div class=\"meta-info\">Tapahtumat<\/div><\/div><\/a><a href=\"https:\/\/dev.visitparnu.com\/objekt\/hyvan-ruoan-festivaali-grillfest\/\" class=\"obj-grid-item\" data-iteration=\"7\" data-post_id=\"5070099\" data-post_type=\"remote_object_ve\"><div class=\"add-to-fav\"><\/div><div class=\"obj-grid-item-img-container image-wrap\"><div class=\"img-black-overlay\"><\/div><\/div><div class=\"obj-grid-item-container\"><h2>Hyv\u00e4n ruoan festivaali - Grillfest<\/h2><div class=\"meta-info\">Tapahtumat<\/div><\/div><\/a><a href=\"https:\/\/dev.visitparnu.com\/objekt\/parnu-summer-cup-2\/\" class=\"obj-grid-item\" data-iteration=\"8\" data-post_id=\"5070177\" data-post_type=\"remote_object_ve\"><div class=\"add-to-fav\"><\/div><div class=\"obj-grid-item-img-container image-wrap\"><div class=\"img-black-overlay\"><\/div><\/div><div class=\"obj-grid-item-container\"><h2>P\u00e4rnu Summer Cup<\/h2><div class=\"meta-info\">Tapahtumat<\/div><\/div><\/a><a href=\"https:\/\/dev.visitparnu.com\/objekt\/aeglase-hetke-esimese-mee-vurritamise-paev-2\/\" class=\"obj-grid-item\" data-iteration=\"9\" data-post_id=\"5070122\" data-post_type=\"remote_object_ve\"><div class=\"add-to-fav\"><\/div><div class=\"obj-grid-item-img-container image-wrap\"><div class=\"img-black-overlay\"><\/div><\/div><div class=\"obj-grid-item-container\"><h2>Aeglase hetke esimese mee vurritamise p\u00e4ev<\/h2><div class=\"meta-info\">Tapahtumat<\/div><\/div><\/a><a href=\"https:\/\/dev.visitparnu.com\/objekt\/parnun-hansapaivat\/\" class=\"obj-grid-item\" data-iteration=\"10\" data-post_id=\"5070104\" data-post_type=\"remote_object_ve\"><div class=\"add-to-fav\"><\/div><div class=\"obj-grid-item-img-container image-wrap\"><div class=\"img-black-overlay\"><\/div><\/div><div class=\"obj-grid-item-container\"><h2>P\u00e4rnun Hansap\u00e4iv\u00e4t<\/h2><div class=\"meta-info\">Tapahtumat<\/div><\/div><\/a><a href=\"https:\/\/dev.visitparnu.com\/objekt\/parnun-musiikkifestivaali\/\" class=\"obj-grid-item\" data-iteration=\"11\" data-post_id=\"5070109\" data-post_type=\"remote_object_ve\"><div class=\"add-to-fav\"><\/div><div class=\"obj-grid-item-img-container image-wrap\"><div class=\"img-black-overlay\"><\/div><\/div><div class=\"obj-grid-item-container\"><h2>P\u00e4rnun musiikkifestivaali<\/h2><div class=\"meta-info\">Tapahtumat<\/div><\/div><\/a><a href=\"https:\/\/dev.visitparnu.com\/objekt\/merekylan-osterifestivaali\/\" class=\"obj-grid-item\" data-iteration=\"12\" data-post_id=\"5070127\" data-post_type=\"remote_object_ve\"><div class=\"add-to-fav\"><\/div><div class=\"obj-grid-item-img-container image-wrap\"><div class=\"img-black-overlay\"><\/div><\/div><div class=\"obj-grid-item-container\"><h2>Merekyl\u00e4n osterifestivaali<\/h2><div class=\"meta-info\">Tapahtumat<\/div><\/div><\/a><img decoding=\"async\" alt=\"loading\" class=\"obj-grid-loading\" src=\"https:\/\/dev.visitparnu.com\/wp-content\/themes\/VisitParnu2023\/assets\/loading.gif\" \/><\/div><div class=\"obj-grid-footer\"><div class=\"\"><\/div><a href=\"#\" class=\"global-btn load-more-button\">N\u00e4yt\u00e4 enemm\u00e4n (<div>2<\/div>)<\/a><\/div><\/div><\/div>\n\t\t\t\t\t\t<\/div>\n\t\t\t\t\t<\/div>\n\t\t\t\t<\/div>\n\t\t\t\t<\/div>\n\t\t","protected":false},"excerpt":{"rendered":"<p>P\u00e4rnussa j\u00e4rjestet\u00e4\u00e4n vuodessa tuhansia erilaisia tapahtumia. Suurimmat festivaalit ja tapahtumat pidet\u00e4\u00e4n yleens\u00e4 kes\u00e4ll\u00e4, mutta kes\u00e4kauden ulkopuoleltakin l\u00f6ytyy useita kivoja tapahtumia. Visitparnu kokoaa kaiken olennaisen tiedon P\u00e4rnun kaupungissa ja maakunnassa tapahtuvasta toiminnasta. T\u00e4\u00e4lt\u00e4 l\u00f6yd\u00e4tte useita ideoita, joiden perusteella tehd\u00e4 loma- tai viikonloppusuunnitelmia.<\/p>\n","protected":false},"author":1,"featured_media":4944638,"parent":0,"menu_order":0,"comment_status":"closed","ping_status":"closed","template":"","meta":{"_acf_changed":false,"footnotes":""},"class_list":["post-4936970","page","type-page","status-publish","has-post-thumbnail","hentry"],"acf":[],"yoast_head":"<!-- This site is optimized with the Yoast SEO plugin v26.5 - https:\/\/yoast.com\/wordpress\/plugins\/seo\/ -->\n<title>Tapahtumat - Visit P\u00e4rnu<\/title>\n<meta name=\"robots\" content=\"noindex, follow, max-snippet:-1, max-image-preview:large, max-video-preview:-1\" \/>\n<meta property=\"og:locale\" content=\"fi_FI\" \/>\n<meta property=\"og:type\" content=\"article\" \/>\n<meta property=\"og:title\" content=\"Tapahtumat - Visit P\u00e4rnu\" \/>\n<meta property=\"og:description\" content=\"P\u00e4rnussa j\u00e4rjestet\u00e4\u00e4n vuodessa tuhansia erilaisia tapahtumia. Suurimmat festivaalit ja tapahtumat pidet\u00e4\u00e4n yleens\u00e4 kes\u00e4ll\u00e4, mutta kes\u00e4kauden ulkopuoleltakin l\u00f6ytyy useita kivoja tapahtumia. Visitparnu kokoaa kaiken olennaisen tiedon P\u00e4rnun kaupungissa ja maakunnassa tapahtuvasta toiminnasta. T\u00e4\u00e4lt\u00e4 l\u00f6yd\u00e4tte useita ideoita, joiden perusteella tehd\u00e4 loma- tai viikonloppusuunnitelmia.\" \/>\n<meta property=\"og:url\" content=\"https:\/\/dev.visitparnu.com\/fi\/tapahtumat\/\" \/>\n<meta property=\"og:site_name\" content=\"Visit P\u00e4rnu\" \/>\n<meta property=\"article:publisher\" content=\"https:\/\/www.facebook.com\/visitparnuEE\/\" \/>\n<meta property=\"article:modified_time\" content=\"2023-01-15T16:53:27+00:00\" \/>\n<meta property=\"og:image\" content=\"https:\/\/dev.visitparnu.com\/wp-content\/uploads\/2023\/01\/Parnu-uritused.jpg\" \/>\n\t<meta property=\"og:image:width\" content=\"1732\" \/>\n\t<meta property=\"og:image:height\" content=\"1154\" \/>\n\t<meta property=\"og:image:type\" content=\"image\/jpeg\" \/>\n<meta name=\"twitter:card\" content=\"summary_large_image\" \/>\n<meta name=\"twitter:label1\" content=\"Arvioitu lukuaika\" \/>\n\t<meta name=\"twitter:data1\" content=\"4 minuuttia\" \/>\n<script type=\"application\/ld+json\" class=\"yoast-schema-graph\">{\"@context\":\"https:\/\/schema.org\",\"@graph\":[{\"@type\":\"WebPage\",\"@id\":\"https:\/\/dev.visitparnu.com\/fi\/tapahtumat\/\",\"url\":\"https:\/\/dev.visitparnu.com\/fi\/tapahtumat\/\",\"name\":\"Tapahtumat - Visit P\u00e4rnu\",\"isPartOf\":{\"@id\":\"https:\/\/dev.visitparnu.com\/fi\/#website\"},\"primaryImageOfPage\":{\"@id\":\"https:\/\/dev.visitparnu.com\/fi\/tapahtumat\/#primaryimage\"},\"image\":{\"@id\":\"https:\/\/dev.visitparnu.com\/fi\/tapahtumat\/#primaryimage\"},\"thumbnailUrl\":\"https:\/\/dev.visitparnu.com\/wp-content\/uploads\/2023\/01\/Parnu-uritused.jpg\",\"datePublished\":\"2018-07-30T16:04:40+00:00\",\"dateModified\":\"2023-01-15T16:53:27+00:00\",\"breadcrumb\":{\"@id\":\"https:\/\/dev.visitparnu.com\/fi\/tapahtumat\/#breadcrumb\"},\"inLanguage\":\"fi\",\"potentialAction\":[{\"@type\":\"ReadAction\",\"target\":[\"https:\/\/dev.visitparnu.com\/fi\/tapahtumat\/\"]}]},{\"@type\":\"ImageObject\",\"inLanguage\":\"fi\",\"@id\":\"https:\/\/dev.visitparnu.com\/fi\/tapahtumat\/#primaryimage\",\"url\":\"https:\/\/dev.visitparnu.com\/wp-content\/uploads\/2023\/01\/Parnu-uritused.jpg\",\"contentUrl\":\"https:\/\/dev.visitparnu.com\/wp-content\/uploads\/2023\/01\/Parnu-uritused.jpg\",\"width\":1732,\"height\":1154},{\"@type\":\"BreadcrumbList\",\"@id\":\"https:\/\/dev.visitparnu.com\/fi\/tapahtumat\/#breadcrumb\",\"itemListElement\":[{\"@type\":\"ListItem\",\"position\":1,\"name\":\"\",\"item\":\"https:\/\/dev.visitparnu.com\/fi\/avaleht\/\"},{\"@type\":\"ListItem\",\"position\":2,\"name\":\"Tapahtumat\"}]},{\"@type\":\"WebSite\",\"@id\":\"https:\/\/dev.visitparnu.com\/fi\/#website\",\"url\":\"https:\/\/dev.visitparnu.com\/fi\/\",\"name\":\"Visit P\u00e4rnu\",\"description\":\"\",\"publisher\":{\"@id\":\"https:\/\/dev.visitparnu.com\/fi\/#organization\"},\"potentialAction\":[{\"@type\":\"SearchAction\",\"target\":{\"@type\":\"EntryPoint\",\"urlTemplate\":\"https:\/\/dev.visitparnu.com\/fi\/?s={search_term_string}\"},\"query-input\":{\"@type\":\"PropertyValueSpecification\",\"valueRequired\":true,\"valueName\":\"search_term_string\"}}],\"inLanguage\":\"fi\"},{\"@type\":\"Organization\",\"@id\":\"https:\/\/dev.visitparnu.com\/fi\/#organization\",\"name\":\"Visit P\u00e4rnu\",\"url\":\"https:\/\/dev.visitparnu.com\/fi\/\",\"logo\":{\"@type\":\"ImageObject\",\"inLanguage\":\"fi\",\"@id\":\"https:\/\/dev.visitparnu.com\/fi\/#\/schema\/logo\/image\/\",\"url\":\"https:\/\/dev.visitparnu.com\/wp-content\/uploads\/2022\/11\/VP_logo.svg\",\"contentUrl\":\"https:\/\/dev.visitparnu.com\/wp-content\/uploads\/2022\/11\/VP_logo.svg\",\"width\":305,\"height\":33,\"caption\":\"Visit P\u00e4rnu\"},\"image\":{\"@id\":\"https:\/\/dev.visitparnu.com\/fi\/#\/schema\/logo\/image\/\"},\"sameAs\":[\"https:\/\/www.facebook.com\/visitparnuEE\/\",\"https:\/\/www.youtube.com\/user\/visitparnuestonia\/\",\"https:\/\/www.instagram.com\/visitparnu\/\"]}]}<\/script>\n<!-- \/ Yoast SEO plugin. -->","yoast_head_json":{"title":"Tapahtumat - Visit P\u00e4rnu","robots":{"index":"noindex","follow":"follow","max-snippet":"max-snippet:-1","max-image-preview":"max-image-preview:large","max-video-preview":"max-video-preview:-1"},"og_locale":"fi_FI","og_type":"article","og_title":"Tapahtumat - Visit P\u00e4rnu","og_description":"P\u00e4rnussa j\u00e4rjestet\u00e4\u00e4n vuodessa tuhansia erilaisia tapahtumia. Suurimmat festivaalit ja tapahtumat pidet\u00e4\u00e4n yleens\u00e4 kes\u00e4ll\u00e4, mutta kes\u00e4kauden ulkopuoleltakin l\u00f6ytyy useita kivoja tapahtumia. Visitparnu kokoaa kaiken olennaisen tiedon P\u00e4rnun kaupungissa ja maakunnassa tapahtuvasta toiminnasta. T\u00e4\u00e4lt\u00e4 l\u00f6yd\u00e4tte useita ideoita, joiden perusteella tehd\u00e4 loma- tai viikonloppusuunnitelmia.","og_url":"https:\/\/dev.visitparnu.com\/fi\/tapahtumat\/","og_site_name":"Visit P\u00e4rnu","article_publisher":"https:\/\/www.facebook.com\/visitparnuEE\/","article_modified_time":"2023-01-15T16:53:27+00:00","og_image":[{"width":1732,"height":1154,"url":"https:\/\/dev.visitparnu.com\/wp-content\/uploads\/2023\/01\/Parnu-uritused.jpg","type":"image\/jpeg"}],"twitter_card":"summary_large_image","twitter_misc":{"Arvioitu lukuaika":"4 minuuttia"},"schema":{"@context":"https:\/\/schema.org","@graph":[{"@type":"WebPage","@id":"https:\/\/dev.visitparnu.com\/fi\/tapahtumat\/","url":"https:\/\/dev.visitparnu.com\/fi\/tapahtumat\/","name":"Tapahtumat - Visit P\u00e4rnu","isPartOf":{"@id":"https:\/\/dev.visitparnu.com\/fi\/#website"},"primaryImageOfPage":{"@id":"https:\/\/dev.visitparnu.com\/fi\/tapahtumat\/#primaryimage"},"image":{"@id":"https:\/\/dev.visitparnu.com\/fi\/tapahtumat\/#primaryimage"},"thumbnailUrl":"https:\/\/dev.visitparnu.com\/wp-content\/uploads\/2023\/01\/Parnu-uritused.jpg","datePublished":"2018-07-30T16:04:40+00:00","dateModified":"2023-01-15T16:53:27+00:00","breadcrumb":{"@id":"https:\/\/dev.visitparnu.com\/fi\/tapahtumat\/#breadcrumb"},"inLanguage":"fi","potentialAction":[{"@type":"ReadAction","target":["https:\/\/dev.visitparnu.com\/fi\/tapahtumat\/"]}]},{"@type":"ImageObject","inLanguage":"fi","@id":"https:\/\/dev.visitparnu.com\/fi\/tapahtumat\/#primaryimage","url":"https:\/\/dev.visitparnu.com\/wp-content\/uploads\/2023\/01\/Parnu-uritused.jpg","contentUrl":"https:\/\/dev.visitparnu.com\/wp-content\/uploads\/2023\/01\/Parnu-uritused.jpg","width":1732,"height":1154},{"@type":"BreadcrumbList","@id":"https:\/\/dev.visitparnu.com\/fi\/tapahtumat\/#breadcrumb","itemListElement":[{"@type":"ListItem","position":1,"name":"","item":"https:\/\/dev.visitparnu.com\/fi\/avaleht\/"},{"@type":"ListItem","position":2,"name":"Tapahtumat"}]},{"@type":"WebSite","@id":"https:\/\/dev.visitparnu.com\/fi\/#website","url":"https:\/\/dev.visitparnu.com\/fi\/","name":"Visit P\u00e4rnu","description":"","publisher":{"@id":"https:\/\/dev.visitparnu.com\/fi\/#organization"},"potentialAction":[{"@type":"SearchAction","target":{"@type":"EntryPoint","urlTemplate":"https:\/\/dev.visitparnu.com\/fi\/?s={search_term_string}"},"query-input":{"@type":"PropertyValueSpecification","valueRequired":true,"valueName":"search_term_string"}}],"inLanguage":"fi"},{"@type":"Organization","@id":"https:\/\/dev.visitparnu.com\/fi\/#organization","name":"Visit P\u00e4rnu","url":"https:\/\/dev.visitparnu.com\/fi\/","logo":{"@type":"ImageObject","inLanguage":"fi","@id":"https:\/\/dev.visitparnu.com\/fi\/#\/schema\/logo\/image\/","url":"https:\/\/dev.visitparnu.com\/wp-content\/uploads\/2022\/11\/VP_logo.svg","contentUrl":"https:\/\/dev.visitparnu.com\/wp-content\/uploads\/2022\/11\/VP_logo.svg","width":305,"height":33,"caption":"Visit P\u00e4rnu"},"image":{"@id":"https:\/\/dev.visitparnu.com\/fi\/#\/schema\/logo\/image\/"},"sameAs":["https:\/\/www.facebook.com\/visitparnuEE\/","https:\/\/www.youtube.com\/user\/visitparnuestonia\/","https:\/\/www.instagram.com\/visitparnu\/"]}]}},"_links":{"self":[{"href":"https:\/\/dev.visitparnu.com\/fi\/wp-json\/wp\/v2\/pages\/4936970","targetHints":{"allow":["GET"]}}],"collection":[{"href":"https:\/\/dev.visitparnu.com\/fi\/wp-json\/wp\/v2\/pages"}],"about":[{"href":"https:\/\/dev.visitparnu.com\/fi\/wp-json\/wp\/v2\/types\/page"}],"author":[{"embeddable":true,"href":"https:\/\/dev.visitparnu.com\/fi\/wp-json\/wp\/v2\/users\/1"}],"replies":[{"embeddable":true,"href":"https:\/\/dev.visitparnu.com\/fi\/wp-json\/wp\/v2\/comments?post=4936970"}],"version-history":[{"count":4,"href":"https:\/\/dev.visitparnu.com\/fi\/wp-json\/wp\/v2\/pages\/4936970\/revisions"}],"predecessor-version":[{"id":4944646,"href":"https:\/\/dev.visitparnu.com\/fi\/wp-json\/wp\/v2\/pages\/4936970\/revisions\/4944646"}],"wp:featuredmedia":[{"embeddable":true,"href":"https:\/\/dev.visitparnu.com\/fi\/wp-json\/wp\/v2\/media\/4944638"}],"wp:attachment":[{"href":"https:\/\/dev.visitparnu.com\/fi\/wp-json\/wp\/v2\/media?parent=4936970"}],"curies":[{"name":"wp","href":"https:\/\/api.w.org\/{rel}","templated":true}]}}