{"id":5063628,"date":"2025-10-24T11:43:59","date_gmt":"2025-10-24T09:43:59","guid":{"rendered":"https:\/\/dev.visitparnu.com\/paikuse-ajaloorada\/"},"modified":"2025-12-07T13:41:23","modified_gmt":"2025-12-07T11:41:23","slug":"paikuse-history-trail","status":"publish","type":"page","link":"https:\/\/dev.visitparnu.com\/en\/paikuse-history-trail\/","title":{"rendered":"Paikuse history trail intro"},"content":{"rendered":"\t\t<div data-elementor-type=\"wp-page\" data-elementor-id=\"5063628\" class=\"elementor elementor-5063628\" data-elementor-post-type=\"page\">\n\t\t\t\t<div class=\"elementor-element elementor-element-d8a0413 e-flex e-con-boxed e-con e-parent\" data-id=\"d8a0413\" data-element_type=\"container\">\n\t\t\t\t\t<div class=\"e-con-inner\">\n\t\t\t\t<div class=\"elementor-element elementor-element-bab42b9 elementor-widget elementor-widget-heading\" data-id=\"bab42b9\" data-element_type=\"widget\" data-widget_type=\"heading.default\">\n\t\t\t\t\t<h2 class=\"elementor-heading-title elementor-size-default\">From the settlement of Sindi to the village of Paikuse<\/h2>\t\t\t\t<\/div>\n\t\t\t\t\t<\/div>\n\t\t\t\t<\/div>\n\t\t<div class=\"elementor-element elementor-element-0188be1 e-flex e-con-boxed e-con e-parent\" data-id=\"0188be1\" data-element_type=\"container\">\n\t\t\t\t\t<div class=\"e-con-inner\">\n\t\t<div class=\"elementor-element elementor-element-b7b7c0d e-con-full e-flex e-con e-child\" data-id=\"b7b7c0d\" data-element_type=\"container\">\n\t\t\t\t<div class=\"elementor-element elementor-element-f3d3c0f elementor-widget elementor-widget-image\" data-id=\"f3d3c0f\" data-element_type=\"widget\" data-widget_type=\"image.default\">\n\t\t\t\t\t\t\t\t\t\t\t\t<figure class=\"wp-caption\">\n\t\t\t\t\t\t\t\t\t\t\t<a href=\"https:\/\/dev.visitparnu.com\/wp-content\/uploads\/2025\/10\/1-001.jpg\" data-elementor-open-lightbox=\"yes\" data-elementor-lightbox-title=\"1-001\" data-elementor-lightbox-description=\"1-001\" data-e-action-hash=\"#elementor-action%3Aaction%3Dlightbox%26settings%3DeyJpZCI6NTA2MzY1MCwidXJsIjoiaHR0cHM6XC9cL2Rldi52aXNpdHBhcm51LmNvbVwvd3AtY29udGVudFwvdXBsb2Fkc1wvMjAyNVwvMTBcLzEtMDAxLmpwZyJ9\">\n\t\t\t\t\t\t\t<img fetchpriority=\"high\" decoding=\"async\" width=\"945\" height=\"629\" src=\"https:\/\/dev.visitparnu.com\/wp-content\/uploads\/2025\/10\/1-001.jpg\" class=\"attachment-large size-large wp-image-5063650\" alt=\"\" srcset=\"https:\/\/dev.visitparnu.com\/wp-content\/uploads\/2025\/10\/1-001.jpg 945w, https:\/\/dev.visitparnu.com\/wp-content\/uploads\/2025\/10\/1-001-300x200.jpg 300w, https:\/\/dev.visitparnu.com\/wp-content\/uploads\/2025\/10\/1-001-768x511.jpg 768w\" sizes=\"(max-width: 945px) 100vw, 945px\" \/>\t\t\t\t\t\t\t\t<\/a>\n\t\t\t\t\t\t\t\t\t\t\t<figcaption class=\"widget-image-caption wp-caption-text\">The former Helenurme Farm manor house. Photo from the Seljametsa Museum collection<\/figcaption>\n\t\t\t\t\t\t\t\t\t\t<\/figure>\n\t\t\t\t\t\t\t\t\t<\/div>\n\t\t\t\t<div class=\"elementor-element elementor-element-1992050 elementor-widget elementor-widget-text-editor\" data-id=\"1992050\" data-element_type=\"widget\" data-widget_type=\"text-editor.default\">\n\t\t\t\t\t\t\t\t\t<p class=\"p1\"><b>In 1919, in the wake of Estonia gaining its independence, land reforms were implemented under the Land Act which divided manor lands up into settlement-based farms.<\/b><\/p><p class=\"p1\">As part of this, <b>Sindi Manor<\/b> was expropriated from Baron Stael von Holstein\u2019s heir and daughter Margareta (Gita) von der Osten (1889-1944), with the land being redistributed to new settlers.<\/p><p class=\"p1\">The first farm to be established here was Helenurme Farm, located on the banks of the stream running through the former estate. It was acquired by Johan T\u00fcrk (1867-1932), a former tenant of the manor and its pastoral estates. The stream which runs behind the farmhouse, which still stands today, is now known as T\u00fcrk\u2019s Stream in his honour.<\/p>\t\t\t\t\t\t\t\t<\/div>\n\t\t\t\t<div class=\"elementor-element elementor-element-451f25a elementor-widget elementor-widget-text-editor\" data-id=\"451f25a\" data-element_type=\"widget\" data-widget_type=\"text-editor.default\">\n\t\t\t\t\t\t\t\t\t<p class=\"p1\">The area\u2019s transformation from a scattered village with smallholdings into a proper settlement gained momentum in 1952, when the T\u00f5stamaa Machine and Tractor Station (MTS) was relocated here to supply the as yet unmerged collective farms here with tractors and other agricultural machinery.<\/p><p class=\"p1\">The former Helenurme Farm, which had been bought back from Johan T\u00fcrk\u2019s heirs by the state before World War II and was later used as apartments for staff members of the Sindi shelter, was turned into the station\u2019s centre. The farmhouse was converted into offices, with accommodation being provided there for the station\u2019s manager Johannes Lind and his family. Workshops and temporary quarters for workers were built in the barn and cowshed.<\/p>\t\t\t\t\t\t\t\t<\/div>\n\t\t\t\t<\/div>\n\t\t<div class=\"elementor-element elementor-element-59faabd e-con-full e-flex e-con e-child\" data-id=\"59faabd\" data-element_type=\"container\">\n\t\t\t\t<div class=\"elementor-element elementor-element-1b161bd elementor-widget elementor-widget-text-editor\" data-id=\"1b161bd\" data-element_type=\"widget\" data-widget_type=\"text-editor.default\">\n\t\t\t\t\t\t\t\t\t<h3><b>Sindi State Farm Centre<\/b><\/h3>\t\t\t\t\t\t\t\t<\/div>\n\t\t\t\t<div class=\"elementor-element elementor-element-8ff0e3a elementor-widget elementor-widget-image\" data-id=\"8ff0e3a\" data-element_type=\"widget\" data-widget_type=\"image.default\">\n\t\t\t\t\t\t\t\t\t\t\t\t<figure class=\"wp-caption\">\n\t\t\t\t\t\t\t\t\t\t\t<a href=\"https:\/\/dev.visitparnu.com\/wp-content\/uploads\/2025\/10\/1-002.jpg\" data-elementor-open-lightbox=\"yes\" data-elementor-lightbox-title=\"1-002\" data-elementor-lightbox-description=\"1-002\" data-e-action-hash=\"#elementor-action%3Aaction%3Dlightbox%26settings%3DeyJpZCI6NTA2MzY1NCwidXJsIjoiaHR0cHM6XC9cL2Rldi52aXNpdHBhcm51LmNvbVwvd3AtY29udGVudFwvdXBsb2Fkc1wvMjAyNVwvMTBcLzEtMDAyLmpwZyJ9\">\n\t\t\t\t\t\t\t<img decoding=\"async\" width=\"945\" height=\"629\" src=\"https:\/\/dev.visitparnu.com\/wp-content\/uploads\/2025\/10\/1-002.jpg\" class=\"attachment-large size-large wp-image-5063654\" alt=\"\" srcset=\"https:\/\/dev.visitparnu.com\/wp-content\/uploads\/2025\/10\/1-002.jpg 945w, https:\/\/dev.visitparnu.com\/wp-content\/uploads\/2025\/10\/1-002-300x200.jpg 300w, https:\/\/dev.visitparnu.com\/wp-content\/uploads\/2025\/10\/1-002-768x511.jpg 768w\" sizes=\"(max-width: 945px) 100vw, 945px\" \/>\t\t\t\t\t\t\t\t<\/a>\n\t\t\t\t\t\t\t\t\t\t\t<figcaption class=\"widget-image-caption wp-caption-text\">Buildings on P\u00e4rnade Avenue. Photo from the National Archives of Estonia.<\/figcaption>\n\t\t\t\t\t\t\t\t\t\t<\/figure>\n\t\t\t\t\t\t\t\t\t<\/div>\n\t\t\t\t<div class=\"elementor-element elementor-element-6b91364 elementor-widget elementor-widget-text-editor\" data-id=\"6b91364\" data-element_type=\"widget\" data-widget_type=\"text-editor.default\">\n\t\t\t\t\t\t\t\t\t<p>\u00a0Over the years, successive extensions and reconstructions shaped the place into a full settlement, complete with the necessary infrastructure \u2013 workshops, garages, fuel depots and warehouses. By 1956, the first dormitory-type residential buildings had been built on the plots of land now known as P\u00e4rnade pst 10, 12 and 14, and in the following years the first single-family houses were constructed on what is now Ojakalda Street.<\/p>\t\t\t\t\t\t\t\t<\/div>\n\t\t\t\t<div class=\"elementor-element elementor-element-22da87e elementor-widget elementor-widget-image\" data-id=\"22da87e\" data-element_type=\"widget\" data-widget_type=\"image.default\">\n\t\t\t\t\t\t\t\t\t\t\t\t<figure class=\"wp-caption\">\n\t\t\t\t\t\t\t\t\t\t\t<a href=\"https:\/\/dev.visitparnu.com\/wp-content\/uploads\/2025\/10\/1-003.jpg\" data-elementor-open-lightbox=\"yes\" data-elementor-lightbox-title=\"1-003\" data-elementor-lightbox-description=\"1-003\" data-e-action-hash=\"#elementor-action%3Aaction%3Dlightbox%26settings%3DeyJpZCI6NTA2MzY1OCwidXJsIjoiaHR0cHM6XC9cL2Rldi52aXNpdHBhcm51LmNvbVwvd3AtY29udGVudFwvdXBsb2Fkc1wvMjAyNVwvMTBcLzEtMDAzLmpwZyJ9\">\n\t\t\t\t\t\t\t<img decoding=\"async\" width=\"945\" height=\"629\" src=\"https:\/\/dev.visitparnu.com\/wp-content\/uploads\/2025\/10\/1-003.jpg\" class=\"attachment-large size-large wp-image-5063658\" alt=\"\" srcset=\"https:\/\/dev.visitparnu.com\/wp-content\/uploads\/2025\/10\/1-003.jpg 945w, https:\/\/dev.visitparnu.com\/wp-content\/uploads\/2025\/10\/1-003-300x200.jpg 300w, https:\/\/dev.visitparnu.com\/wp-content\/uploads\/2025\/10\/1-003-768x511.jpg 768w\" sizes=\"(max-width: 945px) 100vw, 945px\" \/>\t\t\t\t\t\t\t\t<\/a>\n\t\t\t\t\t\t\t\t\t\t\t<figcaption class=\"widget-image-caption wp-caption-text\">The old office building of the state farm. Photo from the Seljametsa Museum collection<\/figcaption>\n\t\t\t\t\t\t\t\t\t\t<\/figure>\n\t\t\t\t\t\t\t\t\t<\/div>\n\t\t\t\t<div class=\"elementor-element elementor-element-ec120b8 elementor-widget elementor-widget-text-editor\" data-id=\"ec120b8\" data-element_type=\"widget\" data-widget_type=\"text-editor.default\">\n\t\t\t\t\t\t\t\t\t<p class=\"p1\">In 1958, Soviet MTSs were dissolved in their existing form, and on this basis the <b>Sindi MTS<\/b> was erected. Its main task was to drain the marshy and waterlogged lands of the surrounding farms. When the \u2018Uus-Siht\u2019 and \u2018Kevad\u2019 collective farms in Seljametsa and Surju-Vaskr\u00e4\u00e4ma were merged to form the new <b>Sindi State Farm<\/b> in 1960,<b> <\/b>the Sindi Land Development Station was also incorporated into it, with the station\u2019s old office building becoming the farm\u2019s central office. By 1975, a new office building (today\u2019s municipal centre) had been built for the state farm to the designs of a young architect by the name of Ain Padrik.<\/p><p class=\"p1\">In 1970, the P\u00e4rnu <b>Experimental Land Development Unit<\/b> was established on the basis of the production facilities of the P\u00e4rnu Land Development Administration in Paikuse, which was merged with the P\u00e4rnu District Association of Estonian Agricultural Machinery (P\u00e4rnu <b>EPT<\/b>) as early as 1973.<\/p><p class=\"p1\">The association\u2019s head office, which had previously been located in P\u00e4rnu-Jaagupi, was also relocated to Paikuse.<\/p>\t\t\t\t\t\t\t\t<\/div>\n\t\t\t\t<div class=\"elementor-element elementor-element-4091fce elementor-widget elementor-widget-image\" data-id=\"4091fce\" data-element_type=\"widget\" data-widget_type=\"image.default\">\n\t\t\t\t\t\t\t\t\t\t\t\t<figure class=\"wp-caption\">\n\t\t\t\t\t\t\t\t\t\t\t<a href=\"https:\/\/dev.visitparnu.com\/wp-content\/uploads\/2025\/10\/1-004.jpg\" data-elementor-open-lightbox=\"yes\" data-elementor-lightbox-title=\"1-004\" data-elementor-lightbox-description=\"1-004\" data-e-action-hash=\"#elementor-action%3Aaction%3Dlightbox%26settings%3DeyJpZCI6NTA2MzY1OSwidXJsIjoiaHR0cHM6XC9cL2Rldi52aXNpdHBhcm51LmNvbVwvd3AtY29udGVudFwvdXBsb2Fkc1wvMjAyNVwvMTBcLzEtMDA0LmpwZyJ9\">\n\t\t\t\t\t\t\t<img loading=\"lazy\" decoding=\"async\" width=\"945\" height=\"629\" src=\"https:\/\/dev.visitparnu.com\/wp-content\/uploads\/2025\/10\/1-004.jpg\" class=\"attachment-large size-large wp-image-5063659\" alt=\"\" srcset=\"https:\/\/dev.visitparnu.com\/wp-content\/uploads\/2025\/10\/1-004.jpg 945w, https:\/\/dev.visitparnu.com\/wp-content\/uploads\/2025\/10\/1-004-300x200.jpg 300w, https:\/\/dev.visitparnu.com\/wp-content\/uploads\/2025\/10\/1-004-768x511.jpg 768w\" sizes=\"(max-width: 945px) 100vw, 945px\" \/>\t\t\t\t\t\t\t\t<\/a>\n\t\t\t\t\t\t\t\t\t\t\t<figcaption class=\"widget-image-caption wp-caption-text\">Construction of the new state farm office building. Photo from the Seljametsa Museum collection<\/figcaption>\n\t\t\t\t\t\t\t\t\t\t<\/figure>\n\t\t\t\t\t\t\t\t\t<\/div>\n\t\t\t\t<\/div>\n\t\t<div class=\"elementor-element elementor-element-9b96863 e-con-full e-flex e-con e-child\" data-id=\"9b96863\" data-element_type=\"container\">\n\t\t\t\t<div class=\"elementor-element elementor-element-56fb044 elementor-widget elementor-widget-text-editor\" data-id=\"56fb044\" data-element_type=\"widget\" data-widget_type=\"text-editor.default\">\n\t\t\t\t\t\t\t\t\t<p class=\"p1\"><b>How Paikuse found its name in the maze of administrative reforms<\/b><\/p><p class=\"p1\">The name \u2018Paikuse\u2019 was completely unknown before the municipal reforms of 1939 \u2013 or more accurately, it had been entirely forgotten. In the course of the reforms, a new administrative unit was largely created from the former Taali municipality (with the addition of bordering sections of neighbouring municipalities). In order to avoid confusion with Tali municipality, which was located in the same county, the Ministry of the Interior decided to give the new municipality an entirely new name. On the recommendation of linguists and historians, the name was drawn from the historical name of Taali Manor: <i>Paicus<\/i> (documented in 1565) or <i>Paixt-Hof<\/i> (documented in 1797). Etymologically, the name is linked to the Estonian word <i>paik<\/i>, meaning \u2018place\u2019.<\/p><p class=\"p1\">For the local population, however, the name was unfamiliar and provoked strong opposition. Petitions were even drafted requesting that the municipality be renamed: among the alternatives that were considered were P\u00e4rnj\u00f5e, Talij\u00f5e and Suurej\u00f5e. The renaming attempt did not succeed until 1950 when the existing administrative system was completely reorganised, with counties being replaced with districts and municipalities being abolished and replaced with village councils. For a short while, the local village council was referred to as Taali.<\/p><p class=\"p1\">Following various administrative reforms, the historical manor that gave Paikuse its name, the historical municipal building in K\u00f5rsa village and most of the municipality\u2019s former territory all ended up outside of Paikuse municipality as it is today, now lying within Tori municipality.<\/p><p class=\"p1\">The settlement, which was established in the Soviet era on the former lands of Sindi Manor in present-day Paikuse, was formerly known as <b>Sindi settlement village.<\/b> Following the relocation of the centre of the Soviet-era administrative unit, the village council (which had once again been renamed from Taali to Paikuse in 1966) in 1971, the settlement was renamed <b>Paikuse hamlet <\/b>on 23 October 1975.<\/p><p class=\"p1\">Paikuse was promoted from hamlet to fully fledged town on 15 July 2011 by a decree of Minister of Regional Affairs Siim Kiisler.<\/p>\t\t\t\t\t\t\t\t<\/div>\n\t\t\t\t<\/div>\n\t\t\t\t\t<\/div>\n\t\t\t\t<\/div>\n\t\t\t\t<\/div>\n\t\t","protected":false},"excerpt":{"rendered":"<p>From the settlement of Sindi to the village of Paikuse The former Helenurme Farm manor house. Photo from the Seljametsa Museum collection In 1919, in the wake of Estonia gaining its independence, land reforms were implemented under the Land Act which divided manor lands up into settlement-based farms. As part of this, Sindi Manor was [&hellip;]<\/p>\n","protected":false},"author":15,"featured_media":0,"parent":5065825,"menu_order":1,"comment_status":"closed","ping_status":"closed","template":"elementor_header_footer","meta":{"_acf_changed":false,"footnotes":""},"class_list":["post-5063628","page","type-page","status-publish","hentry"],"acf":[],"yoast_head":"<!-- This site is optimized with the Yoast SEO plugin v26.5 - https:\/\/yoast.com\/wordpress\/plugins\/seo\/ -->\n<title>Paikuse history trail intro - Visit P\u00e4rnu<\/title>\n<meta name=\"robots\" content=\"noindex, follow, max-snippet:-1, max-image-preview:large, max-video-preview:-1\" \/>\n<meta property=\"og:locale\" content=\"en_US\" \/>\n<meta property=\"og:type\" content=\"article\" \/>\n<meta property=\"og:title\" content=\"Paikuse history trail intro - Visit P\u00e4rnu\" \/>\n<meta property=\"og:description\" content=\"From the settlement of Sindi to the village of Paikuse The former Helenurme Farm manor house. Photo from the Seljametsa Museum collection In 1919, in the wake of Estonia gaining its independence, land reforms were implemented under the Land Act which divided manor lands up into settlement-based farms. As part of this, Sindi Manor was [&hellip;]\" \/>\n<meta property=\"og:url\" content=\"https:\/\/dev.visitparnu.com\/en\/paikuse-history-trail\/\" \/>\n<meta property=\"og:site_name\" content=\"Visit P\u00e4rnu\" \/>\n<meta property=\"article:publisher\" content=\"https:\/\/www.facebook.com\/visitparnuEE\/\" \/>\n<meta property=\"article:modified_time\" content=\"2025-12-07T11:41:23+00:00\" \/>\n<meta property=\"og:image\" content=\"https:\/\/dev.visitparnu.com\/wp-content\/uploads\/2025\/10\/1-001.jpg\" \/>\n<meta name=\"twitter:card\" content=\"summary_large_image\" \/>\n<meta name=\"twitter:label1\" content=\"Est. reading time\" \/>\n\t<meta name=\"twitter:data1\" content=\"5 minutes\" \/>\n<script type=\"application\/ld+json\" class=\"yoast-schema-graph\">{\"@context\":\"https:\/\/schema.org\",\"@graph\":[{\"@type\":\"WebPage\",\"@id\":\"https:\/\/dev.visitparnu.com\/en\/paikuse-history-trail\/\",\"url\":\"https:\/\/dev.visitparnu.com\/en\/paikuse-history-trail\/\",\"name\":\"Paikuse history trail intro - Visit P\u00e4rnu\",\"isPartOf\":{\"@id\":\"https:\/\/dev.visitparnu.com\/en\/#website\"},\"primaryImageOfPage\":{\"@id\":\"https:\/\/dev.visitparnu.com\/en\/paikuse-history-trail\/#primaryimage\"},\"image\":{\"@id\":\"https:\/\/dev.visitparnu.com\/en\/paikuse-history-trail\/#primaryimage\"},\"thumbnailUrl\":\"https:\/\/dev.visitparnu.com\/wp-content\/uploads\/2025\/10\/1-001.jpg\",\"datePublished\":\"2025-10-24T09:43:59+00:00\",\"dateModified\":\"2025-12-07T11:41:23+00:00\",\"breadcrumb\":{\"@id\":\"https:\/\/dev.visitparnu.com\/en\/paikuse-history-trail\/#breadcrumb\"},\"inLanguage\":\"en-US\",\"potentialAction\":[{\"@type\":\"ReadAction\",\"target\":[\"https:\/\/dev.visitparnu.com\/en\/paikuse-history-trail\/\"]}]},{\"@type\":\"ImageObject\",\"inLanguage\":\"en-US\",\"@id\":\"https:\/\/dev.visitparnu.com\/en\/paikuse-history-trail\/#primaryimage\",\"url\":\"https:\/\/dev.visitparnu.com\/wp-content\/uploads\/2025\/10\/1-001.jpg\",\"contentUrl\":\"https:\/\/dev.visitparnu.com\/wp-content\/uploads\/2025\/10\/1-001.jpg\"},{\"@type\":\"BreadcrumbList\",\"@id\":\"https:\/\/dev.visitparnu.com\/en\/paikuse-history-trail\/#breadcrumb\",\"itemListElement\":[{\"@type\":\"ListItem\",\"position\":1,\"name\":\"\",\"item\":\"https:\/\/dev.visitparnu.com\/en\/avaleht\/\"},{\"@type\":\"ListItem\",\"position\":2,\"name\":\"Paikuse\",\"item\":\"https:\/\/dev.visitparnu.com\/en\/paikuse-history\/\"},{\"@type\":\"ListItem\",\"position\":3,\"name\":\"Paikuse history trail intro\"}]},{\"@type\":\"WebSite\",\"@id\":\"https:\/\/dev.visitparnu.com\/en\/#website\",\"url\":\"https:\/\/dev.visitparnu.com\/en\/\",\"name\":\"Visit P\u00e4rnu\",\"description\":\"\",\"publisher\":{\"@id\":\"https:\/\/dev.visitparnu.com\/en\/#organization\"},\"potentialAction\":[{\"@type\":\"SearchAction\",\"target\":{\"@type\":\"EntryPoint\",\"urlTemplate\":\"https:\/\/dev.visitparnu.com\/en\/?s={search_term_string}\"},\"query-input\":{\"@type\":\"PropertyValueSpecification\",\"valueRequired\":true,\"valueName\":\"search_term_string\"}}],\"inLanguage\":\"en-US\"},{\"@type\":\"Organization\",\"@id\":\"https:\/\/dev.visitparnu.com\/en\/#organization\",\"name\":\"Visit P\u00e4rnu\",\"url\":\"https:\/\/dev.visitparnu.com\/en\/\",\"logo\":{\"@type\":\"ImageObject\",\"inLanguage\":\"en-US\",\"@id\":\"https:\/\/dev.visitparnu.com\/en\/#\/schema\/logo\/image\/\",\"url\":\"https:\/\/dev.visitparnu.com\/wp-content\/uploads\/2022\/11\/VP_logo.svg\",\"contentUrl\":\"https:\/\/dev.visitparnu.com\/wp-content\/uploads\/2022\/11\/VP_logo.svg\",\"width\":305,\"height\":33,\"caption\":\"Visit P\u00e4rnu\"},\"image\":{\"@id\":\"https:\/\/dev.visitparnu.com\/en\/#\/schema\/logo\/image\/\"},\"sameAs\":[\"https:\/\/www.facebook.com\/visitparnuEE\/\",\"https:\/\/www.youtube.com\/user\/visitparnuestonia\/\",\"https:\/\/www.instagram.com\/visitparnu\/\"]}]}<\/script>\n<!-- \/ Yoast SEO plugin. -->","yoast_head_json":{"title":"Paikuse history trail intro - Visit P\u00e4rnu","robots":{"index":"noindex","follow":"follow","max-snippet":"max-snippet:-1","max-image-preview":"max-image-preview:large","max-video-preview":"max-video-preview:-1"},"og_locale":"en_US","og_type":"article","og_title":"Paikuse history trail intro - Visit P\u00e4rnu","og_description":"From the settlement of Sindi to the village of Paikuse The former Helenurme Farm manor house. Photo from the Seljametsa Museum collection In 1919, in the wake of Estonia gaining its independence, land reforms were implemented under the Land Act which divided manor lands up into settlement-based farms. As part of this, Sindi Manor was [&hellip;]","og_url":"https:\/\/dev.visitparnu.com\/en\/paikuse-history-trail\/","og_site_name":"Visit P\u00e4rnu","article_publisher":"https:\/\/www.facebook.com\/visitparnuEE\/","article_modified_time":"2025-12-07T11:41:23+00:00","og_image":[{"url":"https:\/\/dev.visitparnu.com\/wp-content\/uploads\/2025\/10\/1-001.jpg","type":"","width":"","height":""}],"twitter_card":"summary_large_image","twitter_misc":{"Est. reading time":"5 minutes"},"schema":{"@context":"https:\/\/schema.org","@graph":[{"@type":"WebPage","@id":"https:\/\/dev.visitparnu.com\/en\/paikuse-history-trail\/","url":"https:\/\/dev.visitparnu.com\/en\/paikuse-history-trail\/","name":"Paikuse history trail intro - Visit P\u00e4rnu","isPartOf":{"@id":"https:\/\/dev.visitparnu.com\/en\/#website"},"primaryImageOfPage":{"@id":"https:\/\/dev.visitparnu.com\/en\/paikuse-history-trail\/#primaryimage"},"image":{"@id":"https:\/\/dev.visitparnu.com\/en\/paikuse-history-trail\/#primaryimage"},"thumbnailUrl":"https:\/\/dev.visitparnu.com\/wp-content\/uploads\/2025\/10\/1-001.jpg","datePublished":"2025-10-24T09:43:59+00:00","dateModified":"2025-12-07T11:41:23+00:00","breadcrumb":{"@id":"https:\/\/dev.visitparnu.com\/en\/paikuse-history-trail\/#breadcrumb"},"inLanguage":"en-US","potentialAction":[{"@type":"ReadAction","target":["https:\/\/dev.visitparnu.com\/en\/paikuse-history-trail\/"]}]},{"@type":"ImageObject","inLanguage":"en-US","@id":"https:\/\/dev.visitparnu.com\/en\/paikuse-history-trail\/#primaryimage","url":"https:\/\/dev.visitparnu.com\/wp-content\/uploads\/2025\/10\/1-001.jpg","contentUrl":"https:\/\/dev.visitparnu.com\/wp-content\/uploads\/2025\/10\/1-001.jpg"},{"@type":"BreadcrumbList","@id":"https:\/\/dev.visitparnu.com\/en\/paikuse-history-trail\/#breadcrumb","itemListElement":[{"@type":"ListItem","position":1,"name":"","item":"https:\/\/dev.visitparnu.com\/en\/avaleht\/"},{"@type":"ListItem","position":2,"name":"Paikuse","item":"https:\/\/dev.visitparnu.com\/en\/paikuse-history\/"},{"@type":"ListItem","position":3,"name":"Paikuse history trail intro"}]},{"@type":"WebSite","@id":"https:\/\/dev.visitparnu.com\/en\/#website","url":"https:\/\/dev.visitparnu.com\/en\/","name":"Visit P\u00e4rnu","description":"","publisher":{"@id":"https:\/\/dev.visitparnu.com\/en\/#organization"},"potentialAction":[{"@type":"SearchAction","target":{"@type":"EntryPoint","urlTemplate":"https:\/\/dev.visitparnu.com\/en\/?s={search_term_string}"},"query-input":{"@type":"PropertyValueSpecification","valueRequired":true,"valueName":"search_term_string"}}],"inLanguage":"en-US"},{"@type":"Organization","@id":"https:\/\/dev.visitparnu.com\/en\/#organization","name":"Visit P\u00e4rnu","url":"https:\/\/dev.visitparnu.com\/en\/","logo":{"@type":"ImageObject","inLanguage":"en-US","@id":"https:\/\/dev.visitparnu.com\/en\/#\/schema\/logo\/image\/","url":"https:\/\/dev.visitparnu.com\/wp-content\/uploads\/2022\/11\/VP_logo.svg","contentUrl":"https:\/\/dev.visitparnu.com\/wp-content\/uploads\/2022\/11\/VP_logo.svg","width":305,"height":33,"caption":"Visit P\u00e4rnu"},"image":{"@id":"https:\/\/dev.visitparnu.com\/en\/#\/schema\/logo\/image\/"},"sameAs":["https:\/\/www.facebook.com\/visitparnuEE\/","https:\/\/www.youtube.com\/user\/visitparnuestonia\/","https:\/\/www.instagram.com\/visitparnu\/"]}]}},"_links":{"self":[{"href":"https:\/\/dev.visitparnu.com\/en\/wp-json\/wp\/v2\/pages\/5063628","targetHints":{"allow":["GET"]}}],"collection":[{"href":"https:\/\/dev.visitparnu.com\/en\/wp-json\/wp\/v2\/pages"}],"about":[{"href":"https:\/\/dev.visitparnu.com\/en\/wp-json\/wp\/v2\/types\/page"}],"author":[{"embeddable":true,"href":"https:\/\/dev.visitparnu.com\/en\/wp-json\/wp\/v2\/users\/15"}],"replies":[{"embeddable":true,"href":"https:\/\/dev.visitparnu.com\/en\/wp-json\/wp\/v2\/comments?post=5063628"}],"version-history":[{"count":42,"href":"https:\/\/dev.visitparnu.com\/en\/wp-json\/wp\/v2\/pages\/5063628\/revisions"}],"predecessor-version":[{"id":5065827,"href":"https:\/\/dev.visitparnu.com\/en\/wp-json\/wp\/v2\/pages\/5063628\/revisions\/5065827"}],"up":[{"embeddable":true,"href":"https:\/\/dev.visitparnu.com\/en\/wp-json\/wp\/v2\/pages\/5065825"}],"wp:attachment":[{"href":"https:\/\/dev.visitparnu.com\/en\/wp-json\/wp\/v2\/media?parent=5063628"}],"curies":[{"name":"wp","href":"https:\/\/api.w.org\/{rel}","templated":true}]}}