{"id":4936913,"date":"2019-02-04T12:31:17","date_gmt":"2019-02-04T10:31:17","guid":{"rendered":"https:\/\/dev.visitparnu.com\/the-mole-of-parnu\/"},"modified":"2023-01-16T21:30:45","modified_gmt":"2023-01-16T19:30:45","slug":"the-mole-of-parnu","status":"publish","type":"page","link":"https:\/\/dev.visitparnu.com\/en\/the-mole-of-parnu\/","title":{"rendered":"The mole of P\u00e4rnu"},"content":{"rendered":"\t\t<div data-elementor-type=\"wp-post\" data-elementor-id=\"4936913\" class=\"elementor elementor-4936913 elementor-4936690\" data-elementor-post-type=\"page\">\n\t\t\t\t<div class=\"elementor-element elementor-element-84c9566 content-two-col-block e-flex e-con-boxed e-con e-parent\" data-id=\"84c9566\" data-element_type=\"container\">\n\t\t\t\t\t<div class=\"e-con-inner\">\n\t\t<div class=\"elementor-element elementor-element-8e8e84d e-con-full e-flex e-con e-parent\" data-id=\"8e8e84d\" data-element_type=\"container\">\n\t\t\t\t<div class=\"elementor-element elementor-element-3a3159a elementor-widget elementor-widget-text-editor\" data-id=\"3a3159a\" data-element_type=\"widget\" data-widget_type=\"text-editor.default\">\n\t\t\t\t\t\t\t\t\t<p>Constructed once to deepen the port and boost trade, the mole of P\u00e4rnu (often also referred to as the Jetty of P\u00e4rnu*) is one of <strong>the city\u2019s most interesting sights<\/strong>.<\/p><h2>New boardwalk to the mole<\/h2><p>At the beginning of 2019, a new illuminated boardwalk was completed, starting at the Rannapark and winding along the P\u00e4rnu River. The half-kilometer-long light road built on the piles ends at a sandy beach near the mole. There are seating benches and bicycle racks on the trail. The new boardwalk quickly became a very popular walking spot for locals, so we recommend all visitors to find their way there!<\/p><p><strong>When you reach the mole, be careful because the stones can be slippery!<\/strong><\/p><p>\u00a0<\/p>\t\t\t\t\t\t\t\t<\/div>\n\t\t\t\t<div class=\"elementor-element elementor-element-449b196 elementor-widget elementor-widget-image\" data-id=\"449b196\" data-element_type=\"widget\" data-widget_type=\"image.default\">\n\t\t\t\t\t\t\t\t\t\t\t\t\t\t\t<img fetchpriority=\"high\" decoding=\"async\" width=\"1024\" height=\"684\" src=\"https:\/\/dev.visitparnu.com\/wp-content\/uploads\/2023\/01\/muul-1024x684.jpg\" class=\"attachment-large size-large wp-image-4941481\" alt=\"\" srcset=\"https:\/\/dev.visitparnu.com\/wp-content\/uploads\/2023\/01\/muul-1024x684.jpg 1024w, https:\/\/dev.visitparnu.com\/wp-content\/uploads\/2023\/01\/muul-300x200.jpg 300w, https:\/\/dev.visitparnu.com\/wp-content\/uploads\/2023\/01\/muul-768x513.jpg 768w, https:\/\/dev.visitparnu.com\/wp-content\/uploads\/2023\/01\/muul-1536x1025.jpg 1536w, https:\/\/dev.visitparnu.com\/wp-content\/uploads\/2023\/01\/muul.jpg 2048w\" sizes=\"(max-width: 1024px) 100vw, 1024px\" \/>\t\t\t\t\t\t\t\t\t\t\t\t\t\t\t<\/div>\n\t\t\t\t<div class=\"elementor-element elementor-element-7736a48 elementor-widget elementor-widget-text-editor\" data-id=\"7736a48\" data-element_type=\"widget\" data-widget_type=\"text-editor.default\">\n\t\t\t\t\t\t\t\t\t<h2>Interesting facts:<\/h2><ul><li>from time to time, the whole mole can be left under the water<\/li><li>when the water levels are low, the top parts of old wood pulp posts can be seen<\/li><li>the bottom of the 7-meter-wide mole is nearly 26 meters wide and its depth is up to 5 meters<\/li><li><strong>Legend<\/strong>: According to an ancient legend, young lovers have to walk to the end of the mole and seal their love with a kiss there.<\/li><li>*A jetty is a structure extending perpendicularly from shore and is a solid wall down to the waterbed, with the purpose of obstructing the flow of currents. A large jetty built to create an artificial harbor is called a \u201cmole.\u201d Jetties in pairs often flank either side of a river as it enters the sea or lake, to prevent silting at the mouth.<\/li><\/ul>\t\t\t\t\t\t\t\t<\/div>\n\t\t\t\t<\/div>\n\t\t<div class=\"elementor-element elementor-element-7b5412e e-con-full e-flex e-con e-parent\" data-id=\"7b5412e\" data-element_type=\"container\">\n\t\t\t\t<div class=\"elementor-element elementor-element-3f48fbd elementor-widget elementor-widget-text-editor\" data-id=\"3f48fbd\" data-element_type=\"widget\" data-widget_type=\"text-editor.default\">\n\t\t\t\t\t\t\t\t\t<h2>History of the mole<\/h2><p>In the Middle Ages there was no sea port in P\u00e4rnu. That is why cargo meant for the ships had to be transported with barges. The major obstacle to the development of sea trade was the settling of sand at the estuary of the river. At the request of the major merchants in P\u00e4rnu, it was ordered by the Russian Empress Catherine II to set up moles to prevent it.<\/p><p>At the beginning of the 19th century, the oak beams were rammed into the river estuary. However, after their disintegration, the construction of more permanent stone moles began. The cornerstone was solemnly placed in 1863 by Baron von Lieven, Governor General of Estonia and Livonia.<\/p><p>Work began in winter when P\u00e4rnu Bay was covered by thick ice. The dimensions of the moles were marked on the ice, and the mats weaved from the birch beams were carried and spread over the ice over the entire mole area. The stones were then brought from the fields and the newly demolished city walls of P\u00e4rnu. The stones were also transported from the beaches of H\u00e4\u00e4demeeste and Kihnu. In spring, rocks drifted off the seabed as the ice melted.<\/p><p>\u00a0<\/p>\t\t\t\t\t\t\t\t<\/div>\n\t\t\t\t<div class=\"elementor-element elementor-element-69f2ad6 elementor-widget elementor-widget-image\" data-id=\"69f2ad6\" data-element_type=\"widget\" data-widget_type=\"image.default\">\n\t\t\t\t\t\t\t\t\t\t\t\t\t\t\t<img decoding=\"async\" width=\"1024\" height=\"681\" src=\"https:\/\/dev.visitparnu.com\/wp-content\/uploads\/2022\/11\/Muul-ohust-1024x681.jpg\" class=\"attachment-large size-large wp-image-4918904\" alt=\"\" srcset=\"https:\/\/dev.visitparnu.com\/wp-content\/uploads\/2022\/11\/Muul-ohust-1024x681.jpg 1024w, https:\/\/dev.visitparnu.com\/wp-content\/uploads\/2022\/11\/Muul-ohust-300x200.jpg 300w, https:\/\/dev.visitparnu.com\/wp-content\/uploads\/2022\/11\/Muul-ohust-768x511.jpg 768w, https:\/\/dev.visitparnu.com\/wp-content\/uploads\/2022\/11\/Muul-ohust-1536x1022.jpg 1536w, https:\/\/dev.visitparnu.com\/wp-content\/uploads\/2022\/11\/Muul-ohust.jpg 1733w\" sizes=\"(max-width: 1024px) 100vw, 1024px\" \/>\t\t\t\t\t\t\t\t\t\t\t\t\t\t\t<\/div>\n\t\t\t\t<div class=\"elementor-element elementor-element-192fc79 elementor-widget elementor-widget-text-editor\" data-id=\"192fc79\" data-element_type=\"widget\" data-widget_type=\"text-editor.default\">\n\t\t\t\t\t\t\t\t\t<p>Several years of construction work were very lucrative for nearby farmers who brought larger and smaller stones from their fields. The word spread even to the seamen of Kihnu and Riga \u2013 and in the summer, material was brought to the mole, which was sunk from the ships. Light beams were built at the ends of the stone walls of the mole to facilitate the entrance of the ships by night.<\/p><p>Construction work ended in 1869 and thus the rise of sea trade in P\u00e4rnu started. At that time, mainly timber and flax were transported from P\u00e4rnu.<\/p>\t\t\t\t\t\t\t\t<\/div>\n\t\t\t\t<\/div>\n\t\t\t\t\t<\/div>\n\t\t\t\t<\/div>\n\t\t<div class=\"elementor-element elementor-element-4525da5 e-flex e-con-boxed e-con e-parent\" data-id=\"4525da5\" data-element_type=\"container\">\n\t\t\t\t\t<div class=\"e-con-inner\">\n\t\t\t\t<div class=\"elementor-element elementor-element-7ff4995 elementor-widget elementor-widget-google_maps\" data-id=\"7ff4995\" data-element_type=\"widget\" data-widget_type=\"google_maps.default\">\n\t\t\t\t\t\t\t<div class=\"elementor-custom-embed\">\n\t\t\t<iframe loading=\"lazy\"\n\t\t\t\t\tsrc=\"https:\/\/maps.google.com\/maps?q=p%C3%A4rnu%20muul&#038;t=m&#038;z=14&#038;output=embed&#038;iwloc=near\"\n\t\t\t\t\ttitle=\"p\u00e4rnu muul\"\n\t\t\t\t\taria-label=\"p\u00e4rnu muul\"\n\t\t\t><\/iframe>\n\t\t<\/div>\n\t\t\t\t\t\t<\/div>\n\t\t\t\t\t<\/div>\n\t\t\t\t<\/div>\n\t\t\t\t<\/div>\n\t\t","protected":false},"excerpt":{"rendered":"<p>Constructed once to deepen the port and boost trade, the mole of P\u00e4rnu (often also referred to as the Jetty of P\u00e4rnu*) is one of the city\u2019s most interesting sights. New boardwalk to the mole At the beginning of 2019, a new illuminated boardwalk was completed, starting at the Rannapark and winding along the P\u00e4rnu [&hellip;]<\/p>\n","protected":false},"author":1,"featured_media":4946651,"parent":0,"menu_order":0,"comment_status":"closed","ping_status":"closed","template":"","meta":{"_acf_changed":false,"footnotes":""},"class_list":["post-4936913","page","type-page","status-publish","has-post-thumbnail","hentry"],"acf":[],"yoast_head":"<!-- This site is optimized with the Yoast SEO plugin v26.5 - https:\/\/yoast.com\/wordpress\/plugins\/seo\/ -->\n<title>The mole of P\u00e4rnu - Visit P\u00e4rnu<\/title>\n<meta name=\"robots\" content=\"noindex, follow, max-snippet:-1, max-image-preview:large, max-video-preview:-1\" \/>\n<meta property=\"og:locale\" content=\"en_US\" \/>\n<meta property=\"og:type\" content=\"article\" \/>\n<meta property=\"og:title\" content=\"The mole of P\u00e4rnu - Visit P\u00e4rnu\" \/>\n<meta property=\"og:description\" content=\"Constructed once to deepen the port and boost trade, the mole of P\u00e4rnu (often also referred to as the Jetty of P\u00e4rnu*) is one of the city\u2019s most interesting sights. New boardwalk to the mole At the beginning of 2019, a new illuminated boardwalk was completed, starting at the Rannapark and winding along the P\u00e4rnu [&hellip;]\" \/>\n<meta property=\"og:url\" content=\"https:\/\/dev.visitparnu.com\/en\/the-mole-of-parnu\/\" \/>\n<meta property=\"og:site_name\" content=\"Visit P\u00e4rnu\" \/>\n<meta property=\"article:publisher\" content=\"https:\/\/www.facebook.com\/visitparnuEE\/\" \/>\n<meta property=\"article:modified_time\" content=\"2023-01-16T19:30:45+00:00\" \/>\n<meta property=\"og:image\" content=\"https:\/\/dev.visitparnu.com\/wp-content\/uploads\/2023\/01\/Parnu-muul-1-1.jpg\" \/>\n\t<meta property=\"og:image:width\" content=\"1738\" \/>\n\t<meta property=\"og:image:height\" content=\"1150\" \/>\n\t<meta property=\"og:image:type\" content=\"image\/jpeg\" \/>\n<meta name=\"twitter:card\" content=\"summary_large_image\" \/>\n<meta name=\"twitter:label1\" content=\"Est. reading time\" \/>\n\t<meta name=\"twitter:data1\" content=\"3 minutes\" \/>\n<script type=\"application\/ld+json\" class=\"yoast-schema-graph\">{\"@context\":\"https:\/\/schema.org\",\"@graph\":[{\"@type\":\"WebPage\",\"@id\":\"https:\/\/dev.visitparnu.com\/en\/the-mole-of-parnu\/\",\"url\":\"https:\/\/dev.visitparnu.com\/en\/the-mole-of-parnu\/\",\"name\":\"The mole of P\u00e4rnu - Visit P\u00e4rnu\",\"isPartOf\":{\"@id\":\"https:\/\/dev.visitparnu.com\/en\/#website\"},\"primaryImageOfPage\":{\"@id\":\"https:\/\/dev.visitparnu.com\/en\/the-mole-of-parnu\/#primaryimage\"},\"image\":{\"@id\":\"https:\/\/dev.visitparnu.com\/en\/the-mole-of-parnu\/#primaryimage\"},\"thumbnailUrl\":\"https:\/\/dev.visitparnu.com\/wp-content\/uploads\/2023\/01\/Parnu-muul-1-1.jpg\",\"datePublished\":\"2019-02-04T10:31:17+00:00\",\"dateModified\":\"2023-01-16T19:30:45+00:00\",\"breadcrumb\":{\"@id\":\"https:\/\/dev.visitparnu.com\/en\/the-mole-of-parnu\/#breadcrumb\"},\"inLanguage\":\"en-US\",\"potentialAction\":[{\"@type\":\"ReadAction\",\"target\":[\"https:\/\/dev.visitparnu.com\/en\/the-mole-of-parnu\/\"]}]},{\"@type\":\"ImageObject\",\"inLanguage\":\"en-US\",\"@id\":\"https:\/\/dev.visitparnu.com\/en\/the-mole-of-parnu\/#primaryimage\",\"url\":\"https:\/\/dev.visitparnu.com\/wp-content\/uploads\/2023\/01\/Parnu-muul-1-1.jpg\",\"contentUrl\":\"https:\/\/dev.visitparnu.com\/wp-content\/uploads\/2023\/01\/Parnu-muul-1-1.jpg\",\"width\":1738,\"height\":1150,\"caption\":\"P\u00e4rnu muul\"},{\"@type\":\"BreadcrumbList\",\"@id\":\"https:\/\/dev.visitparnu.com\/en\/the-mole-of-parnu\/#breadcrumb\",\"itemListElement\":[{\"@type\":\"ListItem\",\"position\":1,\"name\":\"\",\"item\":\"https:\/\/dev.visitparnu.com\/en\/avaleht\/\"},{\"@type\":\"ListItem\",\"position\":2,\"name\":\"The mole of P\u00e4rnu\"}]},{\"@type\":\"WebSite\",\"@id\":\"https:\/\/dev.visitparnu.com\/en\/#website\",\"url\":\"https:\/\/dev.visitparnu.com\/en\/\",\"name\":\"Visit P\u00e4rnu\",\"description\":\"\",\"publisher\":{\"@id\":\"https:\/\/dev.visitparnu.com\/en\/#organization\"},\"potentialAction\":[{\"@type\":\"SearchAction\",\"target\":{\"@type\":\"EntryPoint\",\"urlTemplate\":\"https:\/\/dev.visitparnu.com\/en\/?s={search_term_string}\"},\"query-input\":{\"@type\":\"PropertyValueSpecification\",\"valueRequired\":true,\"valueName\":\"search_term_string\"}}],\"inLanguage\":\"en-US\"},{\"@type\":\"Organization\",\"@id\":\"https:\/\/dev.visitparnu.com\/en\/#organization\",\"name\":\"Visit P\u00e4rnu\",\"url\":\"https:\/\/dev.visitparnu.com\/en\/\",\"logo\":{\"@type\":\"ImageObject\",\"inLanguage\":\"en-US\",\"@id\":\"https:\/\/dev.visitparnu.com\/en\/#\/schema\/logo\/image\/\",\"url\":\"https:\/\/dev.visitparnu.com\/wp-content\/uploads\/2022\/11\/VP_logo.svg\",\"contentUrl\":\"https:\/\/dev.visitparnu.com\/wp-content\/uploads\/2022\/11\/VP_logo.svg\",\"width\":305,\"height\":33,\"caption\":\"Visit P\u00e4rnu\"},\"image\":{\"@id\":\"https:\/\/dev.visitparnu.com\/en\/#\/schema\/logo\/image\/\"},\"sameAs\":[\"https:\/\/www.facebook.com\/visitparnuEE\/\",\"https:\/\/www.youtube.com\/user\/visitparnuestonia\/\",\"https:\/\/www.instagram.com\/visitparnu\/\"]}]}<\/script>\n<!-- \/ Yoast SEO plugin. -->","yoast_head_json":{"title":"The mole of P\u00e4rnu - Visit P\u00e4rnu","robots":{"index":"noindex","follow":"follow","max-snippet":"max-snippet:-1","max-image-preview":"max-image-preview:large","max-video-preview":"max-video-preview:-1"},"og_locale":"en_US","og_type":"article","og_title":"The mole of P\u00e4rnu - Visit P\u00e4rnu","og_description":"Constructed once to deepen the port and boost trade, the mole of P\u00e4rnu (often also referred to as the Jetty of P\u00e4rnu*) is one of the city\u2019s most interesting sights. New boardwalk to the mole At the beginning of 2019, a new illuminated boardwalk was completed, starting at the Rannapark and winding along the P\u00e4rnu [&hellip;]","og_url":"https:\/\/dev.visitparnu.com\/en\/the-mole-of-parnu\/","og_site_name":"Visit P\u00e4rnu","article_publisher":"https:\/\/www.facebook.com\/visitparnuEE\/","article_modified_time":"2023-01-16T19:30:45+00:00","og_image":[{"width":1738,"height":1150,"url":"https:\/\/dev.visitparnu.com\/wp-content\/uploads\/2023\/01\/Parnu-muul-1-1.jpg","type":"image\/jpeg"}],"twitter_card":"summary_large_image","twitter_misc":{"Est. reading time":"3 minutes"},"schema":{"@context":"https:\/\/schema.org","@graph":[{"@type":"WebPage","@id":"https:\/\/dev.visitparnu.com\/en\/the-mole-of-parnu\/","url":"https:\/\/dev.visitparnu.com\/en\/the-mole-of-parnu\/","name":"The mole of P\u00e4rnu - Visit P\u00e4rnu","isPartOf":{"@id":"https:\/\/dev.visitparnu.com\/en\/#website"},"primaryImageOfPage":{"@id":"https:\/\/dev.visitparnu.com\/en\/the-mole-of-parnu\/#primaryimage"},"image":{"@id":"https:\/\/dev.visitparnu.com\/en\/the-mole-of-parnu\/#primaryimage"},"thumbnailUrl":"https:\/\/dev.visitparnu.com\/wp-content\/uploads\/2023\/01\/Parnu-muul-1-1.jpg","datePublished":"2019-02-04T10:31:17+00:00","dateModified":"2023-01-16T19:30:45+00:00","breadcrumb":{"@id":"https:\/\/dev.visitparnu.com\/en\/the-mole-of-parnu\/#breadcrumb"},"inLanguage":"en-US","potentialAction":[{"@type":"ReadAction","target":["https:\/\/dev.visitparnu.com\/en\/the-mole-of-parnu\/"]}]},{"@type":"ImageObject","inLanguage":"en-US","@id":"https:\/\/dev.visitparnu.com\/en\/the-mole-of-parnu\/#primaryimage","url":"https:\/\/dev.visitparnu.com\/wp-content\/uploads\/2023\/01\/Parnu-muul-1-1.jpg","contentUrl":"https:\/\/dev.visitparnu.com\/wp-content\/uploads\/2023\/01\/Parnu-muul-1-1.jpg","width":1738,"height":1150,"caption":"P\u00e4rnu muul"},{"@type":"BreadcrumbList","@id":"https:\/\/dev.visitparnu.com\/en\/the-mole-of-parnu\/#breadcrumb","itemListElement":[{"@type":"ListItem","position":1,"name":"","item":"https:\/\/dev.visitparnu.com\/en\/avaleht\/"},{"@type":"ListItem","position":2,"name":"The mole of P\u00e4rnu"}]},{"@type":"WebSite","@id":"https:\/\/dev.visitparnu.com\/en\/#website","url":"https:\/\/dev.visitparnu.com\/en\/","name":"Visit P\u00e4rnu","description":"","publisher":{"@id":"https:\/\/dev.visitparnu.com\/en\/#organization"},"potentialAction":[{"@type":"SearchAction","target":{"@type":"EntryPoint","urlTemplate":"https:\/\/dev.visitparnu.com\/en\/?s={search_term_string}"},"query-input":{"@type":"PropertyValueSpecification","valueRequired":true,"valueName":"search_term_string"}}],"inLanguage":"en-US"},{"@type":"Organization","@id":"https:\/\/dev.visitparnu.com\/en\/#organization","name":"Visit P\u00e4rnu","url":"https:\/\/dev.visitparnu.com\/en\/","logo":{"@type":"ImageObject","inLanguage":"en-US","@id":"https:\/\/dev.visitparnu.com\/en\/#\/schema\/logo\/image\/","url":"https:\/\/dev.visitparnu.com\/wp-content\/uploads\/2022\/11\/VP_logo.svg","contentUrl":"https:\/\/dev.visitparnu.com\/wp-content\/uploads\/2022\/11\/VP_logo.svg","width":305,"height":33,"caption":"Visit P\u00e4rnu"},"image":{"@id":"https:\/\/dev.visitparnu.com\/en\/#\/schema\/logo\/image\/"},"sameAs":["https:\/\/www.facebook.com\/visitparnuEE\/","https:\/\/www.youtube.com\/user\/visitparnuestonia\/","https:\/\/www.instagram.com\/visitparnu\/"]}]}},"_links":{"self":[{"href":"https:\/\/dev.visitparnu.com\/en\/wp-json\/wp\/v2\/pages\/4936913","targetHints":{"allow":["GET"]}}],"collection":[{"href":"https:\/\/dev.visitparnu.com\/en\/wp-json\/wp\/v2\/pages"}],"about":[{"href":"https:\/\/dev.visitparnu.com\/en\/wp-json\/wp\/v2\/types\/page"}],"author":[{"embeddable":true,"href":"https:\/\/dev.visitparnu.com\/en\/wp-json\/wp\/v2\/users\/1"}],"replies":[{"embeddable":true,"href":"https:\/\/dev.visitparnu.com\/en\/wp-json\/wp\/v2\/comments?post=4936913"}],"version-history":[{"count":11,"href":"https:\/\/dev.visitparnu.com\/en\/wp-json\/wp\/v2\/pages\/4936913\/revisions"}],"predecessor-version":[{"id":4946666,"href":"https:\/\/dev.visitparnu.com\/en\/wp-json\/wp\/v2\/pages\/4936913\/revisions\/4946666"}],"wp:featuredmedia":[{"embeddable":true,"href":"https:\/\/dev.visitparnu.com\/en\/wp-json\/wp\/v2\/media\/4946651"}],"wp:attachment":[{"href":"https:\/\/dev.visitparnu.com\/en\/wp-json\/wp\/v2\/media?parent=4936913"}],"curies":[{"name":"wp","href":"https:\/\/api.w.org\/{rel}","templated":true}]}}