{"id":4936892,"date":"2018-09-28T11:53:27","date_gmt":"2018-09-28T09:53:27","guid":{"rendered":"https:\/\/dev.visitparnu.com\/useful-information\/"},"modified":"2024-09-16T16:57:47","modified_gmt":"2024-09-16T14:57:47","slug":"useful-information","status":"publish","type":"page","link":"https:\/\/dev.visitparnu.com\/en\/useful-information\/","title":{"rendered":"Useful information"},"content":{"rendered":"\t\t<div data-elementor-type=\"wp-post\" data-elementor-id=\"4936892\" class=\"elementor elementor-4936892 elementor-4936651\" data-elementor-post-type=\"page\">\n\t\t\t\t\t\t<section class=\"elementor-section elementor-top-section elementor-element elementor-element-54d263e6 elementor-section-full_width elementor-section-height-default elementor-section-height-default\" data-id=\"54d263e6\" data-element_type=\"section\">\n\t\t\t\t\t\t<div class=\"elementor-container elementor-column-gap-default\">\n\t\t\t\t\t<div class=\"elementor-column elementor-col-50 elementor-top-column elementor-element elementor-element-49cdad1b\" data-id=\"49cdad1b\" data-element_type=\"column\">\n\t\t\t<div class=\"elementor-widget-wrap elementor-element-populated\">\n\t\t\t\t\t\t<div class=\"elementor-element elementor-element-298fc54b elementor-widget elementor-widget-text-editor\" data-id=\"298fc54b\" data-element_type=\"widget\" data-widget_type=\"text-editor.default\">\n\t\t\t\t\t\t\t\t\t<h3>Useful numbers:<\/h3>\n<p>Ambulance, police and rescue service: 112<br>Medical services: P\u00e4rnu Hospital, Ristiku 1, +372 447 3301, <a href=\"http:\/\/www.ph.ee\" target=\"_blank\" rel=\"noopener\">www.ph.ee<\/a>&nbsp;<br>To call Estonia from abroad, dial +372 xxx<br>Taxis in P\u00e4rnu: (+372) 1200, 1222, 1300, 12255, 1700, 1918<\/p>\n<h3>Useful websites:<\/h3>\n<p>Official tourist information of Estonia: <a href=\"http:\/\/www.visitestonia.com\" target=\"_blank\" rel=\"noopener\">www.visitestonia.com<\/a><br>Estonian Rural Tourism: <a href=\"http:\/\/www.maaturism.ee\" target=\"_blank\" rel=\"noopener\">www.maaturism.ee<\/a><br>Currency exchange rates: <a href=\"https:\/\/www.eestipank.ee\/en\/currency-exchange\" target=\"_blank\" rel=\"noopener\">www.eestipank.ee\/en\/exchange-rates<\/a><br>Visas, consulates: <a href=\"http:\/\/www.vm.ee\" target=\"_blank\" rel=\"noopener\">www.vm.ee<\/a><\/p>\n<h3>Public Internet points<\/h3>\n<p>You can use public computers and the internet:<\/p>\n<p><a href=\"https:\/\/www.pkr.ee\/en\/opening-hours\/\">P\u00e4rnu Central Library<\/a> (Akadeemia 3) has a public internet point on the ground floor and wireless connection throughout the premises.<\/p>\n<h3>Wireless internet connection<\/h3>\n<p>Wireless internet (Wi-Fi) is available in most accommodation and eating places.<br>Weather permitting, you can take your laptop for a stroll too and use the internet in R\u00fc\u00fctli Square, Lastepark (between R\u00fc\u00fctli, Munga and Vee streets) or on the beach promenade.<\/p>\t\t\t\t\t\t\t\t<\/div>\n\t\t\t\t\t<\/div>\n\t\t<\/div>\n\t\t\t\t<div class=\"elementor-column elementor-col-50 elementor-top-column elementor-element elementor-element-cdc5a70\" data-id=\"cdc5a70\" data-element_type=\"column\">\n\t\t\t<div class=\"elementor-widget-wrap elementor-element-populated\">\n\t\t\t\t\t\t<div class=\"elementor-element elementor-element-19ade6d1 elementor-widget elementor-widget-text-editor\" data-id=\"19ade6d1\" data-element_type=\"widget\" data-widget_type=\"text-editor.default\">\n\t\t\t\t\t\t\t\t\t<h3>Public toilets<\/h3><p>A paid toilet is located in Kalda street, near the central bridge. Toilets are also found in shopping centres of Port Artur 1 and 2, P\u00e4rnu Shopping Centre and the central library. Toilets are available in many restaurants and cafes and a polite request is usually sufficient to get access to these facilities.<\/p><h3>Left luggage<\/h3><p>There is a temporary left luggage office in the Cargobus premises in the bus station:<br \/>Cargobus, Mo-Fri 8.00-18.00,\u00a0Ringi 3, P\u00e4rnu<br \/>Phone: +372 17799<\/p><h3>Currency exchange<\/h3><p>EUREX &#8211; Papiniidu 8\/10 (Shopping centre Kaubamajakas), Mon-Sun 10.00-20.00<\/p><h3>Visas<\/h3><p>Visa information is available at the website of the Ministry of Foreign Affairs at <a href=\"http:\/\/www.vm.ee\" target=\"_blank\" rel=\"noopener\">www.vm.ee<\/a>.<br \/>Travel agencies may also help with applying for visas.<br \/>Nationals of the member states of the European Union (EU) and the European Economic Area (EEA) and any third-country national who is a holder of a residence permit of a Schengen state do not need a visa to enter Estonia. The holders of passports of the following countries do not need a visa to enter Estonia for stays of no more than three months in a 6 month period: United States of America, Australia, Japan, Argentina, Brazil, Chile, and so on. More information on visa requirements of nationals of these and other countries can be found at <a href=\"http:\/\/www.vm.ee\" target=\"_blank\" rel=\"noopener\">www.vm.ee<\/a>.<\/p><h3>Market<\/h3><p>P\u00e4rnu Turg, Suur-Sepa 18, Tel +372 443 5895<br \/>P\u00e4rnu Keskuse taluturg, Aida 7, Tel +372 5817 1504, <a href=\"http:\/\/www.taluturg.ee\" target=\"_blank\" rel=\"noopener\">www.taluturg.ee<\/a><\/p>\t\t\t\t\t\t\t\t<\/div>\n\t\t\t\t\t<\/div>\n\t\t<\/div>\n\t\t\t\t\t<\/div>\n\t\t<\/section>\n\t\t\t\t<\/div>\n\t\t","protected":false},"excerpt":{"rendered":"<p>Useful numbers: Ambulance, police and rescue service: 112Medical services: P\u00e4rnu Hospital, Ristiku 1, +372 447 3301, www.ph.ee&nbsp;To call Estonia from abroad, dial +372 xxxTaxis in P\u00e4rnu: (+372) 1200, 1222, 1300, 12255, 1700, 1918 Useful websites: Official tourist information of Estonia: www.visitestonia.comEstonian Rural Tourism: www.maaturism.eeCurrency exchange rates: www.eestipank.ee\/en\/exchange-ratesVisas, consulates: www.vm.ee Public Internet points You can use [&hellip;]<\/p>\n","protected":false},"author":1,"featured_media":4953876,"parent":0,"menu_order":0,"comment_status":"closed","ping_status":"closed","template":"","meta":{"_acf_changed":false,"footnotes":""},"class_list":["post-4936892","page","type-page","status-publish","has-post-thumbnail","hentry"],"acf":[],"yoast_head":"<!-- This site is optimized with the Yoast SEO plugin v26.5 - https:\/\/yoast.com\/wordpress\/plugins\/seo\/ -->\n<title>Useful information - Visit P\u00e4rnu<\/title>\n<meta name=\"robots\" content=\"noindex, follow, max-snippet:-1, max-image-preview:large, max-video-preview:-1\" \/>\n<meta property=\"og:locale\" content=\"en_US\" \/>\n<meta property=\"og:type\" content=\"article\" \/>\n<meta property=\"og:title\" content=\"Useful information - Visit P\u00e4rnu\" \/>\n<meta property=\"og:description\" content=\"Useful numbers: Ambulance, police and rescue service: 112Medical services: P\u00e4rnu Hospital, Ristiku 1, +372 447 3301, www.ph.ee&nbsp;To call Estonia from abroad, dial +372 xxxTaxis in P\u00e4rnu: (+372) 1200, 1222, 1300, 12255, 1700, 1918 Useful websites: Official tourist information of Estonia: www.visitestonia.comEstonian Rural Tourism: www.maaturism.eeCurrency exchange rates: www.eestipank.ee\/en\/exchange-ratesVisas, consulates: www.vm.ee Public Internet points You can use [&hellip;]\" \/>\n<meta property=\"og:url\" content=\"https:\/\/dev.visitparnu.com\/en\/useful-information\/\" \/>\n<meta property=\"og:site_name\" content=\"Visit P\u00e4rnu\" \/>\n<meta property=\"article:publisher\" content=\"https:\/\/www.facebook.com\/visitparnuEE\/\" \/>\n<meta property=\"article:modified_time\" content=\"2024-09-16T14:57:47+00:00\" \/>\n<meta property=\"og:image\" content=\"https:\/\/dev.visitparnu.com\/wp-content\/uploads\/2023\/01\/Parnu-graafitid.jpg\" \/>\n\t<meta property=\"og:image:width\" content=\"1732\" \/>\n\t<meta property=\"og:image:height\" content=\"1154\" \/>\n\t<meta property=\"og:image:type\" content=\"image\/jpeg\" \/>\n<meta name=\"twitter:card\" content=\"summary_large_image\" \/>\n<meta name=\"twitter:label1\" content=\"Est. reading time\" \/>\n\t<meta name=\"twitter:data1\" content=\"2 minutes\" \/>\n<script type=\"application\/ld+json\" class=\"yoast-schema-graph\">{\"@context\":\"https:\/\/schema.org\",\"@graph\":[{\"@type\":\"WebPage\",\"@id\":\"https:\/\/dev.visitparnu.com\/en\/useful-information\/\",\"url\":\"https:\/\/dev.visitparnu.com\/en\/useful-information\/\",\"name\":\"Useful information - Visit P\u00e4rnu\",\"isPartOf\":{\"@id\":\"https:\/\/dev.visitparnu.com\/en\/#website\"},\"primaryImageOfPage\":{\"@id\":\"https:\/\/dev.visitparnu.com\/en\/useful-information\/#primaryimage\"},\"image\":{\"@id\":\"https:\/\/dev.visitparnu.com\/en\/useful-information\/#primaryimage\"},\"thumbnailUrl\":\"https:\/\/dev.visitparnu.com\/wp-content\/uploads\/2023\/01\/Parnu-graafitid.jpg\",\"datePublished\":\"2018-09-28T09:53:27+00:00\",\"dateModified\":\"2024-09-16T14:57:47+00:00\",\"breadcrumb\":{\"@id\":\"https:\/\/dev.visitparnu.com\/en\/useful-information\/#breadcrumb\"},\"inLanguage\":\"en-US\",\"potentialAction\":[{\"@type\":\"ReadAction\",\"target\":[\"https:\/\/dev.visitparnu.com\/en\/useful-information\/\"]}]},{\"@type\":\"ImageObject\",\"inLanguage\":\"en-US\",\"@id\":\"https:\/\/dev.visitparnu.com\/en\/useful-information\/#primaryimage\",\"url\":\"https:\/\/dev.visitparnu.com\/wp-content\/uploads\/2023\/01\/Parnu-graafitid.jpg\",\"contentUrl\":\"https:\/\/dev.visitparnu.com\/wp-content\/uploads\/2023\/01\/Parnu-graafitid.jpg\",\"width\":1732,\"height\":1154},{\"@type\":\"BreadcrumbList\",\"@id\":\"https:\/\/dev.visitparnu.com\/en\/useful-information\/#breadcrumb\",\"itemListElement\":[{\"@type\":\"ListItem\",\"position\":1,\"name\":\"\",\"item\":\"https:\/\/dev.visitparnu.com\/en\/avaleht\/\"},{\"@type\":\"ListItem\",\"position\":2,\"name\":\"Useful information\"}]},{\"@type\":\"WebSite\",\"@id\":\"https:\/\/dev.visitparnu.com\/en\/#website\",\"url\":\"https:\/\/dev.visitparnu.com\/en\/\",\"name\":\"Visit P\u00e4rnu\",\"description\":\"\",\"publisher\":{\"@id\":\"https:\/\/dev.visitparnu.com\/en\/#organization\"},\"potentialAction\":[{\"@type\":\"SearchAction\",\"target\":{\"@type\":\"EntryPoint\",\"urlTemplate\":\"https:\/\/dev.visitparnu.com\/en\/?s={search_term_string}\"},\"query-input\":{\"@type\":\"PropertyValueSpecification\",\"valueRequired\":true,\"valueName\":\"search_term_string\"}}],\"inLanguage\":\"en-US\"},{\"@type\":\"Organization\",\"@id\":\"https:\/\/dev.visitparnu.com\/en\/#organization\",\"name\":\"Visit P\u00e4rnu\",\"url\":\"https:\/\/dev.visitparnu.com\/en\/\",\"logo\":{\"@type\":\"ImageObject\",\"inLanguage\":\"en-US\",\"@id\":\"https:\/\/dev.visitparnu.com\/en\/#\/schema\/logo\/image\/\",\"url\":\"https:\/\/dev.visitparnu.com\/wp-content\/uploads\/2022\/11\/VP_logo.svg\",\"contentUrl\":\"https:\/\/dev.visitparnu.com\/wp-content\/uploads\/2022\/11\/VP_logo.svg\",\"width\":305,\"height\":33,\"caption\":\"Visit P\u00e4rnu\"},\"image\":{\"@id\":\"https:\/\/dev.visitparnu.com\/en\/#\/schema\/logo\/image\/\"},\"sameAs\":[\"https:\/\/www.facebook.com\/visitparnuEE\/\",\"https:\/\/www.youtube.com\/user\/visitparnuestonia\/\",\"https:\/\/www.instagram.com\/visitparnu\/\"]}]}<\/script>\n<!-- \/ Yoast SEO plugin. -->","yoast_head_json":{"title":"Useful information - Visit P\u00e4rnu","robots":{"index":"noindex","follow":"follow","max-snippet":"max-snippet:-1","max-image-preview":"max-image-preview:large","max-video-preview":"max-video-preview:-1"},"og_locale":"en_US","og_type":"article","og_title":"Useful information - Visit P\u00e4rnu","og_description":"Useful numbers: Ambulance, police and rescue service: 112Medical services: P\u00e4rnu Hospital, Ristiku 1, +372 447 3301, www.ph.ee&nbsp;To call Estonia from abroad, dial +372 xxxTaxis in P\u00e4rnu: (+372) 1200, 1222, 1300, 12255, 1700, 1918 Useful websites: Official tourist information of Estonia: www.visitestonia.comEstonian Rural Tourism: www.maaturism.eeCurrency exchange rates: www.eestipank.ee\/en\/exchange-ratesVisas, consulates: www.vm.ee Public Internet points You can use [&hellip;]","og_url":"https:\/\/dev.visitparnu.com\/en\/useful-information\/","og_site_name":"Visit P\u00e4rnu","article_publisher":"https:\/\/www.facebook.com\/visitparnuEE\/","article_modified_time":"2024-09-16T14:57:47+00:00","og_image":[{"width":1732,"height":1154,"url":"https:\/\/dev.visitparnu.com\/wp-content\/uploads\/2023\/01\/Parnu-graafitid.jpg","type":"image\/jpeg"}],"twitter_card":"summary_large_image","twitter_misc":{"Est. reading time":"2 minutes"},"schema":{"@context":"https:\/\/schema.org","@graph":[{"@type":"WebPage","@id":"https:\/\/dev.visitparnu.com\/en\/useful-information\/","url":"https:\/\/dev.visitparnu.com\/en\/useful-information\/","name":"Useful information - Visit P\u00e4rnu","isPartOf":{"@id":"https:\/\/dev.visitparnu.com\/en\/#website"},"primaryImageOfPage":{"@id":"https:\/\/dev.visitparnu.com\/en\/useful-information\/#primaryimage"},"image":{"@id":"https:\/\/dev.visitparnu.com\/en\/useful-information\/#primaryimage"},"thumbnailUrl":"https:\/\/dev.visitparnu.com\/wp-content\/uploads\/2023\/01\/Parnu-graafitid.jpg","datePublished":"2018-09-28T09:53:27+00:00","dateModified":"2024-09-16T14:57:47+00:00","breadcrumb":{"@id":"https:\/\/dev.visitparnu.com\/en\/useful-information\/#breadcrumb"},"inLanguage":"en-US","potentialAction":[{"@type":"ReadAction","target":["https:\/\/dev.visitparnu.com\/en\/useful-information\/"]}]},{"@type":"ImageObject","inLanguage":"en-US","@id":"https:\/\/dev.visitparnu.com\/en\/useful-information\/#primaryimage","url":"https:\/\/dev.visitparnu.com\/wp-content\/uploads\/2023\/01\/Parnu-graafitid.jpg","contentUrl":"https:\/\/dev.visitparnu.com\/wp-content\/uploads\/2023\/01\/Parnu-graafitid.jpg","width":1732,"height":1154},{"@type":"BreadcrumbList","@id":"https:\/\/dev.visitparnu.com\/en\/useful-information\/#breadcrumb","itemListElement":[{"@type":"ListItem","position":1,"name":"","item":"https:\/\/dev.visitparnu.com\/en\/avaleht\/"},{"@type":"ListItem","position":2,"name":"Useful information"}]},{"@type":"WebSite","@id":"https:\/\/dev.visitparnu.com\/en\/#website","url":"https:\/\/dev.visitparnu.com\/en\/","name":"Visit P\u00e4rnu","description":"","publisher":{"@id":"https:\/\/dev.visitparnu.com\/en\/#organization"},"potentialAction":[{"@type":"SearchAction","target":{"@type":"EntryPoint","urlTemplate":"https:\/\/dev.visitparnu.com\/en\/?s={search_term_string}"},"query-input":{"@type":"PropertyValueSpecification","valueRequired":true,"valueName":"search_term_string"}}],"inLanguage":"en-US"},{"@type":"Organization","@id":"https:\/\/dev.visitparnu.com\/en\/#organization","name":"Visit P\u00e4rnu","url":"https:\/\/dev.visitparnu.com\/en\/","logo":{"@type":"ImageObject","inLanguage":"en-US","@id":"https:\/\/dev.visitparnu.com\/en\/#\/schema\/logo\/image\/","url":"https:\/\/dev.visitparnu.com\/wp-content\/uploads\/2022\/11\/VP_logo.svg","contentUrl":"https:\/\/dev.visitparnu.com\/wp-content\/uploads\/2022\/11\/VP_logo.svg","width":305,"height":33,"caption":"Visit P\u00e4rnu"},"image":{"@id":"https:\/\/dev.visitparnu.com\/en\/#\/schema\/logo\/image\/"},"sameAs":["https:\/\/www.facebook.com\/visitparnuEE\/","https:\/\/www.youtube.com\/user\/visitparnuestonia\/","https:\/\/www.instagram.com\/visitparnu\/"]}]}},"_links":{"self":[{"href":"https:\/\/dev.visitparnu.com\/en\/wp-json\/wp\/v2\/pages\/4936892","targetHints":{"allow":["GET"]}}],"collection":[{"href":"https:\/\/dev.visitparnu.com\/en\/wp-json\/wp\/v2\/pages"}],"about":[{"href":"https:\/\/dev.visitparnu.com\/en\/wp-json\/wp\/v2\/types\/page"}],"author":[{"embeddable":true,"href":"https:\/\/dev.visitparnu.com\/en\/wp-json\/wp\/v2\/users\/1"}],"replies":[{"embeddable":true,"href":"https:\/\/dev.visitparnu.com\/en\/wp-json\/wp\/v2\/comments?post=4936892"}],"version-history":[{"count":18,"href":"https:\/\/dev.visitparnu.com\/en\/wp-json\/wp\/v2\/pages\/4936892\/revisions"}],"predecessor-version":[{"id":5033128,"href":"https:\/\/dev.visitparnu.com\/en\/wp-json\/wp\/v2\/pages\/4936892\/revisions\/5033128"}],"wp:featuredmedia":[{"embeddable":true,"href":"https:\/\/dev.visitparnu.com\/en\/wp-json\/wp\/v2\/media\/4953876"}],"wp:attachment":[{"href":"https:\/\/dev.visitparnu.com\/en\/wp-json\/wp\/v2\/media?parent=4936892"}],"curies":[{"name":"wp","href":"https:\/\/api.w.org\/{rel}","templated":true}]}}