{"id":4936875,"date":"2018-07-30T18:04:40","date_gmt":"2018-07-30T16:04:40","guid":{"rendered":"https:\/\/dev.visitparnu.com\/events\/"},"modified":"2025-02-20T10:33:35","modified_gmt":"2025-02-20T08:33:35","slug":"events","status":"publish","type":"page","link":"https:\/\/dev.visitparnu.com\/en\/events\/","title":{"rendered":"Events"},"content":{"rendered":"\t\t<div data-elementor-type=\"wp-post\" data-elementor-id=\"4936875\" class=\"elementor elementor-4936875 elementor-4936628\" data-elementor-post-type=\"page\">\n\t\t\t\t<div class=\"elementor-element elementor-element-14df44a e-flex e-con-boxed e-con e-parent\" data-id=\"14df44a\" data-element_type=\"container\">\n\t\t\t\t\t<div class=\"e-con-inner\">\n\t\t<div class=\"elementor-element elementor-element-02a856e e-flex e-con-boxed e-con e-child\" data-id=\"02a856e\" data-element_type=\"container\">\n\t\t\t\t\t<div class=\"e-con-inner\">\n\t\t\t\t<div class=\"elementor-element elementor-element-776929e elementor-widget elementor-widget-text-editor\" data-id=\"776929e\" data-element_type=\"widget\" data-widget_type=\"text-editor.default\">\n\t\t\t\t\t\t\t\t\t<p>Hundreds of different events take place in P\u00e4rnu every year. Larger festivals usually occur during the summer months, but several exciting events are also held outside the warm season. Many grand events take place in the Vallik\u00e4\u00e4r moat park, P\u00e4rnu Concert Hall, Endla Theatre and P\u00e4rnu beach. Visit P\u00e4rnu displays major events happening in both P\u00e4rnu city and county. Get great ideas for planning a weekend getaway or a longer stay in P\u00e4rnu.<\/p>\t\t\t\t\t\t\t\t<\/div>\n\t\t\t\t\t<\/div>\n\t\t\t\t<\/div>\n\t\t\t\t<div class=\"elementor-element elementor-element-3c3ab1d elementor-widget elementor-widget-shortcode\" data-id=\"3c3ab1d\" data-element_type=\"widget\" data-widget_type=\"shortcode.default\">\n\t\t\t\t\t\t\t<div class=\"elementor-shortcode\"><div class=\"page-content-list shortcode-instance\" data-vp-cookie-conf=\"{&quot;post_id_set&quot;:{&quot;name&quot;:&quot;vp_fav_set&quot;,&quot;separator&quot;:&quot;|&quot;,&quot;ttl&quot;:315360000},&quot;hash&quot;:{&quot;name&quot;:&quot;vp_fav_hash&quot;,&quot;ttl&quot;:315360000}}\" data-vp-object-type=\"remote_object_ve\" data-scid=\"68639ed292\" data-tag=\"vp_event\"><div class=\"obj-grid-header-wrapper\"><div class=\"obj-filter\" data-filter-param-set='{\"sectionId\":0,\"categorySet\":[],\"filter\":[],\"object_type\":\"remote_object_ve\",\"hide-filter\":false,\"hide-total\":false,\"hide-footer\":false,\"section\":\"events\",\"category\":\"\",\"event_range\":\"\",\"posts_per_page\":12,\"option\":\"\",\"accessory\":\"\",\"page\":1}'><a aria-label=\"Open filter\" href=\"#\" class=\"open-filters-button global-btn\"><i class=\"fa-light fa-filter-list\"><\/i>Open filter<\/a><\/div><div class=\"filter-modal\"><div class=\"close-modal\"><img decoding=\"async\" alt=\"filter close\" src=\"https:\/\/dev.visitparnu.com\/wp-content\/themes\/VisitParnu2023\/assets\/filter-close.svg\" \/><\/div><div class=\"filter-modal-content\"><h2>Filter<\/h2><a href=\"#\" class=\"close-filters-button global-btn\"> Apply filters<\/a><a class=\"remove-all-filters\" href=\"#\">Filter<\/a><div class=\"modal-column\"><div class=\"filter-group\" data-filter-section=\"categories\"><h3><\/h3><div class=\"filter-item\" data-filter-key=\"114\">Varia<\/div><div class=\"filter-item\" data-filter-key=\"109\">Music<\/div><div class=\"filter-item\" data-filter-key=\"112\">Theater<\/div><div class=\"filter-item\" data-filter-key=\"100000\">Events<\/div><\/div><\/div><\/div><\/div><div class=\"active-filters\"><a href=\"#\" class=\"remove-filters\">Filter<\/a><\/div><\/div><div class=\"grid-total-info\">In total: <div>41<\/div><\/div><div class=\"obj-grid\" data-rowcnt=\"4\" data-rowcntmbl=\"1\" data-object-count-per-load=\"12\" data-all-loaded=\"0\"><a href=\"https:\/\/dev.visitparnu.com\/sundmus\/brahms-ja-beethoven-2\/\" class=\"obj-grid-item\" data-iteration=\"1\" data-post_id=\"5063409\" data-post_type=\"remote_object_pk\"><div class=\"add-to-fav\"><\/div><div class=\"obj-grid-item-img-container image-wrap\"><div class=\"img-black-overlay\"><\/div><img decoding=\"async\" src=\"https:\/\/dev.visitparnu.com\/wp-content\/uploads\/pk\/2025\/11\/1762782422-1507-347x500.jpg\"  alt=\"\" title=\"\" \/><\/div><div class=\"obj-grid-item-container\"><h2>Brahms ja Beethoven<\/h2><div class=\"grid-item-date\"><span class=\"gi-date\">09.04.26<\/span><span class=\"gi-separator\">|<\/span><span class=\"gi-time\">19:00<\/span><\/div><div class=\"meta-info\">Varia<\/div><\/div><\/a><a href=\"https:\/\/dev.visitparnu.com\/sundmus\/jaak-joala-75-galakontsert-lisakontsert-2\/\" class=\"obj-grid-item\" data-iteration=\"2\" data-post_id=\"5063564\" data-post_type=\"remote_object_pk\"><div class=\"add-to-fav\"><\/div><div class=\"obj-grid-item-img-container image-wrap\"><div class=\"img-black-overlay\"><\/div><img decoding=\"async\" src=\"https:\/\/dev.visitparnu.com\/wp-content\/uploads\/pk\/2025\/11\/1764233162-266-347x500.jpg\"  alt=\"\" title=\"\" \/><\/div><div class=\"obj-grid-item-container\"><h2>Jaak Joala 75 galakontsert. Lisakontsert.<\/h2><div class=\"grid-item-date\"><span class=\"gi-date\">16.04.26<\/span><span class=\"gi-separator\">|<\/span><span class=\"gi-time\">19:00<\/span><\/div><div class=\"meta-info\">Music<\/div><\/div><\/a><a href=\"https:\/\/dev.visitparnu.com\/sundmus\/harra-ibrahim-2\/\" class=\"obj-grid-item\" data-iteration=\"3\" data-post_id=\"5063161\" data-post_type=\"remote_object_pk\"><div class=\"add-to-fav\"><\/div><div class=\"obj-grid-item-img-container image-wrap\"><div class=\"img-black-overlay\"><\/div><img decoding=\"async\" src=\"https:\/\/dev.visitparnu.com\/wp-content\/uploads\/pk\/2025\/10\/1760528765-9165-347x500.jpg\"  alt=\"\" title=\"\" \/><\/div><div class=\"obj-grid-item-container\"><h2>H\u00e4rra Ibrahim<\/h2><div class=\"grid-item-date\"><span class=\"gi-date\">19.04.26<\/span><span class=\"gi-separator\">|<\/span><span class=\"gi-time\">16:00<\/span><\/div><div class=\"meta-info\">Theater<\/div><\/div><\/a><a href=\"https:\/\/dev.visitparnu.com\/sundmus\/haal-minu-sees-2\/\" class=\"obj-grid-item\" data-iteration=\"4\" data-post_id=\"5065472\" data-post_type=\"remote_object_pk\"><div class=\"add-to-fav\"><\/div><div class=\"obj-grid-item-img-container image-wrap\"><div class=\"img-black-overlay\"><\/div><img decoding=\"async\" src=\"https:\/\/dev.visitparnu.com\/wp-content\/uploads\/pk\/2025\/12\/1764578765-2908-347x500.jpg\"  alt=\"\" title=\"\" \/><\/div><div class=\"obj-grid-item-container\"><h2>H\u00e4\u00e4l minu sees<\/h2><div class=\"grid-item-date\"><span class=\"gi-date\">20.04.26<\/span><span class=\"gi-separator\">|<\/span><span class=\"gi-time\">19:00<\/span><\/div><div class=\"meta-info\">Theater<\/div><\/div><\/a><a href=\"https:\/\/dev.visitparnu.com\/sundmus\/muusikalid-labi-aegade-riivo-jogi-ansambel-ludigi-saali-kevadhooaeg-2026-2\/\" class=\"obj-grid-item\" data-iteration=\"5\" data-post_id=\"5062504\" data-post_type=\"remote_object_pk\"><div class=\"add-to-fav\"><\/div><div class=\"obj-grid-item-img-container image-wrap\"><div class=\"img-black-overlay\"><\/div><img decoding=\"async\" src=\"https:\/\/dev.visitparnu.com\/wp-content\/uploads\/pk\/2025\/11\/1762022762-7430-500x262.jpg\"  alt=\"\" title=\"\" \/><\/div><div class=\"obj-grid-item-container\"><h2>''Muusikalid l\u00e4bi aegade'' Riivo J\u00f5gi ansambel \/ L\u00fcdigi saali kevadhooaeg 2026<\/h2><div class=\"grid-item-date\"><span class=\"gi-date\">25.04.26<\/span><span class=\"gi-separator\">|<\/span><span class=\"gi-time\">19:00<\/span><\/div><div class=\"meta-info\">Music<\/div><\/div><\/a><a href=\"https:\/\/dev.visitparnu.com\/objekt\/striidikooli-kevadjooks-2\/\" class=\"obj-grid-item\" data-iteration=\"6\" data-post_id=\"5070136\" data-post_type=\"remote_object_ve\"><div class=\"add-to-fav\"><\/div><div class=\"obj-grid-item-img-container image-wrap\"><div class=\"img-black-overlay\"><\/div><\/div><div class=\"obj-grid-item-container\"><h2>Striidikooli kevadjooks<\/h2><div class=\"grid-item-date\"><span class=\"gi-date\">26.04.26<\/span><\/div><div class=\"meta-info\">Events<\/div><\/div><\/a><a href=\"https:\/\/dev.visitparnu.com\/sundmus\/sugissonaat-rakvere-teater-2\/\" class=\"obj-grid-item\" data-iteration=\"7\" data-post_id=\"5065493\" data-post_type=\"remote_object_pk\"><div class=\"add-to-fav\"><\/div><div class=\"obj-grid-item-img-container image-wrap\"><div class=\"img-black-overlay\"><\/div><img decoding=\"async\" src=\"https:\/\/dev.visitparnu.com\/wp-content\/uploads\/pk\/2025\/12\/1764578766-1689-353x500.jpg\"  alt=\"\" title=\"\" \/><\/div><div class=\"obj-grid-item-container\"><h2>S\u00fcgissonaat \/ Rakvere Teater<\/h2><div class=\"grid-item-date\"><span class=\"gi-date\">27.04.26<\/span><span class=\"gi-separator\">|<\/span><span class=\"gi-time\">19:00<\/span><\/div><div class=\"meta-info\">Theater<\/div><\/div><\/a><a href=\"https:\/\/dev.visitparnu.com\/sundmus\/komoodia-kahes-vaatuses-duetid-4\/\" class=\"obj-grid-item\" data-iteration=\"8\" data-post_id=\"5064603\" data-post_type=\"remote_object_pk\"><div class=\"add-to-fav\"><\/div><div class=\"obj-grid-item-img-container image-wrap\"><div class=\"img-black-overlay\"><\/div><img decoding=\"async\" src=\"https:\/\/dev.visitparnu.com\/wp-content\/uploads\/pk\/2025\/11\/1762775223-8643-346x500.jpg\"  alt=\"\" title=\"\" \/><\/div><div class=\"obj-grid-item-container\"><h2>Kom\u00f6\u00f6dia kahes vaatuses ''Duetid''<\/h2><div class=\"grid-item-date\"><span class=\"gi-date\">27.04.26<\/span><span class=\"gi-separator\">|<\/span><span class=\"gi-time\">19:00<\/span><\/div><div class=\"meta-info\">Music<\/div><div class=\"meta-info\">Theater<\/div><\/div><\/a><a href=\"https:\/\/dev.visitparnu.com\/sundmus\/stegreif-freeroica-parnu-kontserdimaja-hooaja-loppkontsert\/\" class=\"obj-grid-item\" data-iteration=\"9\" data-post_id=\"5065547\" data-post_type=\"remote_object_pk\"><div class=\"add-to-fav\"><\/div><div class=\"obj-grid-item-img-container image-wrap\"><div class=\"img-black-overlay\"><\/div><img decoding=\"async\" src=\"https:\/\/dev.visitparnu.com\/wp-content\/uploads\/pk\/2025\/12\/1764679563-5464-347x500.jpg\"  alt=\"\" title=\"\" \/><\/div><div class=\"obj-grid-item-container\"><h2>STEGREIF. freeroica. P\u00e4rnu kontserdimaja hooaja l\u00f5ppkontsert<\/h2><div class=\"grid-item-date\"><span class=\"gi-date\">29.04.26<\/span><span class=\"gi-separator\">|<\/span><span class=\"gi-time\">19:00<\/span><\/div><div class=\"meta-info\">Music<\/div><\/div><\/a><a href=\"https:\/\/dev.visitparnu.com\/objekt\/takupaev-tori-hobusekasvanduses-2\/\" class=\"obj-grid-item\" data-iteration=\"10\" data-post_id=\"5070156\" data-post_type=\"remote_object_ve\"><div class=\"add-to-fav\"><\/div><div class=\"obj-grid-item-img-container image-wrap\"><div class=\"img-black-overlay\"><\/div><\/div><div class=\"obj-grid-item-container\"><h2>T\u00e4kup\u00e4ev Tori Hobusekasvanduses<\/h2><div class=\"grid-item-date\"><span class=\"gi-date\">01.05.26<\/span><\/div><div class=\"meta-info\">Events<\/div><\/div><\/a><a href=\"https:\/\/dev.visitparnu.com\/objekt\/xi-kihnu-raimeretk-2\/\" class=\"obj-grid-item\" data-iteration=\"11\" data-post_id=\"5070166\" data-post_type=\"remote_object_ve\"><div class=\"add-to-fav\"><\/div><div class=\"obj-grid-item-img-container image-wrap\"><div class=\"img-black-overlay\"><\/div><\/div><div class=\"obj-grid-item-container\"><h2>XI KIHNU R\u00c4IMERETK<\/h2><div class=\"grid-item-date\"><span class=\"gi-date\">02.05.26<\/span><\/div><div class=\"meta-info\">Events<\/div><\/div><\/a><a href=\"https:\/\/dev.visitparnu.com\/sundmus\/kolm-meest-naine-ja-eurovisioon-2\/\" class=\"obj-grid-item\" data-iteration=\"12\" data-post_id=\"5065383\" data-post_type=\"remote_object_pk\"><div class=\"add-to-fav\"><\/div><div class=\"obj-grid-item-img-container image-wrap\"><div class=\"img-black-overlay\"><\/div><img decoding=\"async\" src=\"https:\/\/dev.visitparnu.com\/wp-content\/uploads\/pk\/2025\/11\/1764323225-5148-347x500.jpg\"  alt=\"\" title=\"\" \/><\/div><div class=\"obj-grid-item-container\"><h2>Kolm meest, naine ja Eurovisioon<\/h2><div class=\"grid-item-date\"><span class=\"gi-date\">03.05.26<\/span><span class=\"gi-separator\">|<\/span><span class=\"gi-time\">19:00<\/span><\/div><div class=\"meta-info\">Music<\/div><\/div><\/a><img decoding=\"async\" alt=\"loading\" class=\"obj-grid-loading\" src=\"https:\/\/dev.visitparnu.com\/wp-content\/themes\/VisitParnu2023\/assets\/loading.gif\" \/><\/div><div class=\"obj-grid-footer\"><div class=\"\"><\/div><a href=\"#\" class=\"global-btn load-more-button\">Show more (<div>29<\/div>)<\/a><\/div><\/div><\/div>\n\t\t\t\t\t\t<\/div>\n\t\t\t\t\t<\/div>\n\t\t\t\t<\/div>\n\t\t\t\t<\/div>\n\t\t","protected":false},"excerpt":{"rendered":"<p>Hundreds of different events take place in P\u00e4rnu every year. Larger festivals usually occur during the summer months, but several exciting events are also held outside the warm season. Many grand events take place in the Vallik\u00e4\u00e4r moat park, P\u00e4rnu Concert Hall, Endla Theatre and P\u00e4rnu beach. Visit P\u00e4rnu displays major events happening in both [&hellip;]<\/p>\n","protected":false},"author":1,"featured_media":4944638,"parent":0,"menu_order":0,"comment_status":"closed","ping_status":"closed","template":"","meta":{"_acf_changed":false,"footnotes":""},"class_list":["post-4936875","page","type-page","status-publish","has-post-thumbnail","hentry"],"acf":[],"yoast_head":"<!-- This site is optimized with the Yoast SEO plugin v26.5 - https:\/\/yoast.com\/wordpress\/plugins\/seo\/ -->\n<title>Events - Visit P\u00e4rnu<\/title>\n<meta name=\"robots\" content=\"noindex, follow, max-snippet:-1, max-image-preview:large, max-video-preview:-1\" \/>\n<meta property=\"og:locale\" content=\"en_US\" \/>\n<meta property=\"og:type\" content=\"article\" \/>\n<meta property=\"og:title\" content=\"Events - Visit P\u00e4rnu\" \/>\n<meta property=\"og:description\" content=\"Hundreds of different events take place in P\u00e4rnu every year. Larger festivals usually occur during the summer months, but several exciting events are also held outside the warm season. Many grand events take place in the Vallik\u00e4\u00e4r moat park, P\u00e4rnu Concert Hall, Endla Theatre and P\u00e4rnu beach. Visit P\u00e4rnu displays major events happening in both [&hellip;]\" \/>\n<meta property=\"og:url\" content=\"https:\/\/dev.visitparnu.com\/en\/events\/\" \/>\n<meta property=\"og:site_name\" content=\"Visit P\u00e4rnu\" \/>\n<meta property=\"article:publisher\" content=\"https:\/\/www.facebook.com\/visitparnuEE\/\" \/>\n<meta property=\"article:modified_time\" content=\"2025-02-20T08:33:35+00:00\" \/>\n<meta property=\"og:image\" content=\"https:\/\/dev.visitparnu.com\/wp-content\/uploads\/2023\/01\/Parnu-uritused.jpg\" \/>\n\t<meta property=\"og:image:width\" content=\"1732\" \/>\n\t<meta property=\"og:image:height\" content=\"1154\" \/>\n\t<meta property=\"og:image:type\" content=\"image\/jpeg\" \/>\n<meta name=\"twitter:card\" content=\"summary_large_image\" \/>\n<script type=\"application\/ld+json\" class=\"yoast-schema-graph\">{\"@context\":\"https:\/\/schema.org\",\"@graph\":[{\"@type\":\"WebPage\",\"@id\":\"https:\/\/dev.visitparnu.com\/en\/events\/\",\"url\":\"https:\/\/dev.visitparnu.com\/en\/events\/\",\"name\":\"Events - Visit P\u00e4rnu\",\"isPartOf\":{\"@id\":\"https:\/\/dev.visitparnu.com\/en\/#website\"},\"primaryImageOfPage\":{\"@id\":\"https:\/\/dev.visitparnu.com\/en\/events\/#primaryimage\"},\"image\":{\"@id\":\"https:\/\/dev.visitparnu.com\/en\/events\/#primaryimage\"},\"thumbnailUrl\":\"https:\/\/dev.visitparnu.com\/wp-content\/uploads\/2023\/01\/Parnu-uritused.jpg\",\"datePublished\":\"2018-07-30T16:04:40+00:00\",\"dateModified\":\"2025-02-20T08:33:35+00:00\",\"breadcrumb\":{\"@id\":\"https:\/\/dev.visitparnu.com\/en\/events\/#breadcrumb\"},\"inLanguage\":\"en-US\",\"potentialAction\":[{\"@type\":\"ReadAction\",\"target\":[\"https:\/\/dev.visitparnu.com\/en\/events\/\"]}]},{\"@type\":\"ImageObject\",\"inLanguage\":\"en-US\",\"@id\":\"https:\/\/dev.visitparnu.com\/en\/events\/#primaryimage\",\"url\":\"https:\/\/dev.visitparnu.com\/wp-content\/uploads\/2023\/01\/Parnu-uritused.jpg\",\"contentUrl\":\"https:\/\/dev.visitparnu.com\/wp-content\/uploads\/2023\/01\/Parnu-uritused.jpg\",\"width\":1732,\"height\":1154},{\"@type\":\"BreadcrumbList\",\"@id\":\"https:\/\/dev.visitparnu.com\/en\/events\/#breadcrumb\",\"itemListElement\":[{\"@type\":\"ListItem\",\"position\":1,\"name\":\"\",\"item\":\"https:\/\/dev.visitparnu.com\/en\/avaleht\/\"},{\"@type\":\"ListItem\",\"position\":2,\"name\":\"Events\"}]},{\"@type\":\"WebSite\",\"@id\":\"https:\/\/dev.visitparnu.com\/en\/#website\",\"url\":\"https:\/\/dev.visitparnu.com\/en\/\",\"name\":\"Visit P\u00e4rnu\",\"description\":\"\",\"publisher\":{\"@id\":\"https:\/\/dev.visitparnu.com\/en\/#organization\"},\"potentialAction\":[{\"@type\":\"SearchAction\",\"target\":{\"@type\":\"EntryPoint\",\"urlTemplate\":\"https:\/\/dev.visitparnu.com\/en\/?s={search_term_string}\"},\"query-input\":{\"@type\":\"PropertyValueSpecification\",\"valueRequired\":true,\"valueName\":\"search_term_string\"}}],\"inLanguage\":\"en-US\"},{\"@type\":\"Organization\",\"@id\":\"https:\/\/dev.visitparnu.com\/en\/#organization\",\"name\":\"Visit P\u00e4rnu\",\"url\":\"https:\/\/dev.visitparnu.com\/en\/\",\"logo\":{\"@type\":\"ImageObject\",\"inLanguage\":\"en-US\",\"@id\":\"https:\/\/dev.visitparnu.com\/en\/#\/schema\/logo\/image\/\",\"url\":\"https:\/\/dev.visitparnu.com\/wp-content\/uploads\/2022\/11\/VP_logo.svg\",\"contentUrl\":\"https:\/\/dev.visitparnu.com\/wp-content\/uploads\/2022\/11\/VP_logo.svg\",\"width\":305,\"height\":33,\"caption\":\"Visit P\u00e4rnu\"},\"image\":{\"@id\":\"https:\/\/dev.visitparnu.com\/en\/#\/schema\/logo\/image\/\"},\"sameAs\":[\"https:\/\/www.facebook.com\/visitparnuEE\/\",\"https:\/\/www.youtube.com\/user\/visitparnuestonia\/\",\"https:\/\/www.instagram.com\/visitparnu\/\"]}]}<\/script>\n<!-- \/ Yoast SEO plugin. -->","yoast_head_json":{"title":"Events - Visit P\u00e4rnu","robots":{"index":"noindex","follow":"follow","max-snippet":"max-snippet:-1","max-image-preview":"max-image-preview:large","max-video-preview":"max-video-preview:-1"},"og_locale":"en_US","og_type":"article","og_title":"Events - Visit P\u00e4rnu","og_description":"Hundreds of different events take place in P\u00e4rnu every year. Larger festivals usually occur during the summer months, but several exciting events are also held outside the warm season. Many grand events take place in the Vallik\u00e4\u00e4r moat park, P\u00e4rnu Concert Hall, Endla Theatre and P\u00e4rnu beach. Visit P\u00e4rnu displays major events happening in both [&hellip;]","og_url":"https:\/\/dev.visitparnu.com\/en\/events\/","og_site_name":"Visit P\u00e4rnu","article_publisher":"https:\/\/www.facebook.com\/visitparnuEE\/","article_modified_time":"2025-02-20T08:33:35+00:00","og_image":[{"width":1732,"height":1154,"url":"https:\/\/dev.visitparnu.com\/wp-content\/uploads\/2023\/01\/Parnu-uritused.jpg","type":"image\/jpeg"}],"twitter_card":"summary_large_image","schema":{"@context":"https:\/\/schema.org","@graph":[{"@type":"WebPage","@id":"https:\/\/dev.visitparnu.com\/en\/events\/","url":"https:\/\/dev.visitparnu.com\/en\/events\/","name":"Events - Visit P\u00e4rnu","isPartOf":{"@id":"https:\/\/dev.visitparnu.com\/en\/#website"},"primaryImageOfPage":{"@id":"https:\/\/dev.visitparnu.com\/en\/events\/#primaryimage"},"image":{"@id":"https:\/\/dev.visitparnu.com\/en\/events\/#primaryimage"},"thumbnailUrl":"https:\/\/dev.visitparnu.com\/wp-content\/uploads\/2023\/01\/Parnu-uritused.jpg","datePublished":"2018-07-30T16:04:40+00:00","dateModified":"2025-02-20T08:33:35+00:00","breadcrumb":{"@id":"https:\/\/dev.visitparnu.com\/en\/events\/#breadcrumb"},"inLanguage":"en-US","potentialAction":[{"@type":"ReadAction","target":["https:\/\/dev.visitparnu.com\/en\/events\/"]}]},{"@type":"ImageObject","inLanguage":"en-US","@id":"https:\/\/dev.visitparnu.com\/en\/events\/#primaryimage","url":"https:\/\/dev.visitparnu.com\/wp-content\/uploads\/2023\/01\/Parnu-uritused.jpg","contentUrl":"https:\/\/dev.visitparnu.com\/wp-content\/uploads\/2023\/01\/Parnu-uritused.jpg","width":1732,"height":1154},{"@type":"BreadcrumbList","@id":"https:\/\/dev.visitparnu.com\/en\/events\/#breadcrumb","itemListElement":[{"@type":"ListItem","position":1,"name":"","item":"https:\/\/dev.visitparnu.com\/en\/avaleht\/"},{"@type":"ListItem","position":2,"name":"Events"}]},{"@type":"WebSite","@id":"https:\/\/dev.visitparnu.com\/en\/#website","url":"https:\/\/dev.visitparnu.com\/en\/","name":"Visit P\u00e4rnu","description":"","publisher":{"@id":"https:\/\/dev.visitparnu.com\/en\/#organization"},"potentialAction":[{"@type":"SearchAction","target":{"@type":"EntryPoint","urlTemplate":"https:\/\/dev.visitparnu.com\/en\/?s={search_term_string}"},"query-input":{"@type":"PropertyValueSpecification","valueRequired":true,"valueName":"search_term_string"}}],"inLanguage":"en-US"},{"@type":"Organization","@id":"https:\/\/dev.visitparnu.com\/en\/#organization","name":"Visit P\u00e4rnu","url":"https:\/\/dev.visitparnu.com\/en\/","logo":{"@type":"ImageObject","inLanguage":"en-US","@id":"https:\/\/dev.visitparnu.com\/en\/#\/schema\/logo\/image\/","url":"https:\/\/dev.visitparnu.com\/wp-content\/uploads\/2022\/11\/VP_logo.svg","contentUrl":"https:\/\/dev.visitparnu.com\/wp-content\/uploads\/2022\/11\/VP_logo.svg","width":305,"height":33,"caption":"Visit P\u00e4rnu"},"image":{"@id":"https:\/\/dev.visitparnu.com\/en\/#\/schema\/logo\/image\/"},"sameAs":["https:\/\/www.facebook.com\/visitparnuEE\/","https:\/\/www.youtube.com\/user\/visitparnuestonia\/","https:\/\/www.instagram.com\/visitparnu\/"]}]}},"_links":{"self":[{"href":"https:\/\/dev.visitparnu.com\/en\/wp-json\/wp\/v2\/pages\/4936875","targetHints":{"allow":["GET"]}}],"collection":[{"href":"https:\/\/dev.visitparnu.com\/en\/wp-json\/wp\/v2\/pages"}],"about":[{"href":"https:\/\/dev.visitparnu.com\/en\/wp-json\/wp\/v2\/types\/page"}],"author":[{"embeddable":true,"href":"https:\/\/dev.visitparnu.com\/en\/wp-json\/wp\/v2\/users\/1"}],"replies":[{"embeddable":true,"href":"https:\/\/dev.visitparnu.com\/en\/wp-json\/wp\/v2\/comments?post=4936875"}],"version-history":[{"count":26,"href":"https:\/\/dev.visitparnu.com\/en\/wp-json\/wp\/v2\/pages\/4936875\/revisions"}],"predecessor-version":[{"id":5044653,"href":"https:\/\/dev.visitparnu.com\/en\/wp-json\/wp\/v2\/pages\/4936875\/revisions\/5044653"}],"wp:featuredmedia":[{"embeddable":true,"href":"https:\/\/dev.visitparnu.com\/en\/wp-json\/wp\/v2\/media\/4944638"}],"wp:attachment":[{"href":"https:\/\/dev.visitparnu.com\/en\/wp-json\/wp\/v2\/media?parent=4936875"}],"curies":[{"name":"wp","href":"https:\/\/api.w.org\/{rel}","templated":true}]}}